{"id":8845,"date":"2015-10-27T12:21:45","date_gmt":"2015-10-27T12:21:45","guid":{"rendered":"http:\/\/www.clinicaginecologica.org\/en\/?page_id=8845"},"modified":"2017-11-27T10:52:03","modified_gmt":"2017-11-27T09:52:03","slug":"pathologies","status":"publish","type":"page","link":"https:\/\/www.clinicaginecologica.org\/en\/pathologies\/","title":{"rendered":"Pathologies"},"content":{"rendered":"<p style=\"text-align: justify\">There are several gynecological pathologies that can affect women. Cl\u00ednica Ginecol\u00f2gica studies each particular case, and tries to provide the most fast and effective solutions possible. In Cl\u00ednica Ginecol\u00f3gica <strong>we are specialized in the diagnosis and treatment of these pathologies:<\/strong><\/p>\n","protected":false},"excerpt":{"rendered":"<p>There are several gynecological pathologies that can affect women. Cl\u00ednica Ginecol\u00f2gica studies each particular case, and tries to provide the most fast and effective solutions possible. In Cl\u00ednica Ginecol\u00f3gica we are specialized in the diagnosis and treatment of these pathologies:<\/p>\n","protected":false},"author":1,"featured_media":7682,"parent":0,"menu_order":0,"comment_status":"open","ping_status":"open","template":"tpl-patologias.php","meta":{"_joinchat":[],"footnotes":""},"class_list":["post-8845","page","type-page","status-publish","has-post-thumbnail","hentry"],"yoast_head":"<!-- This site is optimized with the Yoast SEO plugin v26.3 - https:\/\/yoast.com\/wordpress\/plugins\/seo\/ -->\n<title>Pathologies - Gynecological Clinic<\/title>\n<meta name=\"robots\" content=\"index, follow, max-snippet:-1, max-image-preview:large, max-video-preview:-1\" \/>\n<link rel=\"canonical\" href=\"https:\/\/www.clinicaginecologica.org\/en\/pathologies\/\" \/>\n<meta property=\"og:locale\" content=\"en_GB\" \/>\n<meta property=\"og:type\" content=\"article\" \/>\n<meta property=\"og:title\" content=\"Pathologies - Gynecological Clinic\" \/>\n<meta property=\"og:description\" content=\"There are several gynecological pathologies that can affect women. Cl\u00ednica Ginecol\u00f2gica studies each particular case, and tries to provide the most fast and effective solutions possible. In Cl\u00ednica Ginecol\u00f3gica we are specialized in the diagnosis and treatment of these pathologies:\" \/>\n<meta property=\"og:url\" content=\"https:\/\/www.clinicaginecologica.org\/en\/pathologies\/\" \/>\n<meta property=\"og:site_name\" content=\"Gynecological Clinic\" \/>\n<meta property=\"article:modified_time\" content=\"2017-11-27T09:52:03+00:00\" \/>\n<meta property=\"og:image\" content=\"https:\/\/www.clinicaginecologica.org\/en\/wp-content\/uploads\/sites\/3\/2015\/02\/la-foto2.jpg\" \/>\n\t<meta property=\"og:image:width\" content=\"800\" \/>\n\t<meta property=\"og:image:height\" content=\"600\" \/>\n\t<meta property=\"og:image:type\" content=\"image\/jpeg\" \/>\n<meta name=\"twitter:card\" content=\"summary_large_image\" \/>\n<script type=\"application\/ld+json\" class=\"yoast-schema-graph\">{\"@context\":\"https:\/\/schema.org\",\"@graph\":[{\"@type\":\"WebPage\",\"@id\":\"https:\/\/www.clinicaginecologica.org\/en\/pathologies\/\",\"url\":\"https:\/\/www.clinicaginecologica.org\/en\/pathologies\/\",\"name\":\"Pathologies - Gynecological Clinic\",\"isPartOf\":{\"@id\":\"https:\/\/www.clinicaginecologica.org\/en\/#website\"},\"primaryImageOfPage\":{\"@id\":\"https:\/\/www.clinicaginecologica.org\/en\/pathologies\/#primaryimage\"},\"image\":{\"@id\":\"https:\/\/www.clinicaginecologica.org\/en\/pathologies\/#primaryimage\"},\"thumbnailUrl\":\"https:\/\/www.clinicaginecologica.org\/en\/wp-content\/uploads\/sites\/3\/2015\/02\/la-foto2.jpg\",\"datePublished\":\"2015-10-27T12:21:45+00:00\",\"dateModified\":\"2017-11-27T09:52:03+00:00\",\"breadcrumb\":{\"@id\":\"https:\/\/www.clinicaginecologica.org\/en\/pathologies\/#breadcrumb\"},\"inLanguage\":\"en-GB\",\"potentialAction\":[{\"@type\":\"ReadAction\",\"target\":[\"https:\/\/www.clinicaginecologica.org\/en\/pathologies\/\"]}]},{\"@type\":\"ImageObject\",\"inLanguage\":\"en-GB\",\"@id\":\"https:\/\/www.clinicaginecologica.org\/en\/pathologies\/#primaryimage\",\"url\":\"https:\/\/www.clinicaginecologica.org\/en\/wp-content\/uploads\/sites\/3\/2015\/02\/la-foto2.jpg\",\"contentUrl\":\"https:\/\/www.clinicaginecologica.org\/en\/wp-content\/uploads\/sites\/3\/2015\/02\/la-foto2.jpg\",\"width\":800,\"height\":600},{\"@type\":\"BreadcrumbList\",\"@id\":\"https:\/\/www.clinicaginecologica.org\/en\/pathologies\/#breadcrumb\",\"itemListElement\":[{\"@type\":\"ListItem\",\"position\":1,\"name\":\"Portada\",\"item\":\"https:\/\/www.clinicaginecologica.org\/en\/\"},{\"@type\":\"ListItem\",\"position\":2,\"name\":\"Pathologies\"}]},{\"@type\":\"WebSite\",\"@id\":\"https:\/\/www.clinicaginecologica.org\/en\/#website\",\"url\":\"https:\/\/www.clinicaginecologica.org\/en\/\",\"name\":\"Gynecological Clinic\",\"description\":\"Your gynecologist in Barcelona\",\"potentialAction\":[{\"@type\":\"SearchAction\",\"target\":{\"@type\":\"EntryPoint\",\"urlTemplate\":\"https:\/\/www.clinicaginecologica.org\/en\/?s={search_term_string}\"},\"query-input\":{\"@type\":\"PropertyValueSpecification\",\"valueRequired\":true,\"valueName\":\"search_term_string\"}}],\"inLanguage\":\"en-GB\"}]}<\/script>\n<!-- \/ Yoast SEO plugin. -->","yoast_head_json":{"title":"Pathologies - Gynecological Clinic","robots":{"index":"index","follow":"follow","max-snippet":"max-snippet:-1","max-image-preview":"max-image-preview:large","max-video-preview":"max-video-preview:-1"},"canonical":"https:\/\/www.clinicaginecologica.org\/en\/pathologies\/","og_locale":"en_GB","og_type":"article","og_title":"Pathologies - Gynecological Clinic","og_description":"There are several gynecological pathologies that can affect women. Cl\u00ednica Ginecol\u00f2gica studies each particular case, and tries to provide the most fast and effective solutions possible. In Cl\u00ednica Ginecol\u00f3gica we are specialized in the diagnosis and treatment of these pathologies:","og_url":"https:\/\/www.clinicaginecologica.org\/en\/pathologies\/","og_site_name":"Gynecological Clinic","article_modified_time":"2017-11-27T09:52:03+00:00","og_image":[{"width":800,"height":600,"url":"https:\/\/www.clinicaginecologica.org\/en\/wp-content\/uploads\/sites\/3\/2015\/02\/la-foto2.jpg","type":"image\/jpeg"}],"twitter_card":"summary_large_image","schema":{"@context":"https:\/\/schema.org","@graph":[{"@type":"WebPage","@id":"https:\/\/www.clinicaginecologica.org\/en\/pathologies\/","url":"https:\/\/www.clinicaginecologica.org\/en\/pathologies\/","name":"Pathologies - Gynecological Clinic","isPartOf":{"@id":"https:\/\/www.clinicaginecologica.org\/en\/#website"},"primaryImageOfPage":{"@id":"https:\/\/www.clinicaginecologica.org\/en\/pathologies\/#primaryimage"},"image":{"@id":"https:\/\/www.clinicaginecologica.org\/en\/pathologies\/#primaryimage"},"thumbnailUrl":"https:\/\/www.clinicaginecologica.org\/en\/wp-content\/uploads\/sites\/3\/2015\/02\/la-foto2.jpg","datePublished":"2015-10-27T12:21:45+00:00","dateModified":"2017-11-27T09:52:03+00:00","breadcrumb":{"@id":"https:\/\/www.clinicaginecologica.org\/en\/pathologies\/#breadcrumb"},"inLanguage":"en-GB","potentialAction":[{"@type":"ReadAction","target":["https:\/\/www.clinicaginecologica.org\/en\/pathologies\/"]}]},{"@type":"ImageObject","inLanguage":"en-GB","@id":"https:\/\/www.clinicaginecologica.org\/en\/pathologies\/#primaryimage","url":"https:\/\/www.clinicaginecologica.org\/en\/wp-content\/uploads\/sites\/3\/2015\/02\/la-foto2.jpg","contentUrl":"https:\/\/www.clinicaginecologica.org\/en\/wp-content\/uploads\/sites\/3\/2015\/02\/la-foto2.jpg","width":800,"height":600},{"@type":"BreadcrumbList","@id":"https:\/\/www.clinicaginecologica.org\/en\/pathologies\/#breadcrumb","itemListElement":[{"@type":"ListItem","position":1,"name":"Portada","item":"https:\/\/www.clinicaginecologica.org\/en\/"},{"@type":"ListItem","position":2,"name":"Pathologies"}]},{"@type":"WebSite","@id":"https:\/\/www.clinicaginecologica.org\/en\/#website","url":"https:\/\/www.clinicaginecologica.org\/en\/","name":"Gynecological Clinic","description":"Your gynecologist in Barcelona","potentialAction":[{"@type":"SearchAction","target":{"@type":"EntryPoint","urlTemplate":"https:\/\/www.clinicaginecologica.org\/en\/?s={search_term_string}"},"query-input":{"@type":"PropertyValueSpecification","valueRequired":true,"valueName":"search_term_string"}}],"inLanguage":"en-GB"}]}},"_links":{"self":[{"href":"https:\/\/www.clinicaginecologica.org\/en\/wp-json\/wp\/v2\/pages\/8845","targetHints":{"allow":["GET"]}}],"collection":[{"href":"https:\/\/www.clinicaginecologica.org\/en\/wp-json\/wp\/v2\/pages"}],"about":[{"href":"https:\/\/www.clinicaginecologica.org\/en\/wp-json\/wp\/v2\/types\/page"}],"author":[{"embeddable":true,"href":"https:\/\/www.clinicaginecologica.org\/en\/wp-json\/wp\/v2\/users\/1"}],"replies":[{"embeddable":true,"href":"https:\/\/www.clinicaginecologica.org\/en\/wp-json\/wp\/v2\/comments?post=8845"}],"version-history":[{"count":2,"href":"https:\/\/www.clinicaginecologica.org\/en\/wp-json\/wp\/v2\/pages\/8845\/revisions"}],"predecessor-version":[{"id":11049,"href":"https:\/\/www.clinicaginecologica.org\/en\/wp-json\/wp\/v2\/pages\/8845\/revisions\/11049"}],"wp:featuredmedia":[{"embeddable":true,"href":"https:\/\/www.clinicaginecologica.org\/en\/wp-json\/wp\/v2\/media\/7682"}],"wp:attachment":[{"href":"https:\/\/www.clinicaginecologica.org\/en\/wp-json\/wp\/v2\/media?parent=8845"}],"curies":[{"name":"wp","href":"https:\/\/api.w.org\/{rel}","templated":true}]}}