{"id":9226,"date":"2015-12-02T12:59:19","date_gmt":"2015-12-02T11:59:19","guid":{"rendered":"http:\/\/www.clinicaginecologica.org\/ca\/?page_id=9226"},"modified":"2017-11-21T11:47:41","modified_gmt":"2017-11-21T10:47:41","slug":"tractaments","status":"publish","type":"page","link":"https:\/\/www.clinicaginecologica.org\/ca\/tractaments\/","title":{"rendered":"Tractaments"},"content":{"rendered":"<p style=\"text-align: justify\">A Cl\u00ednica Ginecol\u00f2gica som experts en els seg\u00fcents tipus de tractaments.\u00a0 Sempre personalitzats per a cadascuna de les nostres pacients per tal d\u2019oferir una major soluci\u00f3.<\/p>\n","protected":false},"excerpt":{"rendered":"<p>A Cl\u00ednica Ginecol\u00f2gica som experts en els seg\u00fcents tipus de tractaments.\u00a0 Sempre personalitzats per a cadascuna de les nostres pacients per tal d\u2019oferir una major soluci\u00f3.<\/p>\n","protected":false},"author":5,"featured_media":9418,"parent":0,"menu_order":0,"comment_status":"open","ping_status":"open","template":"tpl-tratamientos.php","meta":{"_joinchat":[],"footnotes":""},"class_list":["post-9226","page","type-page","status-publish","has-post-thumbnail","hentry"],"yoast_head":"<!-- This site is optimized with the Yoast SEO plugin v26.3 - https:\/\/yoast.com\/wordpress\/plugins\/seo\/ -->\n<title>Tractaments - Cl\u00ednica Ginecol\u00f2gica<\/title>\n<meta name=\"robots\" content=\"index, follow, max-snippet:-1, max-image-preview:large, max-video-preview:-1\" \/>\n<link rel=\"canonical\" href=\"https:\/\/www.clinicaginecologica.org\/ca\/tractaments\/\" \/>\n<meta property=\"og:locale\" content=\"ca_ES\" \/>\n<meta property=\"og:type\" content=\"article\" \/>\n<meta property=\"og:title\" content=\"Tractaments - Cl\u00ednica Ginecol\u00f2gica\" \/>\n<meta property=\"og:description\" content=\"A Cl\u00ednica Ginecol\u00f2gica som experts en els seg\u00fcents tipus de tractaments.\u00a0 Sempre personalitzats per a cadascuna de les nostres pacients per tal d\u2019oferir una major soluci\u00f3.\" \/>\n<meta property=\"og:url\" content=\"https:\/\/www.clinicaginecologica.org\/ca\/tractaments\/\" \/>\n<meta property=\"og:site_name\" content=\"Cl\u00ednica Ginecol\u00f2gica\" \/>\n<meta property=\"article:modified_time\" content=\"2017-11-21T10:47:41+00:00\" \/>\n<meta property=\"og:image\" content=\"https:\/\/www.clinicaginecologica.org\/ca\/wp-content\/uploads\/sites\/2\/2016\/03\/endometriosis-laparo1-e1458564445912-1024x573.jpg\" \/>\n\t<meta property=\"og:image:width\" content=\"1024\" \/>\n\t<meta property=\"og:image:height\" content=\"573\" \/>\n\t<meta property=\"og:image:type\" content=\"image\/jpeg\" \/>\n<meta name=\"twitter:card\" content=\"summary_large_image\" \/>\n<script type=\"application\/ld+json\" class=\"yoast-schema-graph\">{\"@context\":\"https:\/\/schema.org\",\"@graph\":[{\"@type\":\"WebPage\",\"@id\":\"https:\/\/www.clinicaginecologica.org\/ca\/tractaments\/\",\"url\":\"https:\/\/www.clinicaginecologica.org\/ca\/tractaments\/\",\"name\":\"Tractaments - Cl\u00ednica Ginecol\u00f2gica\",\"isPartOf\":{\"@id\":\"https:\/\/www.clinicaginecologica.org\/ca\/#website\"},\"primaryImageOfPage\":{\"@id\":\"https:\/\/www.clinicaginecologica.org\/ca\/tractaments\/#primaryimage\"},\"image\":{\"@id\":\"https:\/\/www.clinicaginecologica.org\/ca\/tractaments\/#primaryimage\"},\"thumbnailUrl\":\"https:\/\/www.clinicaginecologica.org\/ca\/wp-content\/uploads\/sites\/2\/2016\/03\/endometriosis-laparo1-e1458564445912.jpg\",\"datePublished\":\"2015-12-02T11:59:19+00:00\",\"dateModified\":\"2017-11-21T10:47:41+00:00\",\"breadcrumb\":{\"@id\":\"https:\/\/www.clinicaginecologica.org\/ca\/tractaments\/#breadcrumb\"},\"inLanguage\":\"ca\",\"potentialAction\":[{\"@type\":\"ReadAction\",\"target\":[\"https:\/\/www.clinicaginecologica.org\/ca\/tractaments\/\"]}]},{\"@type\":\"ImageObject\",\"inLanguage\":\"ca\",\"@id\":\"https:\/\/www.clinicaginecologica.org\/ca\/tractaments\/#primaryimage\",\"url\":\"https:\/\/www.clinicaginecologica.org\/ca\/wp-content\/uploads\/sites\/2\/2016\/03\/endometriosis-laparo1-e1458564445912.jpg\",\"contentUrl\":\"https:\/\/www.clinicaginecologica.org\/ca\/wp-content\/uploads\/sites\/2\/2016\/03\/endometriosis-laparo1-e1458564445912.jpg\",\"width\":4928,\"height\":2759},{\"@type\":\"BreadcrumbList\",\"@id\":\"https:\/\/www.clinicaginecologica.org\/ca\/tractaments\/#breadcrumb\",\"itemListElement\":[{\"@type\":\"ListItem\",\"position\":1,\"name\":\"Portada\",\"item\":\"https:\/\/www.clinicaginecologica.org\/ca\/\"},{\"@type\":\"ListItem\",\"position\":2,\"name\":\"Tractaments\"}]},{\"@type\":\"WebSite\",\"@id\":\"https:\/\/www.clinicaginecologica.org\/ca\/#website\",\"url\":\"https:\/\/www.clinicaginecologica.org\/ca\/\",\"name\":\"Cl\u00ednica Ginecol\u00f2gica\",\"description\":\"El seu ginec\u00f2leg a Barcelona\",\"potentialAction\":[{\"@type\":\"SearchAction\",\"target\":{\"@type\":\"EntryPoint\",\"urlTemplate\":\"https:\/\/www.clinicaginecologica.org\/ca\/?s={search_term_string}\"},\"query-input\":{\"@type\":\"PropertyValueSpecification\",\"valueRequired\":true,\"valueName\":\"search_term_string\"}}],\"inLanguage\":\"ca\"}]}<\/script>\n<!-- \/ Yoast SEO plugin. -->","yoast_head_json":{"title":"Tractaments - Cl\u00ednica Ginecol\u00f2gica","robots":{"index":"index","follow":"follow","max-snippet":"max-snippet:-1","max-image-preview":"max-image-preview:large","max-video-preview":"max-video-preview:-1"},"canonical":"https:\/\/www.clinicaginecologica.org\/ca\/tractaments\/","og_locale":"ca_ES","og_type":"article","og_title":"Tractaments - Cl\u00ednica Ginecol\u00f2gica","og_description":"A Cl\u00ednica Ginecol\u00f2gica som experts en els seg\u00fcents tipus de tractaments.\u00a0 Sempre personalitzats per a cadascuna de les nostres pacients per tal d\u2019oferir una major soluci\u00f3.","og_url":"https:\/\/www.clinicaginecologica.org\/ca\/tractaments\/","og_site_name":"Cl\u00ednica Ginecol\u00f2gica","article_modified_time":"2017-11-21T10:47:41+00:00","og_image":[{"width":1024,"height":573,"url":"https:\/\/www.clinicaginecologica.org\/ca\/wp-content\/uploads\/sites\/2\/2016\/03\/endometriosis-laparo1-e1458564445912-1024x573.jpg","type":"image\/jpeg"}],"twitter_card":"summary_large_image","schema":{"@context":"https:\/\/schema.org","@graph":[{"@type":"WebPage","@id":"https:\/\/www.clinicaginecologica.org\/ca\/tractaments\/","url":"https:\/\/www.clinicaginecologica.org\/ca\/tractaments\/","name":"Tractaments - Cl\u00ednica Ginecol\u00f2gica","isPartOf":{"@id":"https:\/\/www.clinicaginecologica.org\/ca\/#website"},"primaryImageOfPage":{"@id":"https:\/\/www.clinicaginecologica.org\/ca\/tractaments\/#primaryimage"},"image":{"@id":"https:\/\/www.clinicaginecologica.org\/ca\/tractaments\/#primaryimage"},"thumbnailUrl":"https:\/\/www.clinicaginecologica.org\/ca\/wp-content\/uploads\/sites\/2\/2016\/03\/endometriosis-laparo1-e1458564445912.jpg","datePublished":"2015-12-02T11:59:19+00:00","dateModified":"2017-11-21T10:47:41+00:00","breadcrumb":{"@id":"https:\/\/www.clinicaginecologica.org\/ca\/tractaments\/#breadcrumb"},"inLanguage":"ca","potentialAction":[{"@type":"ReadAction","target":["https:\/\/www.clinicaginecologica.org\/ca\/tractaments\/"]}]},{"@type":"ImageObject","inLanguage":"ca","@id":"https:\/\/www.clinicaginecologica.org\/ca\/tractaments\/#primaryimage","url":"https:\/\/www.clinicaginecologica.org\/ca\/wp-content\/uploads\/sites\/2\/2016\/03\/endometriosis-laparo1-e1458564445912.jpg","contentUrl":"https:\/\/www.clinicaginecologica.org\/ca\/wp-content\/uploads\/sites\/2\/2016\/03\/endometriosis-laparo1-e1458564445912.jpg","width":4928,"height":2759},{"@type":"BreadcrumbList","@id":"https:\/\/www.clinicaginecologica.org\/ca\/tractaments\/#breadcrumb","itemListElement":[{"@type":"ListItem","position":1,"name":"Portada","item":"https:\/\/www.clinicaginecologica.org\/ca\/"},{"@type":"ListItem","position":2,"name":"Tractaments"}]},{"@type":"WebSite","@id":"https:\/\/www.clinicaginecologica.org\/ca\/#website","url":"https:\/\/www.clinicaginecologica.org\/ca\/","name":"Cl\u00ednica Ginecol\u00f2gica","description":"El seu ginec\u00f2leg a Barcelona","potentialAction":[{"@type":"SearchAction","target":{"@type":"EntryPoint","urlTemplate":"https:\/\/www.clinicaginecologica.org\/ca\/?s={search_term_string}"},"query-input":{"@type":"PropertyValueSpecification","valueRequired":true,"valueName":"search_term_string"}}],"inLanguage":"ca"}]}},"_links":{"self":[{"href":"https:\/\/www.clinicaginecologica.org\/ca\/wp-json\/wp\/v2\/pages\/9226","targetHints":{"allow":["GET"]}}],"collection":[{"href":"https:\/\/www.clinicaginecologica.org\/ca\/wp-json\/wp\/v2\/pages"}],"about":[{"href":"https:\/\/www.clinicaginecologica.org\/ca\/wp-json\/wp\/v2\/types\/page"}],"author":[{"embeddable":true,"href":"https:\/\/www.clinicaginecologica.org\/ca\/wp-json\/wp\/v2\/users\/5"}],"replies":[{"embeddable":true,"href":"https:\/\/www.clinicaginecologica.org\/ca\/wp-json\/wp\/v2\/comments?post=9226"}],"version-history":[{"count":3,"href":"https:\/\/www.clinicaginecologica.org\/ca\/wp-json\/wp\/v2\/pages\/9226\/revisions"}],"predecessor-version":[{"id":11024,"href":"https:\/\/www.clinicaginecologica.org\/ca\/wp-json\/wp\/v2\/pages\/9226\/revisions\/11024"}],"wp:featuredmedia":[{"embeddable":true,"href":"https:\/\/www.clinicaginecologica.org\/ca\/wp-json\/wp\/v2\/media\/9418"}],"wp:attachment":[{"href":"https:\/\/www.clinicaginecologica.org\/ca\/wp-json\/wp\/v2\/media?parent=9226"}],"curies":[{"name":"wp","href":"https:\/\/api.w.org\/{rel}","templated":true}]}}