{"id":8846,"date":"2015-11-23T12:55:46","date_gmt":"2015-11-23T12:55:46","guid":{"rendered":"http:\/\/www.clinicaginecologica.org\/ca\/?page_id=8846"},"modified":"2017-11-21T11:47:47","modified_gmt":"2017-11-21T10:47:47","slug":"patologies","status":"publish","type":"page","link":"https:\/\/www.clinicaginecologica.org\/ca\/patologies\/","title":{"rendered":"Patologies"},"content":{"rendered":"<p style=\"text-align: justify\">Hi ha diverses patologies ginecol\u00f2giques que poden afectar a\u00a0les dones. A Cl\u00ednica Ginecol\u00f2gica estudiem cada cas en particular, fent un seguiment de la pacient i procurant oferir solucions el m\u00e9s r\u00e0pides i eficaces possible. A m\u00e9s a Cl\u00ednica Ginecol\u00f2gica estem <strong>especialitzats en el diagn\u00f2stic i tractament de les seg\u00fcents patologies.<\/strong><\/p>\n","protected":false},"excerpt":{"rendered":"<p>Hi ha diverses patologies ginecol\u00f2giques que poden afectar a\u00a0les dones. A Cl\u00ednica Ginecol\u00f2gica estudiem cada cas en particular, fent un seguiment de la pacient i procurant oferir solucions el m\u00e9s r\u00e0pides i eficaces possible. A m\u00e9s a Cl\u00ednica Ginecol\u00f2gica estem especialitzats en el diagn\u00f2stic i tractament de les seg\u00fcents patologies.<\/p>\n","protected":false},"author":5,"featured_media":7682,"parent":0,"menu_order":0,"comment_status":"open","ping_status":"open","template":"tpl-patologias.php","meta":{"_joinchat":[],"footnotes":""},"class_list":["post-8846","page","type-page","status-publish","has-post-thumbnail","hentry"],"yoast_head":"<!-- This site is optimized with the Yoast SEO plugin v26.3 - https:\/\/yoast.com\/wordpress\/plugins\/seo\/ -->\n<title>Patologies - Cl\u00ednica Ginecol\u00f2gica<\/title>\n<meta name=\"robots\" content=\"index, follow, max-snippet:-1, max-image-preview:large, max-video-preview:-1\" \/>\n<link rel=\"canonical\" href=\"https:\/\/www.clinicaginecologica.org\/ca\/patologies\/\" \/>\n<meta property=\"og:locale\" content=\"ca_ES\" \/>\n<meta property=\"og:type\" content=\"article\" \/>\n<meta property=\"og:title\" content=\"Patologies - Cl\u00ednica Ginecol\u00f2gica\" \/>\n<meta property=\"og:description\" content=\"Hi ha diverses patologies ginecol\u00f2giques que poden afectar a\u00a0les dones. A Cl\u00ednica Ginecol\u00f2gica estudiem cada cas en particular, fent un seguiment de la pacient i procurant oferir solucions el m\u00e9s r\u00e0pides i eficaces possible. A m\u00e9s a Cl\u00ednica Ginecol\u00f2gica estem especialitzats en el diagn\u00f2stic i tractament de les seg\u00fcents patologies.\" \/>\n<meta property=\"og:url\" content=\"https:\/\/www.clinicaginecologica.org\/ca\/patologies\/\" \/>\n<meta property=\"og:site_name\" content=\"Cl\u00ednica Ginecol\u00f2gica\" \/>\n<meta property=\"article:modified_time\" content=\"2017-11-21T10:47:47+00:00\" \/>\n<meta property=\"og:image\" content=\"https:\/\/www.clinicaginecologica.org\/ca\/wp-content\/uploads\/sites\/2\/2015\/02\/la-foto2.jpg\" \/>\n\t<meta property=\"og:image:width\" content=\"800\" \/>\n\t<meta property=\"og:image:height\" content=\"600\" \/>\n\t<meta property=\"og:image:type\" content=\"image\/jpeg\" \/>\n<meta name=\"twitter:card\" content=\"summary_large_image\" \/>\n<script type=\"application\/ld+json\" class=\"yoast-schema-graph\">{\"@context\":\"https:\/\/schema.org\",\"@graph\":[{\"@type\":\"WebPage\",\"@id\":\"https:\/\/www.clinicaginecologica.org\/ca\/patologies\/\",\"url\":\"https:\/\/www.clinicaginecologica.org\/ca\/patologies\/\",\"name\":\"Patologies - Cl\u00ednica Ginecol\u00f2gica\",\"isPartOf\":{\"@id\":\"https:\/\/www.clinicaginecologica.org\/ca\/#website\"},\"primaryImageOfPage\":{\"@id\":\"https:\/\/www.clinicaginecologica.org\/ca\/patologies\/#primaryimage\"},\"image\":{\"@id\":\"https:\/\/www.clinicaginecologica.org\/ca\/patologies\/#primaryimage\"},\"thumbnailUrl\":\"https:\/\/www.clinicaginecologica.org\/ca\/wp-content\/uploads\/sites\/2\/2015\/02\/la-foto2.jpg\",\"datePublished\":\"2015-11-23T12:55:46+00:00\",\"dateModified\":\"2017-11-21T10:47:47+00:00\",\"breadcrumb\":{\"@id\":\"https:\/\/www.clinicaginecologica.org\/ca\/patologies\/#breadcrumb\"},\"inLanguage\":\"ca\",\"potentialAction\":[{\"@type\":\"ReadAction\",\"target\":[\"https:\/\/www.clinicaginecologica.org\/ca\/patologies\/\"]}]},{\"@type\":\"ImageObject\",\"inLanguage\":\"ca\",\"@id\":\"https:\/\/www.clinicaginecologica.org\/ca\/patologies\/#primaryimage\",\"url\":\"https:\/\/www.clinicaginecologica.org\/ca\/wp-content\/uploads\/sites\/2\/2015\/02\/la-foto2.jpg\",\"contentUrl\":\"https:\/\/www.clinicaginecologica.org\/ca\/wp-content\/uploads\/sites\/2\/2015\/02\/la-foto2.jpg\",\"width\":800,\"height\":600},{\"@type\":\"BreadcrumbList\",\"@id\":\"https:\/\/www.clinicaginecologica.org\/ca\/patologies\/#breadcrumb\",\"itemListElement\":[{\"@type\":\"ListItem\",\"position\":1,\"name\":\"Portada\",\"item\":\"https:\/\/www.clinicaginecologica.org\/ca\/\"},{\"@type\":\"ListItem\",\"position\":2,\"name\":\"Patologies\"}]},{\"@type\":\"WebSite\",\"@id\":\"https:\/\/www.clinicaginecologica.org\/ca\/#website\",\"url\":\"https:\/\/www.clinicaginecologica.org\/ca\/\",\"name\":\"Cl\u00ednica Ginecol\u00f2gica\",\"description\":\"El seu ginec\u00f2leg a Barcelona\",\"potentialAction\":[{\"@type\":\"SearchAction\",\"target\":{\"@type\":\"EntryPoint\",\"urlTemplate\":\"https:\/\/www.clinicaginecologica.org\/ca\/?s={search_term_string}\"},\"query-input\":{\"@type\":\"PropertyValueSpecification\",\"valueRequired\":true,\"valueName\":\"search_term_string\"}}],\"inLanguage\":\"ca\"}]}<\/script>\n<!-- \/ Yoast SEO plugin. -->","yoast_head_json":{"title":"Patologies - Cl\u00ednica Ginecol\u00f2gica","robots":{"index":"index","follow":"follow","max-snippet":"max-snippet:-1","max-image-preview":"max-image-preview:large","max-video-preview":"max-video-preview:-1"},"canonical":"https:\/\/www.clinicaginecologica.org\/ca\/patologies\/","og_locale":"ca_ES","og_type":"article","og_title":"Patologies - Cl\u00ednica Ginecol\u00f2gica","og_description":"Hi ha diverses patologies ginecol\u00f2giques que poden afectar a\u00a0les dones. A Cl\u00ednica Ginecol\u00f2gica estudiem cada cas en particular, fent un seguiment de la pacient i procurant oferir solucions el m\u00e9s r\u00e0pides i eficaces possible. A m\u00e9s a Cl\u00ednica Ginecol\u00f2gica estem especialitzats en el diagn\u00f2stic i tractament de les seg\u00fcents patologies.","og_url":"https:\/\/www.clinicaginecologica.org\/ca\/patologies\/","og_site_name":"Cl\u00ednica Ginecol\u00f2gica","article_modified_time":"2017-11-21T10:47:47+00:00","og_image":[{"width":800,"height":600,"url":"https:\/\/www.clinicaginecologica.org\/ca\/wp-content\/uploads\/sites\/2\/2015\/02\/la-foto2.jpg","type":"image\/jpeg"}],"twitter_card":"summary_large_image","schema":{"@context":"https:\/\/schema.org","@graph":[{"@type":"WebPage","@id":"https:\/\/www.clinicaginecologica.org\/ca\/patologies\/","url":"https:\/\/www.clinicaginecologica.org\/ca\/patologies\/","name":"Patologies - Cl\u00ednica Ginecol\u00f2gica","isPartOf":{"@id":"https:\/\/www.clinicaginecologica.org\/ca\/#website"},"primaryImageOfPage":{"@id":"https:\/\/www.clinicaginecologica.org\/ca\/patologies\/#primaryimage"},"image":{"@id":"https:\/\/www.clinicaginecologica.org\/ca\/patologies\/#primaryimage"},"thumbnailUrl":"https:\/\/www.clinicaginecologica.org\/ca\/wp-content\/uploads\/sites\/2\/2015\/02\/la-foto2.jpg","datePublished":"2015-11-23T12:55:46+00:00","dateModified":"2017-11-21T10:47:47+00:00","breadcrumb":{"@id":"https:\/\/www.clinicaginecologica.org\/ca\/patologies\/#breadcrumb"},"inLanguage":"ca","potentialAction":[{"@type":"ReadAction","target":["https:\/\/www.clinicaginecologica.org\/ca\/patologies\/"]}]},{"@type":"ImageObject","inLanguage":"ca","@id":"https:\/\/www.clinicaginecologica.org\/ca\/patologies\/#primaryimage","url":"https:\/\/www.clinicaginecologica.org\/ca\/wp-content\/uploads\/sites\/2\/2015\/02\/la-foto2.jpg","contentUrl":"https:\/\/www.clinicaginecologica.org\/ca\/wp-content\/uploads\/sites\/2\/2015\/02\/la-foto2.jpg","width":800,"height":600},{"@type":"BreadcrumbList","@id":"https:\/\/www.clinicaginecologica.org\/ca\/patologies\/#breadcrumb","itemListElement":[{"@type":"ListItem","position":1,"name":"Portada","item":"https:\/\/www.clinicaginecologica.org\/ca\/"},{"@type":"ListItem","position":2,"name":"Patologies"}]},{"@type":"WebSite","@id":"https:\/\/www.clinicaginecologica.org\/ca\/#website","url":"https:\/\/www.clinicaginecologica.org\/ca\/","name":"Cl\u00ednica Ginecol\u00f2gica","description":"El seu ginec\u00f2leg a Barcelona","potentialAction":[{"@type":"SearchAction","target":{"@type":"EntryPoint","urlTemplate":"https:\/\/www.clinicaginecologica.org\/ca\/?s={search_term_string}"},"query-input":{"@type":"PropertyValueSpecification","valueRequired":true,"valueName":"search_term_string"}}],"inLanguage":"ca"}]}},"_links":{"self":[{"href":"https:\/\/www.clinicaginecologica.org\/ca\/wp-json\/wp\/v2\/pages\/8846","targetHints":{"allow":["GET"]}}],"collection":[{"href":"https:\/\/www.clinicaginecologica.org\/ca\/wp-json\/wp\/v2\/pages"}],"about":[{"href":"https:\/\/www.clinicaginecologica.org\/ca\/wp-json\/wp\/v2\/types\/page"}],"author":[{"embeddable":true,"href":"https:\/\/www.clinicaginecologica.org\/ca\/wp-json\/wp\/v2\/users\/5"}],"replies":[{"embeddable":true,"href":"https:\/\/www.clinicaginecologica.org\/ca\/wp-json\/wp\/v2\/comments?post=8846"}],"version-history":[{"count":2,"href":"https:\/\/www.clinicaginecologica.org\/ca\/wp-json\/wp\/v2\/pages\/8846\/revisions"}],"predecessor-version":[{"id":11025,"href":"https:\/\/www.clinicaginecologica.org\/ca\/wp-json\/wp\/v2\/pages\/8846\/revisions\/11025"}],"wp:featuredmedia":[{"embeddable":true,"href":"https:\/\/www.clinicaginecologica.org\/ca\/wp-json\/wp\/v2\/media\/7682"}],"wp:attachment":[{"href":"https:\/\/www.clinicaginecologica.org\/ca\/wp-json\/wp\/v2\/media?parent=8846"}],"curies":[{"name":"wp","href":"https:\/\/api.w.org\/{rel}","templated":true}]}}