{"id":8382,"date":"2015-04-08T08:18:10","date_gmt":"2015-04-08T06:18:10","guid":{"rendered":"http:\/\/www.clinicaginecologica.org\/ca\/?page_id=8382"},"modified":"2017-11-29T13:11:36","modified_gmt":"2017-11-29T12:11:36","slug":"la-menopausa","status":"publish","type":"page","link":"https:\/\/www.clinicaginecologica.org\/ca\/patologies\/la-menopausa\/","title":{"rendered":"Menopausa"},"content":{"rendered":"<h3><img loading=\"lazy\" decoding=\"async\" class=\" wp-image-11103 aligncenter\" src=\"http:\/\/www.clinicaginecologica.org\/ca\/wp-content\/uploads\/sites\/2\/2017\/11\/menopausia-mujeres-01.jpg\" alt=\"\" width=\"498\" height=\"332\" srcset=\"https:\/\/www.clinicaginecologica.org\/ca\/wp-content\/uploads\/sites\/2\/2017\/11\/menopausia-mujeres-01.jpg 800w, https:\/\/www.clinicaginecologica.org\/ca\/wp-content\/uploads\/sites\/2\/2017\/11\/menopausia-mujeres-01-300x200.jpg 300w, https:\/\/www.clinicaginecologica.org\/ca\/wp-content\/uploads\/sites\/2\/2017\/11\/menopausia-mujeres-01-768x512.jpg 768w\" sizes=\"auto, (max-width: 498px) 100vw, 498px\" \/><\/h3>\n<h2 style=\"text-align: justify\">Qu\u00e8 \u00e9s la menopausa?<\/h2>\n<p style=\"text-align: justify\">\u00c9s el <strong>per\u00edode<\/strong> de la <strong>vida<\/strong> de la <strong>dona<\/strong> en qu\u00e8 <strong>cessa<\/strong> la <strong>menstruaci\u00f3<\/strong> i <strong>disminueix<\/strong> la <strong>producci\u00f3 d&#8217;hormones<\/strong> femenines espec\u00edficament <strong>estr\u00f2gens<\/strong> i <strong>progesterona<\/strong>. Amb la <strong>menopausa<\/strong>, els ovaris redueixen la seva producci\u00f3 hormonal arribant a una situaci\u00f3 en la qual s\u00f3n incapa\u00e7os de mantenir el que el cos necessita.<\/p>\n<p style=\"text-align: justify\">Sol apar\u00e8ixer en dones entre els<strong> 47 i 52 anys<\/strong> i genera tot un seguit de s\u00edmptomes tals com:<\/p>\n<ul style=\"text-align: justify\">\n<li>Sufocaci\u00f3<\/li>\n<li>Sequedat vaginal \/ sequedat de la pell<\/li>\n<li>Autoestima<\/li>\n<li>Falta de desig sexual<\/li>\n<li>Tend\u00e8ncia al des\u00e0nim<\/li>\n<li>Mal humor<\/li>\n<li>Insomni o suors nocturns<\/li>\n<\/ul>\n<p style=\"text-align: justify\">Aquests s\u00edmptomes de la menopausa presenten variacions en cada dona. La forma habitual i efica\u00e7 de tractar aquesta simptomologia \u00e9s amb una ter\u00e0pia hormonal.<\/p>\n<h3 style=\"text-align: justify\">Qu\u00e8 \u00e9s la ter\u00e0pia hormonal substitutiva?<\/h3>\n<p style=\"text-align: justify\">Amb la <strong>ter\u00e0pia hormonal substitutiva o THS<\/strong>,\u00a0consisteix en un tractament per la menopausia en el que\u00a0e<strong>s reemplacen les hormones que el cos ha deixat de produir.<\/strong> La ter\u00e0pia hormonal pot ser d&#8217;estr\u00f2gens o una combinaci\u00f3 d&#8217;estr\u00f2gens i progesterona. La primera va destinada a dones que s&#8217;hagin fet un histerectomia i la segona per a dones que tinguin \u00fater ja que la progesterona protegeix del c\u00e0ncer e c\u00e8rvix o d\u2019\u00fater.<\/p>\n<p style=\"text-align: justify\">Fins ara, la THS com a tratcament de per a la menopausa es realitzava amb hormones sint\u00e8tiques amb continguts qu\u00edmics. Per\u00f2 el passat 2002 un estudi &#8220;HWI&#8221; va determinar que els tractaments amb aquest tipus d&#8217;hormones sint\u00e8tiques quan s&#8217;utilitzen m\u00e9s de cinc anys, augmentaven lleugerament la incid\u00e8ncia de c\u00e0ncer de mama i trastorns cardiovasculars. Una alternativa a la THS amb hormones sint\u00e8tiques i que no genera aquests efectes secundaris seria una THS amb hormones naturals o bio-id\u00e8ntiques.<\/p>\n<h3 style=\"text-align: justify\">Qu\u00e8 s\u00f3n les hormones naturals?<\/h3>\n<p style=\"text-align: justify\">Les <a href=\"http:\/\/www.clinicaginecologica.org\/ca\/tractaments\/sottopelle-hormones-naturals\/\">hormones naturals o hormones bio-id\u00e8ntiques<\/a> s&#8217;extreuen de les plantes i no generaran els efectes secundaris de les hormones sint\u00e8tiques. S\u00f3n hormones sense risc i amb millors beneficis que les hormones sint\u00e8tiques, sobretot en el to vital (animositat), el to muscular i les relacions sexuals.<\/p>\n<p style=\"text-align: justify\">El SottoPelle\u00ae s\u00f3n hormones id\u00e8ntiques que es col\u00b7loquen sota la pell i que dura entre 4 i 6 mesos essent un possible tractament per a la menopausa. La seva col\u00b7locaci\u00f3 subd\u00e8rmica provoca que l&#8217;organisme absorbeixi \u00fanicament aquella quantitat que necessita.<\/p>\n<h4>M\u00e9s informaci\u00f3 sobre <a href=\"http:\/\/www.clinicaginecologica.org\/ca\/tractaments\/sottopelle-hormones-naturals\/\">hormones naturals<\/a>.<\/h4>\n","protected":false},"excerpt":{"rendered":"<p>Qu\u00e8 \u00e9s la menopausa? \u00c9s el per\u00edode de la vida de la dona en qu\u00e8 cessa la menstruaci\u00f3 i disminueix la producci\u00f3 d&#8217;hormones femenines espec\u00edficament estr\u00f2gens i progesterona. Amb la menopausa, els ovaris redueixen la seva producci\u00f3 hormonal arribant a una situaci\u00f3 en la qual s\u00f3n incapa\u00e7os de mantenir el que el cos necessita. Sol [&hellip;]<\/p>\n","protected":false},"author":5,"featured_media":11103,"parent":8846,"menu_order":0,"comment_status":"open","ping_status":"closed","template":"","meta":{"_joinchat":[],"footnotes":""},"class_list":["post-8382","page","type-page","status-publish","has-post-thumbnail","hentry"],"yoast_head":"<!-- This site is optimized with the Yoast SEO plugin v26.3 - https:\/\/yoast.com\/wordpress\/plugins\/seo\/ -->\n<title>Menopausa - Cl\u00ednica Ginecol\u00f2gica<\/title>\n<meta name=\"robots\" content=\"index, follow, max-snippet:-1, max-image-preview:large, max-video-preview:-1\" \/>\n<link rel=\"canonical\" href=\"https:\/\/www.clinicaginecologica.org\/ca\/patologies\/la-menopausa\/\" \/>\n<meta property=\"og:locale\" content=\"ca_ES\" \/>\n<meta property=\"og:type\" content=\"article\" \/>\n<meta property=\"og:title\" content=\"Menopausa - Cl\u00ednica Ginecol\u00f2gica\" \/>\n<meta property=\"og:description\" content=\"Qu\u00e8 \u00e9s la menopausa? \u00c9s el per\u00edode de la vida de la dona en qu\u00e8 cessa la menstruaci\u00f3 i disminueix la producci\u00f3 d&#8217;hormones femenines espec\u00edficament estr\u00f2gens i progesterona. Amb la menopausa, els ovaris redueixen la seva producci\u00f3 hormonal arribant a una situaci\u00f3 en la qual s\u00f3n incapa\u00e7os de mantenir el que el cos necessita. Sol [&hellip;]\" \/>\n<meta property=\"og:url\" content=\"https:\/\/www.clinicaginecologica.org\/ca\/patologies\/la-menopausa\/\" \/>\n<meta property=\"og:site_name\" content=\"Cl\u00ednica Ginecol\u00f2gica\" \/>\n<meta property=\"article:modified_time\" content=\"2017-11-29T12:11:36+00:00\" \/>\n<meta property=\"og:image\" content=\"https:\/\/www.clinicaginecologica.org\/ca\/wp-content\/uploads\/sites\/2\/2017\/11\/menopausia-mujeres-01.jpg\" \/>\n\t<meta property=\"og:image:width\" content=\"800\" \/>\n\t<meta property=\"og:image:height\" content=\"533\" \/>\n\t<meta property=\"og:image:type\" content=\"image\/jpeg\" \/>\n<meta name=\"twitter:card\" content=\"summary_large_image\" \/>\n<meta name=\"twitter:label1\" content=\"Temps estimat de lectura\" \/>\n\t<meta name=\"twitter:data1\" content=\"2 minuts\" \/>\n<script type=\"application\/ld+json\" class=\"yoast-schema-graph\">{\"@context\":\"https:\/\/schema.org\",\"@graph\":[{\"@type\":\"WebPage\",\"@id\":\"https:\/\/www.clinicaginecologica.org\/ca\/patologies\/la-menopausa\/\",\"url\":\"https:\/\/www.clinicaginecologica.org\/ca\/patologies\/la-menopausa\/\",\"name\":\"Menopausa - Cl\u00ednica Ginecol\u00f2gica\",\"isPartOf\":{\"@id\":\"https:\/\/www.clinicaginecologica.org\/ca\/#website\"},\"primaryImageOfPage\":{\"@id\":\"https:\/\/www.clinicaginecologica.org\/ca\/patologies\/la-menopausa\/#primaryimage\"},\"image\":{\"@id\":\"https:\/\/www.clinicaginecologica.org\/ca\/patologies\/la-menopausa\/#primaryimage\"},\"thumbnailUrl\":\"https:\/\/www.clinicaginecologica.org\/ca\/wp-content\/uploads\/sites\/2\/2017\/11\/menopausia-mujeres-01.jpg\",\"datePublished\":\"2015-04-08T06:18:10+00:00\",\"dateModified\":\"2017-11-29T12:11:36+00:00\",\"breadcrumb\":{\"@id\":\"https:\/\/www.clinicaginecologica.org\/ca\/patologies\/la-menopausa\/#breadcrumb\"},\"inLanguage\":\"ca\",\"potentialAction\":[{\"@type\":\"ReadAction\",\"target\":[\"https:\/\/www.clinicaginecologica.org\/ca\/patologies\/la-menopausa\/\"]}]},{\"@type\":\"ImageObject\",\"inLanguage\":\"ca\",\"@id\":\"https:\/\/www.clinicaginecologica.org\/ca\/patologies\/la-menopausa\/#primaryimage\",\"url\":\"https:\/\/www.clinicaginecologica.org\/ca\/wp-content\/uploads\/sites\/2\/2017\/11\/menopausia-mujeres-01.jpg\",\"contentUrl\":\"https:\/\/www.clinicaginecologica.org\/ca\/wp-content\/uploads\/sites\/2\/2017\/11\/menopausia-mujeres-01.jpg\",\"width\":800,\"height\":533},{\"@type\":\"BreadcrumbList\",\"@id\":\"https:\/\/www.clinicaginecologica.org\/ca\/patologies\/la-menopausa\/#breadcrumb\",\"itemListElement\":[{\"@type\":\"ListItem\",\"position\":1,\"name\":\"Portada\",\"item\":\"https:\/\/www.clinicaginecologica.org\/ca\/\"},{\"@type\":\"ListItem\",\"position\":2,\"name\":\"Patologies\",\"item\":\"https:\/\/www.clinicaginecologica.org\/ca\/patologies\/\"},{\"@type\":\"ListItem\",\"position\":3,\"name\":\"Menopausa\"}]},{\"@type\":\"WebSite\",\"@id\":\"https:\/\/www.clinicaginecologica.org\/ca\/#website\",\"url\":\"https:\/\/www.clinicaginecologica.org\/ca\/\",\"name\":\"Cl\u00ednica Ginecol\u00f2gica\",\"description\":\"El seu ginec\u00f2leg a Barcelona\",\"potentialAction\":[{\"@type\":\"SearchAction\",\"target\":{\"@type\":\"EntryPoint\",\"urlTemplate\":\"https:\/\/www.clinicaginecologica.org\/ca\/?s={search_term_string}\"},\"query-input\":{\"@type\":\"PropertyValueSpecification\",\"valueRequired\":true,\"valueName\":\"search_term_string\"}}],\"inLanguage\":\"ca\"}]}<\/script>\n<!-- \/ Yoast SEO plugin. -->","yoast_head_json":{"title":"Menopausa - Cl\u00ednica Ginecol\u00f2gica","robots":{"index":"index","follow":"follow","max-snippet":"max-snippet:-1","max-image-preview":"max-image-preview:large","max-video-preview":"max-video-preview:-1"},"canonical":"https:\/\/www.clinicaginecologica.org\/ca\/patologies\/la-menopausa\/","og_locale":"ca_ES","og_type":"article","og_title":"Menopausa - Cl\u00ednica Ginecol\u00f2gica","og_description":"Qu\u00e8 \u00e9s la menopausa? \u00c9s el per\u00edode de la vida de la dona en qu\u00e8 cessa la menstruaci\u00f3 i disminueix la producci\u00f3 d&#8217;hormones femenines espec\u00edficament estr\u00f2gens i progesterona. Amb la menopausa, els ovaris redueixen la seva producci\u00f3 hormonal arribant a una situaci\u00f3 en la qual s\u00f3n incapa\u00e7os de mantenir el que el cos necessita. Sol [&hellip;]","og_url":"https:\/\/www.clinicaginecologica.org\/ca\/patologies\/la-menopausa\/","og_site_name":"Cl\u00ednica Ginecol\u00f2gica","article_modified_time":"2017-11-29T12:11:36+00:00","og_image":[{"width":800,"height":533,"url":"https:\/\/www.clinicaginecologica.org\/ca\/wp-content\/uploads\/sites\/2\/2017\/11\/menopausia-mujeres-01.jpg","type":"image\/jpeg"}],"twitter_card":"summary_large_image","twitter_misc":{"Temps estimat de lectura":"2 minuts"},"schema":{"@context":"https:\/\/schema.org","@graph":[{"@type":"WebPage","@id":"https:\/\/www.clinicaginecologica.org\/ca\/patologies\/la-menopausa\/","url":"https:\/\/www.clinicaginecologica.org\/ca\/patologies\/la-menopausa\/","name":"Menopausa - Cl\u00ednica Ginecol\u00f2gica","isPartOf":{"@id":"https:\/\/www.clinicaginecologica.org\/ca\/#website"},"primaryImageOfPage":{"@id":"https:\/\/www.clinicaginecologica.org\/ca\/patologies\/la-menopausa\/#primaryimage"},"image":{"@id":"https:\/\/www.clinicaginecologica.org\/ca\/patologies\/la-menopausa\/#primaryimage"},"thumbnailUrl":"https:\/\/www.clinicaginecologica.org\/ca\/wp-content\/uploads\/sites\/2\/2017\/11\/menopausia-mujeres-01.jpg","datePublished":"2015-04-08T06:18:10+00:00","dateModified":"2017-11-29T12:11:36+00:00","breadcrumb":{"@id":"https:\/\/www.clinicaginecologica.org\/ca\/patologies\/la-menopausa\/#breadcrumb"},"inLanguage":"ca","potentialAction":[{"@type":"ReadAction","target":["https:\/\/www.clinicaginecologica.org\/ca\/patologies\/la-menopausa\/"]}]},{"@type":"ImageObject","inLanguage":"ca","@id":"https:\/\/www.clinicaginecologica.org\/ca\/patologies\/la-menopausa\/#primaryimage","url":"https:\/\/www.clinicaginecologica.org\/ca\/wp-content\/uploads\/sites\/2\/2017\/11\/menopausia-mujeres-01.jpg","contentUrl":"https:\/\/www.clinicaginecologica.org\/ca\/wp-content\/uploads\/sites\/2\/2017\/11\/menopausia-mujeres-01.jpg","width":800,"height":533},{"@type":"BreadcrumbList","@id":"https:\/\/www.clinicaginecologica.org\/ca\/patologies\/la-menopausa\/#breadcrumb","itemListElement":[{"@type":"ListItem","position":1,"name":"Portada","item":"https:\/\/www.clinicaginecologica.org\/ca\/"},{"@type":"ListItem","position":2,"name":"Patologies","item":"https:\/\/www.clinicaginecologica.org\/ca\/patologies\/"},{"@type":"ListItem","position":3,"name":"Menopausa"}]},{"@type":"WebSite","@id":"https:\/\/www.clinicaginecologica.org\/ca\/#website","url":"https:\/\/www.clinicaginecologica.org\/ca\/","name":"Cl\u00ednica Ginecol\u00f2gica","description":"El seu ginec\u00f2leg a Barcelona","potentialAction":[{"@type":"SearchAction","target":{"@type":"EntryPoint","urlTemplate":"https:\/\/www.clinicaginecologica.org\/ca\/?s={search_term_string}"},"query-input":{"@type":"PropertyValueSpecification","valueRequired":true,"valueName":"search_term_string"}}],"inLanguage":"ca"}]}},"_links":{"self":[{"href":"https:\/\/www.clinicaginecologica.org\/ca\/wp-json\/wp\/v2\/pages\/8382","targetHints":{"allow":["GET"]}}],"collection":[{"href":"https:\/\/www.clinicaginecologica.org\/ca\/wp-json\/wp\/v2\/pages"}],"about":[{"href":"https:\/\/www.clinicaginecologica.org\/ca\/wp-json\/wp\/v2\/types\/page"}],"author":[{"embeddable":true,"href":"https:\/\/www.clinicaginecologica.org\/ca\/wp-json\/wp\/v2\/users\/5"}],"replies":[{"embeddable":true,"href":"https:\/\/www.clinicaginecologica.org\/ca\/wp-json\/wp\/v2\/comments?post=8382"}],"version-history":[{"count":4,"href":"https:\/\/www.clinicaginecologica.org\/ca\/wp-json\/wp\/v2\/pages\/8382\/revisions"}],"predecessor-version":[{"id":11126,"href":"https:\/\/www.clinicaginecologica.org\/ca\/wp-json\/wp\/v2\/pages\/8382\/revisions\/11126"}],"up":[{"embeddable":true,"href":"https:\/\/www.clinicaginecologica.org\/ca\/wp-json\/wp\/v2\/pages\/8846"}],"wp:featuredmedia":[{"embeddable":true,"href":"https:\/\/www.clinicaginecologica.org\/ca\/wp-json\/wp\/v2\/media\/11103"}],"wp:attachment":[{"href":"https:\/\/www.clinicaginecologica.org\/ca\/wp-json\/wp\/v2\/media?parent=8382"}],"curies":[{"name":"wp","href":"https:\/\/api.w.org\/{rel}","templated":true}]}}