{"id":7731,"date":"2015-05-13T16:06:21","date_gmt":"2015-05-13T16:06:21","guid":{"rendered":"http:\/\/www.clinicaginecologica.org\/?page_id=7731"},"modified":"2018-05-28T11:02:27","modified_gmt":"2018-05-28T09:02:27","slug":"politica-de-privacitat","status":"publish","type":"page","link":"https:\/\/www.clinicaginecologica.org\/ca\/politica-de-privacitat\/","title":{"rendered":"Pol\u00edtica de privacitat"},"content":{"rendered":"<p>En compliment del Reglament General de Protecci\u00f3 de Dades, t&#8217;informem que les dades que ens facilites a trav\u00e9s dels diferents formularis d&#8217;aquest lloc web passaran a formar part de fitxers informatitzats propietat de <strong>Dr. Javier Del Pozo Rosell\u00f3\u00a0<\/strong>amb el les finalitats exclusives per al que s\u00f3n sol\u00b7licitats.<\/p>\n<p><b> Responsable del tractament de dades personals <\/b><\/p>\n<p>Dades de contacte del responsable: Dr. Javier Del Pozo Rosell\u00f3, contacto@clinicaginecologica.org<\/p>\n<h2>1.- Quines dades personals et demanem?<\/h2>\n<p>El els formularis de la nostra web (contacte) requerim el teu nom, el teu correu electr\u00f2nic i \/ o tel\u00e8fon.<\/p>\n<p>De manera autom\u00e0tica tamb\u00e9 guardem la IP des de la qual ens envies el formulari, per a fins legals arribat el cas.<\/p>\n<p>Els camps de formulari marcats amb un * (asterisc) o com a &#8220;requerit&#8221; s\u00f3n d&#8217;emplenament obligatori, la resta s\u00f3n voluntaris. Si no farcides aquests camps, per exemple amb el teu email i \/ o tel\u00e8fon, no podrem respondre a les teves consultes. Simplement el formulari no s&#8217;enviar\u00e0 i no rebrem aquesta consulta.<\/p>\n<h2>2.- On et demanem dades personals?<\/h2>\n<p>Et demanem les teves dades personals en els nostres formularis de contacte i formulari de comentaris del bloc.<\/p>\n<h2>3.- Per a qu\u00e8 et demanem les teves dades?<\/h2>\n<p>Necessitem les teves dades per poder contactar amb tu i oferir respostes a les consultes.<\/p>\n<h2>4.- Quins drets tens<\/h2>\n<ul>\n<li><b> Dret a sol\u00b7licitar l&#8217;acc\u00e9s <\/b> a les dades personals: podr\u00e0s preguntar a \u00a0<strong>clinicaginecologica\u00a0<\/strong>si estem est\u00e0 tractant les teves dades.<\/li>\n<li><b> Dret a sol\u00b7licitar la seva rectificaci\u00f3 <\/b> (en cas que siguin incorrectes) <b> o supressi\u00f3. <\/b><\/li>\n<li><b> Dret a sol\u00b7licitar la limitaci\u00f3 del seu tractament <\/b>, en aquest cas \u00fanicament seran conservats per\u00a0<strong>clinicaginecologica<\/strong><strong>\u00a0<\/strong>per a l&#8217;exercici o la defensa de reclamacions. &lt;\/ Li&gt;<\/li>\n<li><b> Dret a oposar-se al tractament <\/b>:\u00a0<strong>clinicaginecologica<\/strong><strong>\u00a0<\/strong>deixar\u00e0 de tractar les dades en la forma que indiquis, llevat que per motius leg\u00edtims imperiosos o l&#8217;exercici o la defensa de possibles reclamacions s&#8217;hagin de seguir tractant.<\/li>\n<li><b> Dret a la portabilitat de les dades: <\/b> en cas que vulguis que les teves dades siguin tractades per una altra firma,\u00a0<strong>clinicaginecologica<\/strong><strong>\u00a0<\/strong>et facilitar\u00e0 la portabilitat de les teves dades al nou responsable .<\/li>\n<li><b> Dret a l&#8217;esborrat de les dades: <\/b> i llevat imperatiu legal s&#8217;esborraran despr\u00e9s la teva confirmaci\u00f3.<\/li>\n<\/ul>\n<p>Et garantim en tot cas la possibilitat d&#8217;exercir els teus drets notificant mitjan\u00e7ant l&#8217;enviament d&#8217;un correu electr\u00f2nic a l&#8217;adre\u00e7a de correu electr\u00f2nic o e-mail <strong> xxxxxx <\/strong> des del mateix compte de correu electr\u00f2nic amb la que has enviat el formulari o b\u00e9 per correu postal a la nostra adre\u00e7a, c\/ Marquesa de Villalonga, 12, 08017 Barcelona<strong>\u00a0<\/strong>, identificant-legalment.<\/p>\n<h2>5.- Quant de temps emmagatzemem les dades?<\/h2>\n<p>El teu pots accedir a les teves dades i sol\u00b7licitar la seva rectificaci\u00f3 o que els eliminem en qualsevol moment, per\u00f2 per norma general els terminis d&#8217;emmagatzematge de les dades s\u00f3n els seg\u00fcents:<\/p>\n<p><b> Formularis de contacte: <\/b> Fins que s&#8217;acabi la relaci\u00f3 entre nosaltres donant resposta a la teva consulta o comentari.<\/p>\n<p><b> Comentaris al blog: <\/b> es tracta d&#8217;un comentari a un article o entrada del bloc, fins que aquest article romangui publicat.<\/p>\n<p>Fent clic en el bot\u00f3 pots revisar les prefer\u00e8ncies de privacitat i galetes <button type=\"button\" class=\"gdpr-preferences\" data-tab=\"gdpr-consent-management\">Prefer\u00e8ncies sobre privacitat<\/button> que has acceptat en la nostra p\u00e0gina.<\/p>\n<h2>6.- Formularis per facilitar-te l&#8217;exercici dels teus drets<\/h2>\n<p>A trav\u00e9s dels seg\u00fcents formularis et volem facilitar que puguis exercir els teus drets. Qualsevol dubte, <a href=\"\/contacto\/\"> estem a la teva disposici\u00f3 <\/a>.<\/p>\n<p><b> Revisa les teves prefer\u00e8ncies sobre privacitat i \u00fas de galetes que has acceptat en la nostra p\u00e0gina. <\/b><\/p>\n<button type=\"button\" class=\"gdpr-preferences\" data-tab=\"gdpr-consent-management\">Veure prefer\u00e8ncies sobre privacitat<\/button>\n<p><b> Vull que esborreu el meu usuari i totes les dades que tingueu sobre mi. <\/b><\/p>\n\n<form class=\"gdpr-request-form gdpr-add-to-deletion-requests\" method=\"post\">\n\t<input type=\"hidden\" id=\"gdpr_request_nonce\" name=\"gdpr_request_nonce\" value=\"4459c997e1\" \/><input type=\"hidden\" name=\"_wp_http_referer\" value=\"\/ca\/wp-json\/wp\/v2\/pages\/7731\" \/>\t<input type=\"hidden\" name=\"action\" value=\"gdpr_send_request_email\">\n\t<input type=\"hidden\" name=\"type\" value=\"delete\">\n\t\t\t<input type=\"email\" name=\"user_email\" placeholder=\"email@domini.com\" required>\n\t\t<div class=\"g-recaptcha\" data-sitekey=\"6LflO1sUAAAAAEbnlLtiV4TzQ94DhzOF9KIQpZqj\"><\/div>\t\t<input type=\"submit\" value=\"Tanca el meu compte\">\n<\/form>\n\n<p><b> Si vols que rectifiquem algun dels teus dades que tinguem emmagatzemats, pots notificar a trav\u00e9s del seg\u00fcent formulari. <\/b><\/p>\n<form class=\"gdpr-request-form gdpr-add-to-rectify-requests confirmed\" method=\"post\">\n\t<input type=\"hidden\" id=\"gdpr_request_nonce\" name=\"gdpr_request_nonce\" value=\"4459c997e1\" \/><input type=\"hidden\" name=\"_wp_http_referer\" value=\"\/ca\/wp-json\/wp\/v2\/pages\/7731\" \/>\t<input type=\"hidden\" name=\"action\" value=\"gdpr_send_request_email\">\n\t<input type=\"hidden\" name=\"type\" value=\"rectify\">\n\t\t\t<input type=\"email\" name=\"user_email\" placeholder=\"email@domini.com\" required>\n\t\t<textarea name=\"data\" rows=\"5\" required placeholder=\"Tecleja la sol\u00b7licitud de rectificaci\u00f3 aqu\u00ed\"><\/textarea>\n\t<div class=\"g-recaptcha\" data-sitekey=\"6LflO1sUAAAAAEbnlLtiV4TzQ94DhzOF9KIQpZqj\"><\/div>\t\t<input type=\"submit\" value=\"Tramet\">\n<\/form>\n\n<p><b> Si vols fer alguna reclamaci\u00f3 per algun teves dades pots notificar a trav\u00e9s del seg\u00fcent formulari. &lt;\/ b&gt;<\/b><\/p>\n<form class=\"gdpr-request-form gdpr-add-to-complaint-requests confirmed\" method=\"post\">\n\t<input type=\"hidden\" id=\"gdpr_request_nonce\" name=\"gdpr_request_nonce\" value=\"4459c997e1\" \/><input type=\"hidden\" name=\"_wp_http_referer\" value=\"\/ca\/wp-json\/wp\/v2\/pages\/7731\" \/>\t<input type=\"hidden\" name=\"action\" value=\"gdpr_send_request_email\">\n\t<input type=\"hidden\" name=\"type\" value=\"complaint\">\n\t\t\t<input type=\"email\" name=\"user_email\" placeholder=\"email@domini.com\" required>\n\t\t<textarea name=\"data\" rows=\"5\" required placeholder=\"Tecleja la queixa aqu\u00ed\"><\/textarea>\n\n\t<div class=\"g-recaptcha\" data-sitekey=\"6LflO1sUAAAAAEbnlLtiV4TzQ94DhzOF9KIQpZqj\"><\/div>\t\t<input type=\"submit\" value=\"Tramet\">\n<\/form>\n\n<p><b> Aqu\u00ed pots descarregar les dades que tenim sobre tu. <\/b><\/p>\n<form class=\"gdpr-request-form gdpr-export-data-form confirmed\" method=\"post\">\n\t<input type=\"hidden\" id=\"gdpr_request_nonce\" name=\"gdpr_request_nonce\" value=\"4459c997e1\" \/><input type=\"hidden\" name=\"_wp_http_referer\" value=\"\/ca\/wp-json\/wp\/v2\/pages\/7731\" \/>\t<input type=\"hidden\" name=\"action\" value=\"gdpr_send_request_email\">\n\t<input type=\"hidden\" name=\"type\" value=\"export-data\">\n\t\t\t<input type=\"email\" name=\"user_email\" placeholder=\"email@domini.com\" required>\n\t\t<div class=\"g-recaptcha\" data-sitekey=\"6LflO1sUAAAAAEbnlLtiV4TzQ94DhzOF9KIQpZqj\"><\/div>\t\t<input type=\"submit\" value=\"Baixa les dades\">\n<\/form>\n\n","protected":false},"excerpt":{"rendered":"<p>En compliment del Reglament General de Protecci\u00f3 de Dades, t&#8217;informem que les dades que ens facilites a trav\u00e9s dels diferents formularis d&#8217;aquest lloc web passaran a formar part de fitxers informatitzats propietat de Dr. Javier Del Pozo Rosell\u00f3\u00a0amb el les finalitats exclusives per al que s\u00f3n sol\u00b7licitats. Responsable del tractament de dades personals Dades de [&hellip;]<\/p>\n","protected":false},"author":5,"featured_media":0,"parent":0,"menu_order":0,"comment_status":"open","ping_status":"open","template":"","meta":{"_joinchat":[],"footnotes":""},"class_list":["post-7731","page","type-page","status-publish","hentry"],"yoast_head":"<!-- This site is optimized with the Yoast SEO plugin v26.3 - https:\/\/yoast.com\/wordpress\/plugins\/seo\/ -->\n<title>Pol\u00edtica de privacitat - Cl\u00ednica Ginecol\u00f2gica<\/title>\n<meta name=\"robots\" content=\"index, follow, max-snippet:-1, max-image-preview:large, max-video-preview:-1\" \/>\n<link rel=\"canonical\" href=\"https:\/\/www.clinicaginecologica.org\/ca\/politica-de-privacitat\/\" \/>\n<meta property=\"og:locale\" content=\"ca_ES\" \/>\n<meta property=\"og:type\" content=\"article\" \/>\n<meta property=\"og:title\" content=\"Pol\u00edtica de privacitat - Cl\u00ednica Ginecol\u00f2gica\" \/>\n<meta property=\"og:description\" content=\"En compliment del Reglament General de Protecci\u00f3 de Dades, t&#8217;informem que les dades que ens facilites a trav\u00e9s dels diferents formularis d&#8217;aquest lloc web passaran a formar part de fitxers informatitzats propietat de Dr. Javier Del Pozo Rosell\u00f3\u00a0amb el les finalitats exclusives per al que s\u00f3n sol\u00b7licitats. Responsable del tractament de dades personals Dades de [&hellip;]\" \/>\n<meta property=\"og:url\" content=\"https:\/\/www.clinicaginecologica.org\/ca\/politica-de-privacitat\/\" \/>\n<meta property=\"og:site_name\" content=\"Cl\u00ednica Ginecol\u00f2gica\" \/>\n<meta property=\"article:modified_time\" content=\"2018-05-28T09:02:27+00:00\" \/>\n<meta name=\"twitter:card\" content=\"summary_large_image\" \/>\n<meta name=\"twitter:label1\" content=\"Temps estimat de lectura\" \/>\n\t<meta name=\"twitter:data1\" content=\"3 minuts\" \/>\n<script type=\"application\/ld+json\" class=\"yoast-schema-graph\">{\"@context\":\"https:\/\/schema.org\",\"@graph\":[{\"@type\":\"WebPage\",\"@id\":\"https:\/\/www.clinicaginecologica.org\/ca\/politica-de-privacitat\/\",\"url\":\"https:\/\/www.clinicaginecologica.org\/ca\/politica-de-privacitat\/\",\"name\":\"Pol\u00edtica de privacitat - Cl\u00ednica Ginecol\u00f2gica\",\"isPartOf\":{\"@id\":\"https:\/\/www.clinicaginecologica.org\/ca\/#website\"},\"datePublished\":\"2015-05-13T16:06:21+00:00\",\"dateModified\":\"2018-05-28T09:02:27+00:00\",\"breadcrumb\":{\"@id\":\"https:\/\/www.clinicaginecologica.org\/ca\/politica-de-privacitat\/#breadcrumb\"},\"inLanguage\":\"ca\",\"potentialAction\":[{\"@type\":\"ReadAction\",\"target\":[\"https:\/\/www.clinicaginecologica.org\/ca\/politica-de-privacitat\/\"]}]},{\"@type\":\"BreadcrumbList\",\"@id\":\"https:\/\/www.clinicaginecologica.org\/ca\/politica-de-privacitat\/#breadcrumb\",\"itemListElement\":[{\"@type\":\"ListItem\",\"position\":1,\"name\":\"Portada\",\"item\":\"https:\/\/www.clinicaginecologica.org\/ca\/\"},{\"@type\":\"ListItem\",\"position\":2,\"name\":\"Pol\u00edtica de privacitat\"}]},{\"@type\":\"WebSite\",\"@id\":\"https:\/\/www.clinicaginecologica.org\/ca\/#website\",\"url\":\"https:\/\/www.clinicaginecologica.org\/ca\/\",\"name\":\"Cl\u00ednica Ginecol\u00f2gica\",\"description\":\"El seu ginec\u00f2leg a Barcelona\",\"potentialAction\":[{\"@type\":\"SearchAction\",\"target\":{\"@type\":\"EntryPoint\",\"urlTemplate\":\"https:\/\/www.clinicaginecologica.org\/ca\/?s={search_term_string}\"},\"query-input\":{\"@type\":\"PropertyValueSpecification\",\"valueRequired\":true,\"valueName\":\"search_term_string\"}}],\"inLanguage\":\"ca\"}]}<\/script>\n<!-- \/ Yoast SEO plugin. -->","yoast_head_json":{"title":"Pol\u00edtica de privacitat - Cl\u00ednica Ginecol\u00f2gica","robots":{"index":"index","follow":"follow","max-snippet":"max-snippet:-1","max-image-preview":"max-image-preview:large","max-video-preview":"max-video-preview:-1"},"canonical":"https:\/\/www.clinicaginecologica.org\/ca\/politica-de-privacitat\/","og_locale":"ca_ES","og_type":"article","og_title":"Pol\u00edtica de privacitat - Cl\u00ednica Ginecol\u00f2gica","og_description":"En compliment del Reglament General de Protecci\u00f3 de Dades, t&#8217;informem que les dades que ens facilites a trav\u00e9s dels diferents formularis d&#8217;aquest lloc web passaran a formar part de fitxers informatitzats propietat de Dr. Javier Del Pozo Rosell\u00f3\u00a0amb el les finalitats exclusives per al que s\u00f3n sol\u00b7licitats. Responsable del tractament de dades personals Dades de [&hellip;]","og_url":"https:\/\/www.clinicaginecologica.org\/ca\/politica-de-privacitat\/","og_site_name":"Cl\u00ednica Ginecol\u00f2gica","article_modified_time":"2018-05-28T09:02:27+00:00","twitter_card":"summary_large_image","twitter_misc":{"Temps estimat de lectura":"3 minuts"},"schema":{"@context":"https:\/\/schema.org","@graph":[{"@type":"WebPage","@id":"https:\/\/www.clinicaginecologica.org\/ca\/politica-de-privacitat\/","url":"https:\/\/www.clinicaginecologica.org\/ca\/politica-de-privacitat\/","name":"Pol\u00edtica de privacitat - Cl\u00ednica Ginecol\u00f2gica","isPartOf":{"@id":"https:\/\/www.clinicaginecologica.org\/ca\/#website"},"datePublished":"2015-05-13T16:06:21+00:00","dateModified":"2018-05-28T09:02:27+00:00","breadcrumb":{"@id":"https:\/\/www.clinicaginecologica.org\/ca\/politica-de-privacitat\/#breadcrumb"},"inLanguage":"ca","potentialAction":[{"@type":"ReadAction","target":["https:\/\/www.clinicaginecologica.org\/ca\/politica-de-privacitat\/"]}]},{"@type":"BreadcrumbList","@id":"https:\/\/www.clinicaginecologica.org\/ca\/politica-de-privacitat\/#breadcrumb","itemListElement":[{"@type":"ListItem","position":1,"name":"Portada","item":"https:\/\/www.clinicaginecologica.org\/ca\/"},{"@type":"ListItem","position":2,"name":"Pol\u00edtica de privacitat"}]},{"@type":"WebSite","@id":"https:\/\/www.clinicaginecologica.org\/ca\/#website","url":"https:\/\/www.clinicaginecologica.org\/ca\/","name":"Cl\u00ednica Ginecol\u00f2gica","description":"El seu ginec\u00f2leg a Barcelona","potentialAction":[{"@type":"SearchAction","target":{"@type":"EntryPoint","urlTemplate":"https:\/\/www.clinicaginecologica.org\/ca\/?s={search_term_string}"},"query-input":{"@type":"PropertyValueSpecification","valueRequired":true,"valueName":"search_term_string"}}],"inLanguage":"ca"}]}},"_links":{"self":[{"href":"https:\/\/www.clinicaginecologica.org\/ca\/wp-json\/wp\/v2\/pages\/7731","targetHints":{"allow":["GET"]}}],"collection":[{"href":"https:\/\/www.clinicaginecologica.org\/ca\/wp-json\/wp\/v2\/pages"}],"about":[{"href":"https:\/\/www.clinicaginecologica.org\/ca\/wp-json\/wp\/v2\/types\/page"}],"author":[{"embeddable":true,"href":"https:\/\/www.clinicaginecologica.org\/ca\/wp-json\/wp\/v2\/users\/5"}],"replies":[{"embeddable":true,"href":"https:\/\/www.clinicaginecologica.org\/ca\/wp-json\/wp\/v2\/comments?post=7731"}],"version-history":[{"count":4,"href":"https:\/\/www.clinicaginecologica.org\/ca\/wp-json\/wp\/v2\/pages\/7731\/revisions"}],"predecessor-version":[{"id":11173,"href":"https:\/\/www.clinicaginecologica.org\/ca\/wp-json\/wp\/v2\/pages\/7731\/revisions\/11173"}],"wp:attachment":[{"href":"https:\/\/www.clinicaginecologica.org\/ca\/wp-json\/wp\/v2\/media?parent=7731"}],"curies":[{"name":"wp","href":"https:\/\/api.w.org\/{rel}","templated":true}]}}