{"id":7098,"date":"2015-04-29T10:35:24","date_gmt":"2015-04-29T10:35:24","guid":{"rendered":"http:\/\/www.clinicaginecologica.org\/?page_id=7098"},"modified":"2025-10-31T11:52:31","modified_gmt":"2025-10-31T10:52:31","slug":"installacions","status":"publish","type":"page","link":"https:\/\/www.clinicaginecologica.org\/ca\/installacions\/","title":{"rendered":"Instal\u00b7lacions"},"content":{"rendered":"<p style=\"text-align: justify;\">L\u2019Hospital Quir\u00f3n Teknon ofereix un servei integral de salut en un entorn en el qual prima l&#8217;atenci\u00f3 personalitzada amb el suport de la tecnologia m\u00e9s avan\u00e7ada en cadascuna de les \u00e0rees d&#8217;atenci\u00f3 al pacient.<\/p>\n<p style=\"text-align: justify;\">Les instal\u00b7lacions actuals, inaugurades el 1994, cobreixen m\u00e9s de 60.000 m2. El campus d&#8217;Hospital Quir\u00f3n Teknon es divideix en vuit grans \u00e0rees, totes elles connectades entre si i amb acc\u00e9s directe des de les 1.000 places d&#8217;aparcament de qu\u00e8 disposa el centre:<\/p>\n<h3>Hospitalitzaci\u00f3<br \/>\n<img loading=\"lazy\" decoding=\"async\" class=\"size-full wp-image-6920 alignleft\" src=\"http:\/\/www.clinicaginecologica.org\/wp-content\/uploads\/2015\/04\/img-hospitalizacion.jpg\" alt=\"img-hospitalizacion\" width=\"291\" height=\"268\" \/><\/h3>\n<p>&nbsp;<\/p>\n<p>&nbsp;<\/p>\n<p>&nbsp;<\/p>\n<p>&nbsp;<\/p>\n<p>&nbsp;<\/p>\n<p>&nbsp;<\/p>\n<p>&nbsp;<\/p>\n<p>&nbsp;<\/p>\n<p style=\"text-align: justify;\">Hospitalitzaci\u00f3 amb habitacions molt lluminoses, climatitzaci\u00f3 individualitzada, TV i tot l&#8217;equipament m\u00e8dic i sanitari necessari. El centre compta amb: 300 habitacions individuals, 19 suites i 12 incubadores.<\/p>\n<div class=\"clear\"><\/div>\n<div><\/div>\n<h3>\u00c0rea Quir\u00fargica<\/h3>\n<h3><img loading=\"lazy\" decoding=\"async\" class=\"alignleft wp-image-11131\" src=\"http:\/\/www.clinicaginecologica.org\/ca\/wp-content\/uploads\/sites\/2\/2017\/11\/Equipo-Clinica-Ginecologica-quirofano.png\" alt=\"\" width=\"413\" height=\"195\" srcset=\"https:\/\/www.clinicaginecologica.org\/ca\/wp-content\/uploads\/sites\/2\/2017\/11\/Equipo-Clinica-Ginecologica-quirofano.png 800w, https:\/\/www.clinicaginecologica.org\/ca\/wp-content\/uploads\/sites\/2\/2017\/11\/Equipo-Clinica-Ginecologica-quirofano-300x142.png 300w, https:\/\/www.clinicaginecologica.org\/ca\/wp-content\/uploads\/sites\/2\/2017\/11\/Equipo-Clinica-Ginecologica-quirofano-768x363.png 768w\" sizes=\"auto, (max-width: 413px) 100vw, 413px\" \/><\/h3>\n<h3><img loading=\"lazy\" decoding=\"async\" class=\"alignleft wp-image-11087\" src=\"http:\/\/www.clinicaginecologica.org\/ca\/wp-content\/uploads\/sites\/2\/2017\/11\/dr-del-pozo-quirofano.jpg\" alt=\"\" width=\"288\" height=\"193\" srcset=\"https:\/\/www.clinicaginecologica.org\/ca\/wp-content\/uploads\/sites\/2\/2017\/11\/dr-del-pozo-quirofano.jpg 640w, https:\/\/www.clinicaginecologica.org\/ca\/wp-content\/uploads\/sites\/2\/2017\/11\/dr-del-pozo-quirofano-300x200.jpg 300w\" sizes=\"auto, (max-width: 288px) 100vw, 288px\" \/><\/h3>\n<p>&nbsp;<\/p>\n<p>&nbsp;<\/p>\n<p>&nbsp;<\/p>\n<p>&nbsp;<\/p>\n<p>&nbsp;<\/p>\n<p>&nbsp;<\/p>\n<p style=\"text-align: justify;\">L&#8217;\u00c0rea Quir\u00fargica disposa de 20 quir\u00f2fans equipats amb la tecnologia m\u00e9s innovadora, en els quals es realitzen unes 14.000 intervencions anuals.<\/p>\n<div class=\"clear\"><\/div>\n<div><\/div>\n<div><\/div>\n<h3>Hospital de Dia<br \/>\n<img loading=\"lazy\" decoding=\"async\" class=\"size-full wp-image-6936 alignleft\" src=\"http:\/\/www.clinicaginecologica.org\/wp-content\/uploads\/2015\/04\/img-hosp-dia.jpg\" alt=\"img-hosp-dia\" width=\"291\" height=\"268\" \/><\/h3>\n<p>&nbsp;<\/p>\n<p>&nbsp;<\/p>\n<p>&nbsp;<\/p>\n<p>&nbsp;<\/p>\n<p>&nbsp;<\/p>\n<p>&nbsp;<\/p>\n<p>&nbsp;<\/p>\n<p>&nbsp;<\/p>\n<p style=\"text-align: justify;\">L&#8217;Hospital de Dia va ser creat per a tots aquells pacients el tractament no necessita pernoctar al centre i compta amb: 42 habitacions i 3 quir\u00f2fans de cirurgia ambulat\u00f2ria.<\/p>\n<div class=\"clear\"><\/div>\n<div><\/div>\n<div><\/div>\n<h3>Consultoris<\/h3>\n<p><img loading=\"lazy\" decoding=\"async\" class=\"alignleft wp-image-11132\" src=\"http:\/\/www.clinicaginecologica.org\/ca\/wp-content\/uploads\/sites\/2\/2017\/11\/consultoris-sala-espera.png\" alt=\"\" width=\"316\" height=\"211\" srcset=\"https:\/\/www.clinicaginecologica.org\/ca\/wp-content\/uploads\/sites\/2\/2017\/11\/consultoris-sala-espera.png 800w, https:\/\/www.clinicaginecologica.org\/ca\/wp-content\/uploads\/sites\/2\/2017\/11\/consultoris-sala-espera-300x200.png 300w, https:\/\/www.clinicaginecologica.org\/ca\/wp-content\/uploads\/sites\/2\/2017\/11\/consultoris-sala-espera-768x512.png 768w\" sizes=\"auto, (max-width: 316px) 100vw, 316px\" \/><\/p>\n<p><img loading=\"lazy\" decoding=\"async\" class=\"alignleft wp-image-11150\" src=\"http:\/\/www.clinicaginecologica.org\/ca\/wp-content\/uploads\/sites\/2\/2018\/04\/recepcion-clinica-ginecologica.jpg\" alt=\"\" width=\"302\" height=\"201\" srcset=\"https:\/\/www.clinicaginecologica.org\/ca\/wp-content\/uploads\/sites\/2\/2018\/04\/recepcion-clinica-ginecologica.jpg 1200w, https:\/\/www.clinicaginecologica.org\/ca\/wp-content\/uploads\/sites\/2\/2018\/04\/recepcion-clinica-ginecologica-300x200.jpg 300w, https:\/\/www.clinicaginecologica.org\/ca\/wp-content\/uploads\/sites\/2\/2018\/04\/recepcion-clinica-ginecologica-768x512.jpg 768w, https:\/\/www.clinicaginecologica.org\/ca\/wp-content\/uploads\/sites\/2\/2018\/04\/recepcion-clinica-ginecologica-1024x683.jpg 1024w\" sizes=\"auto, (max-width: 302px) 100vw, 302px\" \/><\/p>\n<p>&nbsp;<\/p>\n<p>&nbsp;<\/p>\n<p>&nbsp;<\/p>\n<p>&nbsp;<\/p>\n<p>&nbsp;<\/p>\n<p>&nbsp;<\/p>\n<p>&nbsp;<\/p>\n<p style=\"text-align: justify;\">Consultoris amb un cos facultatiu de m\u00e9s de 300 professionals m\u00e8dics que cobreixen totes les especialitats medicoquir\u00fargiques d&#8217;adults i pedi\u00e0triques. Tots els serveis estan connectats entre si mitjan\u00e7ant circuits interns exclusius per als pacients. L&#8217;\u00e0rea de Consultoris disposa de: 2 edificis de Consultes amb 96 despatxos m\u00e8dics, Connexi\u00f3 directa amb la cl\u00ednica i Acc\u00e9s directe des del p\u00e0rquing.<\/p>\n<div class=\"clear\"><\/div>\n<div><\/div>\n<div><\/div>\n<h3>Servei de Diagn\u00f2stics<br \/>\n<img loading=\"lazy\" decoding=\"async\" class=\"size-full wp-image-6935 alignleft\" src=\"http:\/\/www.clinicaginecologica.org\/wp-content\/uploads\/2015\/04\/img-diagnosticos.jpg\" alt=\"img-diagnosticos\" width=\"291\" height=\"268\" \/><\/h3>\n<p><img loading=\"lazy\" decoding=\"async\" class=\"alignleft wp-image-11134\" src=\"http:\/\/www.clinicaginecologica.org\/ca\/wp-content\/uploads\/sites\/2\/2017\/11\/ecografia.jpg\" alt=\"\" width=\"362\" height=\"241\" srcset=\"https:\/\/www.clinicaginecologica.org\/ca\/wp-content\/uploads\/sites\/2\/2017\/11\/ecografia.jpg 600w, https:\/\/www.clinicaginecologica.org\/ca\/wp-content\/uploads\/sites\/2\/2017\/11\/ecografia-300x200.jpg 300w\" sizes=\"auto, (max-width: 362px) 100vw, 362px\" \/><\/p>\n<p>&nbsp;<\/p>\n<p>&nbsp;<\/p>\n<p>&nbsp;<\/p>\n<p>&nbsp;<\/p>\n<p>&nbsp;<\/p>\n<p>&nbsp;<\/p>\n<p>&nbsp;<\/p>\n<p>&nbsp;<\/p>\n<p style=\"text-align: justify;\">L&#8217;\u00e0rea de Servei de Diagn\u00f2stics, que est\u00e0 subdividida en: Diagn\u00f2stic per la Imatge, Laboratori i altres proves complement\u00e0ries.<\/p>\n<div class=\"clear\"><\/div>\n<div><\/div>\n<h3>Servei\u00a0d&#8217;Urg\u00e8ncies<br \/>\n<img loading=\"lazy\" decoding=\"async\" class=\"size-full wp-image-6937 alignleft\" src=\"http:\/\/www.clinicaginecologica.org\/wp-content\/uploads\/2015\/04\/img-urgencias.jpg\" alt=\"img-urgencias\" width=\"291\" height=\"268\" \/><\/h3>\n<p>&nbsp;<\/p>\n<p>&nbsp;<\/p>\n<p>&nbsp;<\/p>\n<p>&nbsp;<\/p>\n<p>&nbsp;<\/p>\n<p>&nbsp;<\/p>\n<p>&nbsp;<\/p>\n<p>&nbsp;<\/p>\n<p style=\"text-align: justify;\">El Servei d&#8217;Urg\u00e8ncies est\u00e0 permanentment de gu\u00e0rdia les 24 hores del dia, 365 dies a l&#8217;any. Compta amb un equip de professionals de primera l\u00ednia i amb els mitjans t\u00e8cnics m\u00e9s avan\u00e7ats per respondre amb rapidesa, efic\u00e0cia i seguretat a les 300 urg\u00e8ncies di\u00e0ries que at\u00e9n de mitjana Hospital Quir\u00f3n Teknon.<\/p>\n","protected":false},"excerpt":{"rendered":"<p>El Centro M\u00e9dic Teknon ofereix un servei integral de salut en un entorn en el qual prima l&#8217;atenci\u00f3 personalitzada amb el suport de la tecnologia m\u00e9s avan\u00e7ada en cadascuna de les \u00e0rees d&#8217;atenci\u00f3 al pacient.<\/p>\n","protected":false},"author":5,"featured_media":7947,"parent":0,"menu_order":0,"comment_status":"open","ping_status":"open","template":"","meta":{"_joinchat":[],"footnotes":""},"class_list":["post-7098","page","type-page","status-publish","has-post-thumbnail","hentry"],"yoast_head":"<!-- This site is optimized with the Yoast SEO plugin v26.3 - https:\/\/yoast.com\/wordpress\/plugins\/seo\/ -->\n<title>Instal\u00b7lacions - Cl\u00ednica Ginecol\u00f2gica<\/title>\n<meta name=\"robots\" content=\"index, follow, max-snippet:-1, max-image-preview:large, max-video-preview:-1\" \/>\n<link rel=\"canonical\" href=\"https:\/\/www.clinicaginecologica.org\/ca\/installacions\/\" \/>\n<meta property=\"og:locale\" content=\"ca_ES\" \/>\n<meta property=\"og:type\" content=\"article\" \/>\n<meta property=\"og:title\" content=\"Instal\u00b7lacions - Cl\u00ednica Ginecol\u00f2gica\" \/>\n<meta property=\"og:description\" content=\"El Centro M\u00e9dic Teknon ofereix un servei integral de salut en un entorn en el qual prima l&#039;atenci\u00f3 personalitzada amb el suport de la tecnologia m\u00e9s avan\u00e7ada en cadascuna de les \u00e0rees d&#039;atenci\u00f3 al pacient.\" \/>\n<meta property=\"og:url\" content=\"https:\/\/www.clinicaginecologica.org\/ca\/installacions\/\" \/>\n<meta property=\"og:site_name\" content=\"Cl\u00ednica Ginecol\u00f2gica\" \/>\n<meta property=\"article:modified_time\" content=\"2025-10-31T10:52:31+00:00\" \/>\n<meta property=\"og:image\" content=\"https:\/\/www.clinicaginecologica.org\/ca\/wp-content\/uploads\/sites\/2\/2013\/03\/Exterior-CMT-fa\u00e7ana1.jpg\" \/>\n\t<meta property=\"og:image:width\" content=\"960\" \/>\n\t<meta property=\"og:image:height\" content=\"720\" \/>\n\t<meta property=\"og:image:type\" content=\"image\/jpeg\" \/>\n<meta name=\"twitter:card\" content=\"summary_large_image\" \/>\n<meta name=\"twitter:label1\" content=\"Temps estimat de lectura\" \/>\n\t<meta name=\"twitter:data1\" content=\"4 minuts\" \/>\n<script type=\"application\/ld+json\" class=\"yoast-schema-graph\">{\"@context\":\"https:\/\/schema.org\",\"@graph\":[{\"@type\":\"WebPage\",\"@id\":\"https:\/\/www.clinicaginecologica.org\/ca\/installacions\/\",\"url\":\"https:\/\/www.clinicaginecologica.org\/ca\/installacions\/\",\"name\":\"Instal\u00b7lacions - Cl\u00ednica Ginecol\u00f2gica\",\"isPartOf\":{\"@id\":\"https:\/\/www.clinicaginecologica.org\/ca\/#website\"},\"primaryImageOfPage\":{\"@id\":\"https:\/\/www.clinicaginecologica.org\/ca\/installacions\/#primaryimage\"},\"image\":{\"@id\":\"https:\/\/www.clinicaginecologica.org\/ca\/installacions\/#primaryimage\"},\"thumbnailUrl\":\"https:\/\/www.clinicaginecologica.org\/ca\/wp-content\/uploads\/sites\/2\/2013\/03\/Exterior-CMT-fa\u00e7ana1.jpg\",\"datePublished\":\"2015-04-29T10:35:24+00:00\",\"dateModified\":\"2025-10-31T10:52:31+00:00\",\"breadcrumb\":{\"@id\":\"https:\/\/www.clinicaginecologica.org\/ca\/installacions\/#breadcrumb\"},\"inLanguage\":\"ca\",\"potentialAction\":[{\"@type\":\"ReadAction\",\"target\":[\"https:\/\/www.clinicaginecologica.org\/ca\/installacions\/\"]}]},{\"@type\":\"ImageObject\",\"inLanguage\":\"ca\",\"@id\":\"https:\/\/www.clinicaginecologica.org\/ca\/installacions\/#primaryimage\",\"url\":\"https:\/\/www.clinicaginecologica.org\/ca\/wp-content\/uploads\/sites\/2\/2013\/03\/Exterior-CMT-fa\u00e7ana1.jpg\",\"contentUrl\":\"https:\/\/www.clinicaginecologica.org\/ca\/wp-content\/uploads\/sites\/2\/2013\/03\/Exterior-CMT-fa\u00e7ana1.jpg\",\"width\":960,\"height\":720},{\"@type\":\"BreadcrumbList\",\"@id\":\"https:\/\/www.clinicaginecologica.org\/ca\/installacions\/#breadcrumb\",\"itemListElement\":[{\"@type\":\"ListItem\",\"position\":1,\"name\":\"Portada\",\"item\":\"https:\/\/www.clinicaginecologica.org\/ca\/\"},{\"@type\":\"ListItem\",\"position\":2,\"name\":\"Instal\u00b7lacions\"}]},{\"@type\":\"WebSite\",\"@id\":\"https:\/\/www.clinicaginecologica.org\/ca\/#website\",\"url\":\"https:\/\/www.clinicaginecologica.org\/ca\/\",\"name\":\"Cl\u00ednica Ginecol\u00f2gica\",\"description\":\"El seu ginec\u00f2leg a Barcelona\",\"potentialAction\":[{\"@type\":\"SearchAction\",\"target\":{\"@type\":\"EntryPoint\",\"urlTemplate\":\"https:\/\/www.clinicaginecologica.org\/ca\/?s={search_term_string}\"},\"query-input\":{\"@type\":\"PropertyValueSpecification\",\"valueRequired\":true,\"valueName\":\"search_term_string\"}}],\"inLanguage\":\"ca\"}]}<\/script>\n<!-- \/ Yoast SEO plugin. -->","yoast_head_json":{"title":"Instal\u00b7lacions - Cl\u00ednica Ginecol\u00f2gica","robots":{"index":"index","follow":"follow","max-snippet":"max-snippet:-1","max-image-preview":"max-image-preview:large","max-video-preview":"max-video-preview:-1"},"canonical":"https:\/\/www.clinicaginecologica.org\/ca\/installacions\/","og_locale":"ca_ES","og_type":"article","og_title":"Instal\u00b7lacions - Cl\u00ednica Ginecol\u00f2gica","og_description":"El Centro M\u00e9dic Teknon ofereix un servei integral de salut en un entorn en el qual prima l'atenci\u00f3 personalitzada amb el suport de la tecnologia m\u00e9s avan\u00e7ada en cadascuna de les \u00e0rees d'atenci\u00f3 al pacient.","og_url":"https:\/\/www.clinicaginecologica.org\/ca\/installacions\/","og_site_name":"Cl\u00ednica Ginecol\u00f2gica","article_modified_time":"2025-10-31T10:52:31+00:00","og_image":[{"width":960,"height":720,"url":"https:\/\/www.clinicaginecologica.org\/ca\/wp-content\/uploads\/sites\/2\/2013\/03\/Exterior-CMT-fa\u00e7ana1.jpg","type":"image\/jpeg"}],"twitter_card":"summary_large_image","twitter_misc":{"Temps estimat de lectura":"4 minuts"},"schema":{"@context":"https:\/\/schema.org","@graph":[{"@type":"WebPage","@id":"https:\/\/www.clinicaginecologica.org\/ca\/installacions\/","url":"https:\/\/www.clinicaginecologica.org\/ca\/installacions\/","name":"Instal\u00b7lacions - Cl\u00ednica Ginecol\u00f2gica","isPartOf":{"@id":"https:\/\/www.clinicaginecologica.org\/ca\/#website"},"primaryImageOfPage":{"@id":"https:\/\/www.clinicaginecologica.org\/ca\/installacions\/#primaryimage"},"image":{"@id":"https:\/\/www.clinicaginecologica.org\/ca\/installacions\/#primaryimage"},"thumbnailUrl":"https:\/\/www.clinicaginecologica.org\/ca\/wp-content\/uploads\/sites\/2\/2013\/03\/Exterior-CMT-fa\u00e7ana1.jpg","datePublished":"2015-04-29T10:35:24+00:00","dateModified":"2025-10-31T10:52:31+00:00","breadcrumb":{"@id":"https:\/\/www.clinicaginecologica.org\/ca\/installacions\/#breadcrumb"},"inLanguage":"ca","potentialAction":[{"@type":"ReadAction","target":["https:\/\/www.clinicaginecologica.org\/ca\/installacions\/"]}]},{"@type":"ImageObject","inLanguage":"ca","@id":"https:\/\/www.clinicaginecologica.org\/ca\/installacions\/#primaryimage","url":"https:\/\/www.clinicaginecologica.org\/ca\/wp-content\/uploads\/sites\/2\/2013\/03\/Exterior-CMT-fa\u00e7ana1.jpg","contentUrl":"https:\/\/www.clinicaginecologica.org\/ca\/wp-content\/uploads\/sites\/2\/2013\/03\/Exterior-CMT-fa\u00e7ana1.jpg","width":960,"height":720},{"@type":"BreadcrumbList","@id":"https:\/\/www.clinicaginecologica.org\/ca\/installacions\/#breadcrumb","itemListElement":[{"@type":"ListItem","position":1,"name":"Portada","item":"https:\/\/www.clinicaginecologica.org\/ca\/"},{"@type":"ListItem","position":2,"name":"Instal\u00b7lacions"}]},{"@type":"WebSite","@id":"https:\/\/www.clinicaginecologica.org\/ca\/#website","url":"https:\/\/www.clinicaginecologica.org\/ca\/","name":"Cl\u00ednica Ginecol\u00f2gica","description":"El seu ginec\u00f2leg a Barcelona","potentialAction":[{"@type":"SearchAction","target":{"@type":"EntryPoint","urlTemplate":"https:\/\/www.clinicaginecologica.org\/ca\/?s={search_term_string}"},"query-input":{"@type":"PropertyValueSpecification","valueRequired":true,"valueName":"search_term_string"}}],"inLanguage":"ca"}]}},"_links":{"self":[{"href":"https:\/\/www.clinicaginecologica.org\/ca\/wp-json\/wp\/v2\/pages\/7098","targetHints":{"allow":["GET"]}}],"collection":[{"href":"https:\/\/www.clinicaginecologica.org\/ca\/wp-json\/wp\/v2\/pages"}],"about":[{"href":"https:\/\/www.clinicaginecologica.org\/ca\/wp-json\/wp\/v2\/types\/page"}],"author":[{"embeddable":true,"href":"https:\/\/www.clinicaginecologica.org\/ca\/wp-json\/wp\/v2\/users\/5"}],"replies":[{"embeddable":true,"href":"https:\/\/www.clinicaginecologica.org\/ca\/wp-json\/wp\/v2\/comments?post=7098"}],"version-history":[{"count":10,"href":"https:\/\/www.clinicaginecologica.org\/ca\/wp-json\/wp\/v2\/pages\/7098\/revisions"}],"predecessor-version":[{"id":11398,"href":"https:\/\/www.clinicaginecologica.org\/ca\/wp-json\/wp\/v2\/pages\/7098\/revisions\/11398"}],"wp:featuredmedia":[{"embeddable":true,"href":"https:\/\/www.clinicaginecologica.org\/ca\/wp-json\/wp\/v2\/media\/7947"}],"wp:attachment":[{"href":"https:\/\/www.clinicaginecologica.org\/ca\/wp-json\/wp\/v2\/media?parent=7098"}],"curies":[{"name":"wp","href":"https:\/\/api.w.org\/{rel}","templated":true}]}}