{"id":6690,"date":"2015-04-07T16:38:24","date_gmt":"2015-04-07T14:38:24","guid":{"rendered":"http:\/\/www.clinicaginecologica.org\/?page_id=6690"},"modified":"2024-07-24T10:42:29","modified_gmt":"2024-07-24T08:42:29","slug":"laparoscopia-2","status":"publish","type":"page","link":"https:\/\/www.clinicaginecologica.org\/ca\/tractaments\/laparoscopia-2\/","title":{"rendered":"Laparosc\u00f2pia"},"content":{"rendered":"<h2><img loading=\"lazy\" decoding=\"async\" class=\" wp-image-11109 aligncenter\" src=\"http:\/\/www.clinicaginecologica.org\/ca\/wp-content\/uploads\/sites\/2\/2017\/11\/laparoscopia-ginecologica-01.jpg\" alt=\"\" width=\"513\" height=\"194\" srcset=\"https:\/\/www.clinicaginecologica.org\/ca\/wp-content\/uploads\/sites\/2\/2017\/11\/laparoscopia-ginecologica-01.jpg 640w, https:\/\/www.clinicaginecologica.org\/ca\/wp-content\/uploads\/sites\/2\/2017\/11\/laparoscopia-ginecologica-01-300x113.jpg 300w\" sizes=\"auto, (max-width: 513px) 100vw, 513px\" \/><\/h2>\n<h2>Per a qu\u00e8 serveix?<\/h2>\n<p>La cirurgia per laparosc\u00f2pia \u00e9s la t\u00e8cnica m\u00e9s \u00fatil per al tractament de les seg\u00fcents patologies:<\/p>\n<p>1. <a href=\"\/ca\/patologies\/quists-dovari\/\">Quists d&#8217;ovari<\/a>: Mitjan\u00e7ant la laparosc\u00f2pia s&#8217;extreu el quist conservant l&#8217;ovari, mantenint aix\u00ed la fertilitat de la dona.<\/p>\n<p>2. <a href=\"\/ca\/patologies\/incontinencia-urinaria\/\">Incontin\u00e8ncia urin\u00e0ria<\/a> i <a href=\"\/ca\/patologies\/prolapse-genital\/\">prolapse genital<\/a>: La cirurgia per laparosc\u00f2pia consisteix en la col\u00b7locaci\u00f3 d&#8217;una malla sint\u00e8tica que fixa els \u00f2rgans p\u00e8lvics cap al sacre. Est\u00e0 indicat en casos espec\u00edfics i quan el prolapse \u00e9s sever.<\/p>\n<p>3. <a href=\"\/ca\/patologies\/miomes-uterins\/\">Miomes<\/a>: Aquesta intervenci\u00f3 consisteix b\u00e0sicament en l&#8217;extracci\u00f3 del mioma i es podr\u00e0 conservar l&#8217;\u00fater per a futurs embarassos.<\/p>\n<p>4. <a href=\"\/ca\/patologies\/cistocele\/\">Cistocele<\/a> \/ <a href=\"\/ca\/patologies\/rectocele\/\">rectocele<\/a>: La cirurgia es realitza b\u00e0sicament per via vaginal i corregeix el descens de la bufeta per a tornar a posicionar-la en el seu lloc. Si alhora hi ha incontin\u00e8ncia d&#8217;orina, es pot procedir a la col\u00b7locaci\u00f3 de malles a la mateixa intervenci\u00f3.<\/p>\n<p>5. <a href=\"\/ca\/patologies\/endometriosi\/\">Endometriosi<\/a>: A trav\u00e9s d&#8217;aquesta cirurgia s&#8217;aconsegueix un major grau de precisi\u00f3 i identificaci\u00f3 dels focus d&#8217;endometriosi, amb la seva posterior eliminaci\u00f3.<\/p>\n<p>6. <a href=\"\/ca\/tractaments\/cirurgia-de-la-esterilitat\/\">Esterilitat<\/a>: Entre les accions m\u00e9s comunes que es realitzen en aquesta cirurgia estan la resecci\u00f3 de p\u00f2lips, de miomes submucosos, adher\u00e8ncies, etc. amb l&#8217;objectiu de solucionar els problemes de concepci\u00f3.<\/p>\n<p>Pot veure imatges reals de cirurgies realitzades per laparosc\u00f2pia al nostre apartat v\u00eddeos de cirurgies fent clic aqu\u00ed.<\/p>\n<h2>En qu\u00e8 consisteix?<\/h2>\n<p>Els aven\u00e7os tecnol\u00f2gics han facilitat i millorat en gran manera les intervencions quir\u00fargiques de tipus ginecol\u00f2gic. Una de les t\u00e8cniques m\u00e9s eficaces i utilitzades \u00e9s la <strong>laparosc\u00f2pia<\/strong>, que permet al metge visualitzar l&#8217;interior de l&#8217;abdomen i la pelvis de la pacient.<\/p>\n<p>El cirurgi\u00e0 realitza una petita incisi\u00f3 al melic, per on s&#8217;introduir\u00e0 un tub amb una c\u00e0mera diminuta, el laparoscopi, i que li permetr\u00e0 visualitzar els \u00f2rgans de la pacient sense haver de realitzar una cirurgia major.<\/p>\n<p>Per mitj\u00e0 d&#8217;aquesta cambra i amb altres instruments, el metge realitzar\u00e0 la cirurgia que necessita la pacient, ja sigui, per exemple, una reconstrucci\u00f3 del s\u00f2l p\u00e8lvic o una histerectomia (extirpaci\u00f3 de l&#8217;\u00fater), tot amb una cirurgia m\u00ednimament invasiva.<\/p>\n<h3>Facilitar la recuperaci\u00f3<\/h3>\n<p>Depenent de l&#8217;operaci\u00f3, la pacient rebr\u00e0 anest\u00e8sia local o general. En tot cas, els avantatges de la cirurgia per laparosc\u00f2pia enfront de la cirurgia ginecol\u00f2gica convencional s\u00f3n notables.<\/p>\n<ul>\n<li>El temps d&#8217;hospitalitzaci\u00f3 \u00e9s menor. A les 24 h. o 48 h. despr\u00e9s de la intervenci\u00f3 la pacient podr\u00e0 tornar a casa, i al cap d&#8217;una setmana, podr\u00e0 fer vida normal. Tamb\u00e9 disminuiran les incomoditats i el dolor propis d&#8217;una intervenci\u00f3 quir\u00fargica.<\/li>\n<li>Com que \u00e9s una cirurgia m\u00e9s precisa, augmenten les possibilitats de mantenir la fertilitat de les pacients. Hi ha menys complicacions infeccioses, ja que l&#8217;abdomen roman tancat i amb una ferida diminuta. La possibilitat de contaminaci\u00f3 per gases, guants i sutures tamb\u00e9 disminueix.<\/li>\n<li>Sense cicatriu. Els avantatges est\u00e8tics s\u00f3n obvis, ja que la cicatriu d&#8217;una laparosc\u00f2pia \u00e9s pr\u00e0cticament inexistent, enfront de les cicatrius grans de la cirurgia convencional.<\/li>\n<\/ul>\n<h4>Coneix els<a href=\"http:\/\/www.clinicaginecologica.org\/ca\/tractaments\/laparoscopia-2\/avantatges-la-laparoscopia\/\"> avantatges de la cirug\u00eda per laparosc\u00f2pia<\/a>.<\/h4>\n<p>&nbsp;<\/p>\n","protected":false},"excerpt":{"rendered":"<p>Per a qu\u00e8 serveix? La cirurgia per laparosc\u00f2pia \u00e9s la t\u00e8cnica m\u00e9s \u00fatil per al tractament de les seg\u00fcents patologies: 1. Quists d&#8217;ovari: Mitjan\u00e7ant la laparosc\u00f2pia s&#8217;extreu el quist conservant l&#8217;ovari, mantenint aix\u00ed la fertilitat de la dona. 2. Incontin\u00e8ncia urin\u00e0ria i prolapse genital: La cirurgia per laparosc\u00f2pia consisteix en la col\u00b7locaci\u00f3 d&#8217;una malla sint\u00e8tica [&hellip;]<\/p>\n","protected":false},"author":5,"featured_media":11130,"parent":9226,"menu_order":0,"comment_status":"open","ping_status":"closed","template":"","meta":{"_joinchat":[],"footnotes":""},"class_list":["post-6690","page","type-page","status-publish","has-post-thumbnail","hentry"],"yoast_head":"<!-- This site is optimized with the Yoast SEO plugin v26.3 - https:\/\/yoast.com\/wordpress\/plugins\/seo\/ -->\n<title>Laparosc\u00f2pia - Cl\u00ednica Ginecol\u00f2gica<\/title>\n<meta name=\"robots\" content=\"index, follow, max-snippet:-1, max-image-preview:large, max-video-preview:-1\" \/>\n<link rel=\"canonical\" href=\"https:\/\/www.clinicaginecologica.org\/ca\/tractaments\/laparoscopia-2\/\" \/>\n<meta property=\"og:locale\" content=\"ca_ES\" \/>\n<meta property=\"og:type\" content=\"article\" \/>\n<meta property=\"og:title\" content=\"Laparosc\u00f2pia - Cl\u00ednica Ginecol\u00f2gica\" \/>\n<meta property=\"og:description\" content=\"Per a qu\u00e8 serveix? La cirurgia per laparosc\u00f2pia \u00e9s la t\u00e8cnica m\u00e9s \u00fatil per al tractament de les seg\u00fcents patologies: 1. Quists d&#8217;ovari: Mitjan\u00e7ant la laparosc\u00f2pia s&#8217;extreu el quist conservant l&#8217;ovari, mantenint aix\u00ed la fertilitat de la dona. 2. Incontin\u00e8ncia urin\u00e0ria i prolapse genital: La cirurgia per laparosc\u00f2pia consisteix en la col\u00b7locaci\u00f3 d&#8217;una malla sint\u00e8tica [&hellip;]\" \/>\n<meta property=\"og:url\" content=\"https:\/\/www.clinicaginecologica.org\/ca\/tractaments\/laparoscopia-2\/\" \/>\n<meta property=\"og:site_name\" content=\"Cl\u00ednica Ginecol\u00f2gica\" \/>\n<meta property=\"article:modified_time\" content=\"2024-07-24T08:42:29+00:00\" \/>\n<meta property=\"og:image\" content=\"https:\/\/www.clinicaginecologica.org\/ca\/wp-content\/uploads\/sites\/2\/2017\/11\/laparoscopia-ginecologica.jpg\" \/>\n\t<meta property=\"og:image:width\" content=\"640\" \/>\n\t<meta property=\"og:image:height\" content=\"427\" \/>\n\t<meta property=\"og:image:type\" content=\"image\/jpeg\" \/>\n<meta name=\"twitter:card\" content=\"summary_large_image\" \/>\n<meta name=\"twitter:label1\" content=\"Temps estimat de lectura\" \/>\n\t<meta name=\"twitter:data1\" content=\"4 minuts\" \/>\n<script type=\"application\/ld+json\" class=\"yoast-schema-graph\">{\"@context\":\"https:\/\/schema.org\",\"@graph\":[{\"@type\":\"WebPage\",\"@id\":\"https:\/\/www.clinicaginecologica.org\/ca\/tractaments\/laparoscopia-2\/\",\"url\":\"https:\/\/www.clinicaginecologica.org\/ca\/tractaments\/laparoscopia-2\/\",\"name\":\"Laparosc\u00f2pia - Cl\u00ednica Ginecol\u00f2gica\",\"isPartOf\":{\"@id\":\"https:\/\/www.clinicaginecologica.org\/ca\/#website\"},\"primaryImageOfPage\":{\"@id\":\"https:\/\/www.clinicaginecologica.org\/ca\/tractaments\/laparoscopia-2\/#primaryimage\"},\"image\":{\"@id\":\"https:\/\/www.clinicaginecologica.org\/ca\/tractaments\/laparoscopia-2\/#primaryimage\"},\"thumbnailUrl\":\"https:\/\/www.clinicaginecologica.org\/ca\/wp-content\/uploads\/sites\/2\/2017\/11\/laparoscopia-ginecologica.jpg\",\"datePublished\":\"2015-04-07T14:38:24+00:00\",\"dateModified\":\"2024-07-24T08:42:29+00:00\",\"breadcrumb\":{\"@id\":\"https:\/\/www.clinicaginecologica.org\/ca\/tractaments\/laparoscopia-2\/#breadcrumb\"},\"inLanguage\":\"ca\",\"potentialAction\":[{\"@type\":\"ReadAction\",\"target\":[\"https:\/\/www.clinicaginecologica.org\/ca\/tractaments\/laparoscopia-2\/\"]}]},{\"@type\":\"ImageObject\",\"inLanguage\":\"ca\",\"@id\":\"https:\/\/www.clinicaginecologica.org\/ca\/tractaments\/laparoscopia-2\/#primaryimage\",\"url\":\"https:\/\/www.clinicaginecologica.org\/ca\/wp-content\/uploads\/sites\/2\/2017\/11\/laparoscopia-ginecologica.jpg\",\"contentUrl\":\"https:\/\/www.clinicaginecologica.org\/ca\/wp-content\/uploads\/sites\/2\/2017\/11\/laparoscopia-ginecologica.jpg\",\"width\":640,\"height\":427},{\"@type\":\"BreadcrumbList\",\"@id\":\"https:\/\/www.clinicaginecologica.org\/ca\/tractaments\/laparoscopia-2\/#breadcrumb\",\"itemListElement\":[{\"@type\":\"ListItem\",\"position\":1,\"name\":\"Portada\",\"item\":\"https:\/\/www.clinicaginecologica.org\/ca\/\"},{\"@type\":\"ListItem\",\"position\":2,\"name\":\"Tractaments\",\"item\":\"https:\/\/www.clinicaginecologica.org\/ca\/tractaments\/\"},{\"@type\":\"ListItem\",\"position\":3,\"name\":\"Laparosc\u00f2pia\"}]},{\"@type\":\"WebSite\",\"@id\":\"https:\/\/www.clinicaginecologica.org\/ca\/#website\",\"url\":\"https:\/\/www.clinicaginecologica.org\/ca\/\",\"name\":\"Cl\u00ednica Ginecol\u00f2gica\",\"description\":\"El seu ginec\u00f2leg a Barcelona\",\"potentialAction\":[{\"@type\":\"SearchAction\",\"target\":{\"@type\":\"EntryPoint\",\"urlTemplate\":\"https:\/\/www.clinicaginecologica.org\/ca\/?s={search_term_string}\"},\"query-input\":{\"@type\":\"PropertyValueSpecification\",\"valueRequired\":true,\"valueName\":\"search_term_string\"}}],\"inLanguage\":\"ca\"}]}<\/script>\n<!-- \/ Yoast SEO plugin. -->","yoast_head_json":{"title":"Laparosc\u00f2pia - Cl\u00ednica Ginecol\u00f2gica","robots":{"index":"index","follow":"follow","max-snippet":"max-snippet:-1","max-image-preview":"max-image-preview:large","max-video-preview":"max-video-preview:-1"},"canonical":"https:\/\/www.clinicaginecologica.org\/ca\/tractaments\/laparoscopia-2\/","og_locale":"ca_ES","og_type":"article","og_title":"Laparosc\u00f2pia - Cl\u00ednica Ginecol\u00f2gica","og_description":"Per a qu\u00e8 serveix? La cirurgia per laparosc\u00f2pia \u00e9s la t\u00e8cnica m\u00e9s \u00fatil per al tractament de les seg\u00fcents patologies: 1. Quists d&#8217;ovari: Mitjan\u00e7ant la laparosc\u00f2pia s&#8217;extreu el quist conservant l&#8217;ovari, mantenint aix\u00ed la fertilitat de la dona. 2. Incontin\u00e8ncia urin\u00e0ria i prolapse genital: La cirurgia per laparosc\u00f2pia consisteix en la col\u00b7locaci\u00f3 d&#8217;una malla sint\u00e8tica [&hellip;]","og_url":"https:\/\/www.clinicaginecologica.org\/ca\/tractaments\/laparoscopia-2\/","og_site_name":"Cl\u00ednica Ginecol\u00f2gica","article_modified_time":"2024-07-24T08:42:29+00:00","og_image":[{"width":640,"height":427,"url":"https:\/\/www.clinicaginecologica.org\/ca\/wp-content\/uploads\/sites\/2\/2017\/11\/laparoscopia-ginecologica.jpg","type":"image\/jpeg"}],"twitter_card":"summary_large_image","twitter_misc":{"Temps estimat de lectura":"4 minuts"},"schema":{"@context":"https:\/\/schema.org","@graph":[{"@type":"WebPage","@id":"https:\/\/www.clinicaginecologica.org\/ca\/tractaments\/laparoscopia-2\/","url":"https:\/\/www.clinicaginecologica.org\/ca\/tractaments\/laparoscopia-2\/","name":"Laparosc\u00f2pia - Cl\u00ednica Ginecol\u00f2gica","isPartOf":{"@id":"https:\/\/www.clinicaginecologica.org\/ca\/#website"},"primaryImageOfPage":{"@id":"https:\/\/www.clinicaginecologica.org\/ca\/tractaments\/laparoscopia-2\/#primaryimage"},"image":{"@id":"https:\/\/www.clinicaginecologica.org\/ca\/tractaments\/laparoscopia-2\/#primaryimage"},"thumbnailUrl":"https:\/\/www.clinicaginecologica.org\/ca\/wp-content\/uploads\/sites\/2\/2017\/11\/laparoscopia-ginecologica.jpg","datePublished":"2015-04-07T14:38:24+00:00","dateModified":"2024-07-24T08:42:29+00:00","breadcrumb":{"@id":"https:\/\/www.clinicaginecologica.org\/ca\/tractaments\/laparoscopia-2\/#breadcrumb"},"inLanguage":"ca","potentialAction":[{"@type":"ReadAction","target":["https:\/\/www.clinicaginecologica.org\/ca\/tractaments\/laparoscopia-2\/"]}]},{"@type":"ImageObject","inLanguage":"ca","@id":"https:\/\/www.clinicaginecologica.org\/ca\/tractaments\/laparoscopia-2\/#primaryimage","url":"https:\/\/www.clinicaginecologica.org\/ca\/wp-content\/uploads\/sites\/2\/2017\/11\/laparoscopia-ginecologica.jpg","contentUrl":"https:\/\/www.clinicaginecologica.org\/ca\/wp-content\/uploads\/sites\/2\/2017\/11\/laparoscopia-ginecologica.jpg","width":640,"height":427},{"@type":"BreadcrumbList","@id":"https:\/\/www.clinicaginecologica.org\/ca\/tractaments\/laparoscopia-2\/#breadcrumb","itemListElement":[{"@type":"ListItem","position":1,"name":"Portada","item":"https:\/\/www.clinicaginecologica.org\/ca\/"},{"@type":"ListItem","position":2,"name":"Tractaments","item":"https:\/\/www.clinicaginecologica.org\/ca\/tractaments\/"},{"@type":"ListItem","position":3,"name":"Laparosc\u00f2pia"}]},{"@type":"WebSite","@id":"https:\/\/www.clinicaginecologica.org\/ca\/#website","url":"https:\/\/www.clinicaginecologica.org\/ca\/","name":"Cl\u00ednica Ginecol\u00f2gica","description":"El seu ginec\u00f2leg a Barcelona","potentialAction":[{"@type":"SearchAction","target":{"@type":"EntryPoint","urlTemplate":"https:\/\/www.clinicaginecologica.org\/ca\/?s={search_term_string}"},"query-input":{"@type":"PropertyValueSpecification","valueRequired":true,"valueName":"search_term_string"}}],"inLanguage":"ca"}]}},"_links":{"self":[{"href":"https:\/\/www.clinicaginecologica.org\/ca\/wp-json\/wp\/v2\/pages\/6690","targetHints":{"allow":["GET"]}}],"collection":[{"href":"https:\/\/www.clinicaginecologica.org\/ca\/wp-json\/wp\/v2\/pages"}],"about":[{"href":"https:\/\/www.clinicaginecologica.org\/ca\/wp-json\/wp\/v2\/types\/page"}],"author":[{"embeddable":true,"href":"https:\/\/www.clinicaginecologica.org\/ca\/wp-json\/wp\/v2\/users\/5"}],"replies":[{"embeddable":true,"href":"https:\/\/www.clinicaginecologica.org\/ca\/wp-json\/wp\/v2\/comments?post=6690"}],"version-history":[{"count":4,"href":"https:\/\/www.clinicaginecologica.org\/ca\/wp-json\/wp\/v2\/pages\/6690\/revisions"}],"predecessor-version":[{"id":11336,"href":"https:\/\/www.clinicaginecologica.org\/ca\/wp-json\/wp\/v2\/pages\/6690\/revisions\/11336"}],"up":[{"embeddable":true,"href":"https:\/\/www.clinicaginecologica.org\/ca\/wp-json\/wp\/v2\/pages\/9226"}],"wp:featuredmedia":[{"embeddable":true,"href":"https:\/\/www.clinicaginecologica.org\/ca\/wp-json\/wp\/v2\/media\/11130"}],"wp:attachment":[{"href":"https:\/\/www.clinicaginecologica.org\/ca\/wp-json\/wp\/v2\/media?parent=6690"}],"curies":[{"name":"wp","href":"https:\/\/api.w.org\/{rel}","templated":true}]}}