{"id":6663,"date":"2015-04-06T16:16:39","date_gmt":"2015-04-06T14:16:39","guid":{"rendered":"http:\/\/www.clinicaginecologica.org\/?page_id=6663"},"modified":"2025-10-31T11:48:40","modified_gmt":"2025-10-31T10:48:40","slug":"histerectomia","status":"publish","type":"page","link":"https:\/\/www.clinicaginecologica.org\/ca\/tractaments\/histerectomia\/","title":{"rendered":"Cirurgia ginecol\u00f2gica"},"content":{"rendered":"<p><div class=\"rwd-video\"><iframe loading=\"lazy\" title=\"Histerectomia laser diodo hp\" src=\"https:\/\/player.vimeo.com\/video\/58358762?dnt=1&amp;app_id=122963\" width=\"500\" height=\"400\" frameborder=\"0\" allow=\"autoplay; fullscreen; picture-in-picture; clipboard-write; encrypted-media; web-share\" referrerpolicy=\"strict-origin-when-cross-origin\"><\/iframe><\/div><\/p>\n<p>La histerectomia \u00e9s una intervenci\u00f3 quir\u00fargica que consisteix en l&#8217;extirpaci\u00f3 de l&#8217;\u00fater i es realitza quan aquest \u00f2rgan est\u00e0 afectat per alguna patologia que afecta la salut de la dona.<\/p>\n<p>Es pot realitzar una histerectomia total, que consisteix en l&#8217;extirpaci\u00f3 completa de l&#8217;\u00fater, \u00e9s a dir del cos i del coll uter\u00ed (c\u00e8rvix). Amb tot, en l&#8217;actualitat es tendeix a realitzar una cirurgia conservadora i, sempre que sigui possible, es treu \u00fanicament l&#8217;\u00fater, deixant el coll uter\u00ed (histerectomia subtotal o supracervical).<\/p>\n<p>Pot veure imatges reals d&#8217;una histerectomia realitzada per laparosc\u00f2pia amb laser de diode al nostre apartat videos de cirurgies fent clic aqu\u00ed.<\/p>\n<h2>Qu\u00e8 \u00e9s el coll uter\u00ed o c\u00e8rvix?<\/h2>\n<p>\u00c9s la part inferior de l&#8217;\u00fater, que connecta amb la vagina, i pel qual surt la sang de l&#8217;\u00fater durant la menstruaci\u00f3 i es dilata durant el part per deixar que passi el nad\u00f3. El coll uter\u00ed tamb\u00e9 t\u00e9 un important paper en l&#8217;est\u00edmul sexual i l&#8217;orgasme.<\/p>\n<h2>Histerectomia supracervical per laparosc\u00f2pia<\/h2>\n<p>A Cl\u00ednica Ginecol\u00f2gica realitzem l&#8217;extirpaci\u00f3 de l&#8217;\u00fater per <a href=\"\/ca\/tractaments\/laparoscopia\/\">laparosc\u00f2pia<\/a>, una t\u00e8cnica m\u00ednimament invasiva, de manera que la recuperaci\u00f3 de la pacient \u00e9s m\u00e9s c\u00f2moda i r\u00e0pida que en una intervenci\u00f3 tradicional.<\/p>\n<p>Despr\u00e9s d&#8217;unes m\u00ednimes incisions a l&#8217;abdomen (de 5 a 10 mm), s&#8217;introdueix un endoscopi (instrument que cont\u00e9 llum i una \u00f2ptica) i una micro c\u00e0mera, que transmeten la visi\u00f3 de l&#8217;anatomia interna de la pacient a un monitor. A continuaci\u00f3, el ginec\u00f2leg introdueix un aparell especial, el morcelador, que trosseja i extreu l&#8217;\u00fater.<\/p>\n<p>La intervenci\u00f3 es realitza sota anest\u00e8sia general. En poques ocasions, al voltant d&#8217;un 5% de les pacients, el ginec\u00f2leg decideix realitzar una laparotomia despr\u00e9s de visualitzar la patologia de la pacient a la pantalla. La laparotomia \u00e9s l&#8217;obertura de la cavitat abdominal.<\/p>\n<h2>Quan \u00e9s necess\u00e0ria l&#8217;extirpaci\u00f3 del coll uter\u00ed?<\/h2>\n<p>Encara que actualment es tendeix a la cirurgia conservadora, en les pacients que presenten anomalies en el coll uter\u00ed, \u00e9s recomanable extirpar, a m\u00e9s de l&#8217;\u00fater, el coll uter\u00ed o c\u00e8rvix. Per exemple, quan hi ha el risc de desenvolupar un c\u00e0ncer, en esquin\u00e7aments importants del coll uter\u00ed per traumatismes relacionats amb el part, i en els <a href=\"\/ca\/patologies\/prolapse-uteri\/\">prolapses uterins<\/a> (quan hagi baixat tot l&#8217;\u00fater). El c\u00e8rvix \u00e9s un \u00f2rgan important que no ha de ser extirpat sense que hi hagi una indicaci\u00f3 precisa.<\/p>\n<h2>Quins avantatges t\u00e9 la cirurgia per laparosc\u00f2pia?<\/h2>\n<p>La pacient es recupera molt millor i en menys temps: una estada de 24-48 hores a la cl\u00ednica \u00e9s suficient. Disminueix el dolor post-operatori. Les conseq\u00fc\u00e8ncies est\u00e8tiques s\u00f3n m\u00ednimes, ja que les incisions s\u00f3n molt petites. Aquest tipus d&#8217;operaci\u00f3 permet que la dona continu\u00ef gaudint d&#8217;unes bones relacions sexuals.<\/p>\n<h2>\u00bfSeguir\u00e9 tenint la menstruaci\u00f3?<\/h2>\n<p>Despr\u00e9s de la histerectomia no es presentaran m\u00e9s menstruacions. No obstant aix\u00f2, i de manera ocasional, es podran produir petites hemorr\u00e0gies amb car\u00e0cter c\u00edclic, encara que aquesta situaci\u00f3 no \u00e9s l&#8217;habitual.<\/p>\n<h2>Revisions despr\u00e9s de la histerectomia<\/h2>\n<p>Per a una bona salut de l&#8217;aparell genital, la dona s&#8217;ha de fer revisions ginecol\u00f2giques peri\u00f2diques. Les dones amb una histerectomia supracervical (o subtotal) s&#8217;han de fer una citologia (test de Papanicolau) anual.<\/p>\n<p>&nbsp;<\/p>\n","protected":false},"excerpt":{"rendered":"<p>La histerectomia \u00e9s una intervenci\u00f3 quir\u00fargica que consisteix en l&#8217;extirpaci\u00f3 de l&#8217;\u00fater i es realitza quan aquest \u00f2rgan est\u00e0 afectat per alguna patologia que afecta la salut de la dona. Es tendeix a realitzar una cirurgia conservadora i, sempre que sigui possible, es treu \u00fanicament l&#8217;\u00fater, deixant el coll uter\u00ed.<\/p>\n","protected":false},"author":5,"featured_media":8361,"parent":9226,"menu_order":0,"comment_status":"open","ping_status":"closed","template":"","meta":{"_joinchat":[],"footnotes":""},"class_list":["post-6663","page","type-page","status-publish","has-post-thumbnail","hentry"],"yoast_head":"<!-- This site is optimized with the Yoast SEO plugin v26.3 - https:\/\/yoast.com\/wordpress\/plugins\/seo\/ -->\n<title>Cirurgia ginecol\u00f2gica - Cl\u00ednica Ginecol\u00f2gica<\/title>\n<meta name=\"robots\" content=\"index, follow, max-snippet:-1, max-image-preview:large, max-video-preview:-1\" \/>\n<link rel=\"canonical\" href=\"https:\/\/www.clinicaginecologica.org\/ca\/tractaments\/histerectomia\/\" \/>\n<meta property=\"og:locale\" content=\"ca_ES\" \/>\n<meta property=\"og:type\" content=\"article\" \/>\n<meta property=\"og:title\" content=\"Cirurgia ginecol\u00f2gica - Cl\u00ednica Ginecol\u00f2gica\" \/>\n<meta property=\"og:description\" content=\"La histerectomia \u00e9s una intervenci\u00f3 quir\u00fargica que consisteix en l&#039;extirpaci\u00f3 de l&#039;\u00fater i es realitza quan aquest \u00f2rgan est\u00e0 afectat per alguna patologia que afecta la salut de la dona. Es tendeix a realitzar una cirurgia conservadora i, sempre que sigui possible, es treu \u00fanicament l&#039;\u00fater, deixant el coll uter\u00ed.\" \/>\n<meta property=\"og:url\" content=\"https:\/\/www.clinicaginecologica.org\/ca\/tractaments\/histerectomia\/\" \/>\n<meta property=\"og:site_name\" content=\"Cl\u00ednica Ginecol\u00f2gica\" \/>\n<meta property=\"article:modified_time\" content=\"2025-10-31T10:48:40+00:00\" \/>\n<meta property=\"og:image\" content=\"https:\/\/www.clinicaginecologica.org\/ca\/wp-content\/uploads\/sites\/2\/2015\/04\/endometriosis.jpg\" \/>\n\t<meta property=\"og:image:width\" content=\"948\" \/>\n\t<meta property=\"og:image:height\" content=\"535\" \/>\n\t<meta property=\"og:image:type\" content=\"image\/jpeg\" \/>\n<meta name=\"twitter:card\" content=\"summary_large_image\" \/>\n<meta name=\"twitter:label1\" content=\"Temps estimat de lectura\" \/>\n\t<meta name=\"twitter:data1\" content=\"3 minuts\" \/>\n<script type=\"application\/ld+json\" class=\"yoast-schema-graph\">{\"@context\":\"https:\/\/schema.org\",\"@graph\":[{\"@type\":\"WebPage\",\"@id\":\"https:\/\/www.clinicaginecologica.org\/ca\/tractaments\/histerectomia\/\",\"url\":\"https:\/\/www.clinicaginecologica.org\/ca\/tractaments\/histerectomia\/\",\"name\":\"Cirurgia ginecol\u00f2gica - Cl\u00ednica Ginecol\u00f2gica\",\"isPartOf\":{\"@id\":\"https:\/\/www.clinicaginecologica.org\/ca\/#website\"},\"primaryImageOfPage\":{\"@id\":\"https:\/\/www.clinicaginecologica.org\/ca\/tractaments\/histerectomia\/#primaryimage\"},\"image\":{\"@id\":\"https:\/\/www.clinicaginecologica.org\/ca\/tractaments\/histerectomia\/#primaryimage\"},\"thumbnailUrl\":\"https:\/\/www.clinicaginecologica.org\/ca\/wp-content\/uploads\/sites\/2\/2015\/04\/endometriosis.jpg\",\"datePublished\":\"2015-04-06T14:16:39+00:00\",\"dateModified\":\"2025-10-31T10:48:40+00:00\",\"breadcrumb\":{\"@id\":\"https:\/\/www.clinicaginecologica.org\/ca\/tractaments\/histerectomia\/#breadcrumb\"},\"inLanguage\":\"ca\",\"potentialAction\":[{\"@type\":\"ReadAction\",\"target\":[\"https:\/\/www.clinicaginecologica.org\/ca\/tractaments\/histerectomia\/\"]}]},{\"@type\":\"ImageObject\",\"inLanguage\":\"ca\",\"@id\":\"https:\/\/www.clinicaginecologica.org\/ca\/tractaments\/histerectomia\/#primaryimage\",\"url\":\"https:\/\/www.clinicaginecologica.org\/ca\/wp-content\/uploads\/sites\/2\/2015\/04\/endometriosis.jpg\",\"contentUrl\":\"https:\/\/www.clinicaginecologica.org\/ca\/wp-content\/uploads\/sites\/2\/2015\/04\/endometriosis.jpg\",\"width\":948,\"height\":535},{\"@type\":\"BreadcrumbList\",\"@id\":\"https:\/\/www.clinicaginecologica.org\/ca\/tractaments\/histerectomia\/#breadcrumb\",\"itemListElement\":[{\"@type\":\"ListItem\",\"position\":1,\"name\":\"Portada\",\"item\":\"https:\/\/www.clinicaginecologica.org\/ca\/\"},{\"@type\":\"ListItem\",\"position\":2,\"name\":\"Tractaments\",\"item\":\"https:\/\/www.clinicaginecologica.org\/ca\/tractaments\/\"},{\"@type\":\"ListItem\",\"position\":3,\"name\":\"Cirurgia ginecol\u00f2gica\"}]},{\"@type\":\"WebSite\",\"@id\":\"https:\/\/www.clinicaginecologica.org\/ca\/#website\",\"url\":\"https:\/\/www.clinicaginecologica.org\/ca\/\",\"name\":\"Cl\u00ednica Ginecol\u00f2gica\",\"description\":\"El seu ginec\u00f2leg a Barcelona\",\"potentialAction\":[{\"@type\":\"SearchAction\",\"target\":{\"@type\":\"EntryPoint\",\"urlTemplate\":\"https:\/\/www.clinicaginecologica.org\/ca\/?s={search_term_string}\"},\"query-input\":{\"@type\":\"PropertyValueSpecification\",\"valueRequired\":true,\"valueName\":\"search_term_string\"}}],\"inLanguage\":\"ca\"}]}<\/script>\n<!-- \/ Yoast SEO plugin. -->","yoast_head_json":{"title":"Cirurgia ginecol\u00f2gica - Cl\u00ednica Ginecol\u00f2gica","robots":{"index":"index","follow":"follow","max-snippet":"max-snippet:-1","max-image-preview":"max-image-preview:large","max-video-preview":"max-video-preview:-1"},"canonical":"https:\/\/www.clinicaginecologica.org\/ca\/tractaments\/histerectomia\/","og_locale":"ca_ES","og_type":"article","og_title":"Cirurgia ginecol\u00f2gica - Cl\u00ednica Ginecol\u00f2gica","og_description":"La histerectomia \u00e9s una intervenci\u00f3 quir\u00fargica que consisteix en l'extirpaci\u00f3 de l'\u00fater i es realitza quan aquest \u00f2rgan est\u00e0 afectat per alguna patologia que afecta la salut de la dona. Es tendeix a realitzar una cirurgia conservadora i, sempre que sigui possible, es treu \u00fanicament l'\u00fater, deixant el coll uter\u00ed.","og_url":"https:\/\/www.clinicaginecologica.org\/ca\/tractaments\/histerectomia\/","og_site_name":"Cl\u00ednica Ginecol\u00f2gica","article_modified_time":"2025-10-31T10:48:40+00:00","og_image":[{"width":948,"height":535,"url":"https:\/\/www.clinicaginecologica.org\/ca\/wp-content\/uploads\/sites\/2\/2015\/04\/endometriosis.jpg","type":"image\/jpeg"}],"twitter_card":"summary_large_image","twitter_misc":{"Temps estimat de lectura":"3 minuts"},"schema":{"@context":"https:\/\/schema.org","@graph":[{"@type":"WebPage","@id":"https:\/\/www.clinicaginecologica.org\/ca\/tractaments\/histerectomia\/","url":"https:\/\/www.clinicaginecologica.org\/ca\/tractaments\/histerectomia\/","name":"Cirurgia ginecol\u00f2gica - Cl\u00ednica Ginecol\u00f2gica","isPartOf":{"@id":"https:\/\/www.clinicaginecologica.org\/ca\/#website"},"primaryImageOfPage":{"@id":"https:\/\/www.clinicaginecologica.org\/ca\/tractaments\/histerectomia\/#primaryimage"},"image":{"@id":"https:\/\/www.clinicaginecologica.org\/ca\/tractaments\/histerectomia\/#primaryimage"},"thumbnailUrl":"https:\/\/www.clinicaginecologica.org\/ca\/wp-content\/uploads\/sites\/2\/2015\/04\/endometriosis.jpg","datePublished":"2015-04-06T14:16:39+00:00","dateModified":"2025-10-31T10:48:40+00:00","breadcrumb":{"@id":"https:\/\/www.clinicaginecologica.org\/ca\/tractaments\/histerectomia\/#breadcrumb"},"inLanguage":"ca","potentialAction":[{"@type":"ReadAction","target":["https:\/\/www.clinicaginecologica.org\/ca\/tractaments\/histerectomia\/"]}]},{"@type":"ImageObject","inLanguage":"ca","@id":"https:\/\/www.clinicaginecologica.org\/ca\/tractaments\/histerectomia\/#primaryimage","url":"https:\/\/www.clinicaginecologica.org\/ca\/wp-content\/uploads\/sites\/2\/2015\/04\/endometriosis.jpg","contentUrl":"https:\/\/www.clinicaginecologica.org\/ca\/wp-content\/uploads\/sites\/2\/2015\/04\/endometriosis.jpg","width":948,"height":535},{"@type":"BreadcrumbList","@id":"https:\/\/www.clinicaginecologica.org\/ca\/tractaments\/histerectomia\/#breadcrumb","itemListElement":[{"@type":"ListItem","position":1,"name":"Portada","item":"https:\/\/www.clinicaginecologica.org\/ca\/"},{"@type":"ListItem","position":2,"name":"Tractaments","item":"https:\/\/www.clinicaginecologica.org\/ca\/tractaments\/"},{"@type":"ListItem","position":3,"name":"Cirurgia ginecol\u00f2gica"}]},{"@type":"WebSite","@id":"https:\/\/www.clinicaginecologica.org\/ca\/#website","url":"https:\/\/www.clinicaginecologica.org\/ca\/","name":"Cl\u00ednica Ginecol\u00f2gica","description":"El seu ginec\u00f2leg a Barcelona","potentialAction":[{"@type":"SearchAction","target":{"@type":"EntryPoint","urlTemplate":"https:\/\/www.clinicaginecologica.org\/ca\/?s={search_term_string}"},"query-input":{"@type":"PropertyValueSpecification","valueRequired":true,"valueName":"search_term_string"}}],"inLanguage":"ca"}]}},"_links":{"self":[{"href":"https:\/\/www.clinicaginecologica.org\/ca\/wp-json\/wp\/v2\/pages\/6663","targetHints":{"allow":["GET"]}}],"collection":[{"href":"https:\/\/www.clinicaginecologica.org\/ca\/wp-json\/wp\/v2\/pages"}],"about":[{"href":"https:\/\/www.clinicaginecologica.org\/ca\/wp-json\/wp\/v2\/types\/page"}],"author":[{"embeddable":true,"href":"https:\/\/www.clinicaginecologica.org\/ca\/wp-json\/wp\/v2\/users\/5"}],"replies":[{"embeddable":true,"href":"https:\/\/www.clinicaginecologica.org\/ca\/wp-json\/wp\/v2\/comments?post=6663"}],"version-history":[{"count":5,"href":"https:\/\/www.clinicaginecologica.org\/ca\/wp-json\/wp\/v2\/pages\/6663\/revisions"}],"predecessor-version":[{"id":11397,"href":"https:\/\/www.clinicaginecologica.org\/ca\/wp-json\/wp\/v2\/pages\/6663\/revisions\/11397"}],"up":[{"embeddable":true,"href":"https:\/\/www.clinicaginecologica.org\/ca\/wp-json\/wp\/v2\/pages\/9226"}],"wp:featuredmedia":[{"embeddable":true,"href":"https:\/\/www.clinicaginecologica.org\/ca\/wp-json\/wp\/v2\/media\/8361"}],"wp:attachment":[{"href":"https:\/\/www.clinicaginecologica.org\/ca\/wp-json\/wp\/v2\/media?parent=6663"}],"curies":[{"name":"wp","href":"https:\/\/api.w.org\/{rel}","templated":true}]}}