{"id":6647,"date":"2015-04-05T16:09:53","date_gmt":"2015-04-05T14:09:53","guid":{"rendered":"http:\/\/www.clinicaginecologica.org\/?page_id=6647"},"modified":"2017-11-29T13:19:43","modified_gmt":"2017-11-29T12:19:43","slug":"cirurgia-de-la-incontinencia","status":"publish","type":"page","link":"https:\/\/www.clinicaginecologica.org\/ca\/tractaments\/cirurgia-de-la-incontinencia\/","title":{"rendered":"Cirurgia de la Incontin\u00e8ncia"},"content":{"rendered":"<h2><img loading=\"lazy\" decoding=\"async\" class=\" wp-image-8363 aligncenter\" src=\"http:\/\/www.clinicaginecologica.org\/ca\/wp-content\/uploads\/sites\/2\/2015\/04\/incontinencia-urinaria.jpg\" alt=\"\" width=\"500\" height=\"282\" srcset=\"https:\/\/www.clinicaginecologica.org\/ca\/wp-content\/uploads\/sites\/2\/2015\/04\/incontinencia-urinaria.jpg 948w, https:\/\/www.clinicaginecologica.org\/ca\/wp-content\/uploads\/sites\/2\/2015\/04\/incontinencia-urinaria-300x169.jpg 300w, https:\/\/www.clinicaginecologica.org\/ca\/wp-content\/uploads\/sites\/2\/2015\/04\/incontinencia-urinaria-768x433.jpg 768w\" sizes=\"auto, (max-width: 500px) 100vw, 500px\" \/><\/h2>\n<h2>Tractament de la incontin\u00e8ncia urin\u00e0ria<\/h2>\n<p>Actualment, la majoria de casos d&#8217;<a href=\"\/ca\/patologies\/incontinencia-urinaria\/\">incontin\u00e8ncia urin\u00e0ria<\/a> es poden resoldre satisfact\u00f2riament amb una intervenci\u00f3 quir\u00fargica. L&#8217;objectiu d&#8217;aquestes operacions \u00e9s frenar la p\u00e8rdua d&#8217;orina creant un suport a la uretra, que \u00e9s el tub que transporta l&#8217;orina des de la bufeta fins a l&#8217;exterior.<\/p>\n<p>La cirurgia consisteix en la col\u00b7locaci\u00f3 d&#8217;un teixit sint\u00e8tic (polipropil\u00e8 macroporus) sota de la uretra. Pot ser per via vaginal, com en els casos d&#8217;<a href=\"\/ca\/patologies\/incontinencia-urinaria\/\">incontin\u00e8ncia urin\u00e0ria per esfor\u00e7<\/a>, o per laparosc\u00f2pia, una t\u00e8cnica en qu\u00e8 el cirurgi\u00e0 s&#8217;ajuda d&#8217;una c\u00e0mera situada a l&#8217;interior de la cavitat p\u00e8lvica.<\/p>\n<h2>Cirurgia m\u00ednimament invasiva<\/h2>\n<p>Aquest tipus d&#8217;operacions no requereixen una llarga hospitalitzaci\u00f3 ja que s\u00f3n m\u00ednimament invasives. Un per\u00edode de 24 hores sol ser suficient perqu\u00e8 la pacient es recuperi i pugui tornar a casa a gaudir de la seva nova vida. Una nova etapa en qu\u00e8 recuperar\u00e0 la llibertat que havia tingut en el passat per realitzar tot tipus d&#8217;activitats i, tamb\u00e9, per gaudir d&#8217;una vida sexual plaent i no condicionada per la <a href=\"\/ca\/patologies\/incontinencia-urinaria\/\">incontin\u00e8ncia urin\u00e0ria<\/a>.<\/p>\n","protected":false},"excerpt":{"rendered":"<p>Tractament de la incontin\u00e8ncia urin\u00e0ria Actualment, la majoria de casos d&#8217;incontin\u00e8ncia urin\u00e0ria es poden resoldre satisfact\u00f2riament amb una intervenci\u00f3 quir\u00fargica. L&#8217;objectiu d&#8217;aquestes operacions \u00e9s frenar la p\u00e8rdua d&#8217;orina creant un suport a la uretra, que \u00e9s el tub que transporta l&#8217;orina des de la bufeta fins a l&#8217;exterior. La cirurgia consisteix en la col\u00b7locaci\u00f3 d&#8217;un [&hellip;]<\/p>\n","protected":false},"author":5,"featured_media":8363,"parent":9226,"menu_order":0,"comment_status":"open","ping_status":"closed","template":"","meta":{"_joinchat":[],"footnotes":""},"class_list":["post-6647","page","type-page","status-publish","has-post-thumbnail","hentry"],"yoast_head":"<!-- This site is optimized with the Yoast SEO plugin v26.3 - https:\/\/yoast.com\/wordpress\/plugins\/seo\/ -->\n<title>Cirurgia de la Incontin\u00e8ncia - Cl\u00ednica Ginecol\u00f2gica<\/title>\n<meta name=\"robots\" content=\"index, follow, max-snippet:-1, max-image-preview:large, max-video-preview:-1\" \/>\n<link rel=\"canonical\" href=\"https:\/\/www.clinicaginecologica.org\/ca\/tractaments\/cirurgia-de-la-incontinencia\/\" \/>\n<meta property=\"og:locale\" content=\"ca_ES\" \/>\n<meta property=\"og:type\" content=\"article\" \/>\n<meta property=\"og:title\" content=\"Cirurgia de la Incontin\u00e8ncia - Cl\u00ednica Ginecol\u00f2gica\" \/>\n<meta property=\"og:description\" content=\"Tractament de la incontin\u00e8ncia urin\u00e0ria Actualment, la majoria de casos d&#8217;incontin\u00e8ncia urin\u00e0ria es poden resoldre satisfact\u00f2riament amb una intervenci\u00f3 quir\u00fargica. L&#8217;objectiu d&#8217;aquestes operacions \u00e9s frenar la p\u00e8rdua d&#8217;orina creant un suport a la uretra, que \u00e9s el tub que transporta l&#8217;orina des de la bufeta fins a l&#8217;exterior. La cirurgia consisteix en la col\u00b7locaci\u00f3 d&#8217;un [&hellip;]\" \/>\n<meta property=\"og:url\" content=\"https:\/\/www.clinicaginecologica.org\/ca\/tractaments\/cirurgia-de-la-incontinencia\/\" \/>\n<meta property=\"og:site_name\" content=\"Cl\u00ednica Ginecol\u00f2gica\" \/>\n<meta property=\"article:modified_time\" content=\"2017-11-29T12:19:43+00:00\" \/>\n<meta property=\"og:image\" content=\"https:\/\/www.clinicaginecologica.org\/ca\/wp-content\/uploads\/sites\/2\/2015\/04\/incontinencia-urinaria.jpg\" \/>\n\t<meta property=\"og:image:width\" content=\"948\" \/>\n\t<meta property=\"og:image:height\" content=\"535\" \/>\n\t<meta property=\"og:image:type\" content=\"image\/jpeg\" \/>\n<meta name=\"twitter:card\" content=\"summary_large_image\" \/>\n<meta name=\"twitter:label1\" content=\"Temps estimat de lectura\" \/>\n\t<meta name=\"twitter:data1\" content=\"1 minut\" \/>\n<script type=\"application\/ld+json\" class=\"yoast-schema-graph\">{\"@context\":\"https:\/\/schema.org\",\"@graph\":[{\"@type\":\"WebPage\",\"@id\":\"https:\/\/www.clinicaginecologica.org\/ca\/tractaments\/cirurgia-de-la-incontinencia\/\",\"url\":\"https:\/\/www.clinicaginecologica.org\/ca\/tractaments\/cirurgia-de-la-incontinencia\/\",\"name\":\"Cirurgia de la Incontin\u00e8ncia - Cl\u00ednica Ginecol\u00f2gica\",\"isPartOf\":{\"@id\":\"https:\/\/www.clinicaginecologica.org\/ca\/#website\"},\"primaryImageOfPage\":{\"@id\":\"https:\/\/www.clinicaginecologica.org\/ca\/tractaments\/cirurgia-de-la-incontinencia\/#primaryimage\"},\"image\":{\"@id\":\"https:\/\/www.clinicaginecologica.org\/ca\/tractaments\/cirurgia-de-la-incontinencia\/#primaryimage\"},\"thumbnailUrl\":\"https:\/\/www.clinicaginecologica.org\/ca\/wp-content\/uploads\/sites\/2\/2015\/04\/incontinencia-urinaria.jpg\",\"datePublished\":\"2015-04-05T14:09:53+00:00\",\"dateModified\":\"2017-11-29T12:19:43+00:00\",\"breadcrumb\":{\"@id\":\"https:\/\/www.clinicaginecologica.org\/ca\/tractaments\/cirurgia-de-la-incontinencia\/#breadcrumb\"},\"inLanguage\":\"ca\",\"potentialAction\":[{\"@type\":\"ReadAction\",\"target\":[\"https:\/\/www.clinicaginecologica.org\/ca\/tractaments\/cirurgia-de-la-incontinencia\/\"]}]},{\"@type\":\"ImageObject\",\"inLanguage\":\"ca\",\"@id\":\"https:\/\/www.clinicaginecologica.org\/ca\/tractaments\/cirurgia-de-la-incontinencia\/#primaryimage\",\"url\":\"https:\/\/www.clinicaginecologica.org\/ca\/wp-content\/uploads\/sites\/2\/2015\/04\/incontinencia-urinaria.jpg\",\"contentUrl\":\"https:\/\/www.clinicaginecologica.org\/ca\/wp-content\/uploads\/sites\/2\/2015\/04\/incontinencia-urinaria.jpg\",\"width\":948,\"height\":535},{\"@type\":\"BreadcrumbList\",\"@id\":\"https:\/\/www.clinicaginecologica.org\/ca\/tractaments\/cirurgia-de-la-incontinencia\/#breadcrumb\",\"itemListElement\":[{\"@type\":\"ListItem\",\"position\":1,\"name\":\"Portada\",\"item\":\"https:\/\/www.clinicaginecologica.org\/ca\/\"},{\"@type\":\"ListItem\",\"position\":2,\"name\":\"Tractaments\",\"item\":\"https:\/\/www.clinicaginecologica.org\/ca\/tractaments\/\"},{\"@type\":\"ListItem\",\"position\":3,\"name\":\"Cirurgia de la Incontin\u00e8ncia\"}]},{\"@type\":\"WebSite\",\"@id\":\"https:\/\/www.clinicaginecologica.org\/ca\/#website\",\"url\":\"https:\/\/www.clinicaginecologica.org\/ca\/\",\"name\":\"Cl\u00ednica Ginecol\u00f2gica\",\"description\":\"El seu ginec\u00f2leg a Barcelona\",\"potentialAction\":[{\"@type\":\"SearchAction\",\"target\":{\"@type\":\"EntryPoint\",\"urlTemplate\":\"https:\/\/www.clinicaginecologica.org\/ca\/?s={search_term_string}\"},\"query-input\":{\"@type\":\"PropertyValueSpecification\",\"valueRequired\":true,\"valueName\":\"search_term_string\"}}],\"inLanguage\":\"ca\"}]}<\/script>\n<!-- \/ Yoast SEO plugin. -->","yoast_head_json":{"title":"Cirurgia de la Incontin\u00e8ncia - Cl\u00ednica Ginecol\u00f2gica","robots":{"index":"index","follow":"follow","max-snippet":"max-snippet:-1","max-image-preview":"max-image-preview:large","max-video-preview":"max-video-preview:-1"},"canonical":"https:\/\/www.clinicaginecologica.org\/ca\/tractaments\/cirurgia-de-la-incontinencia\/","og_locale":"ca_ES","og_type":"article","og_title":"Cirurgia de la Incontin\u00e8ncia - Cl\u00ednica Ginecol\u00f2gica","og_description":"Tractament de la incontin\u00e8ncia urin\u00e0ria Actualment, la majoria de casos d&#8217;incontin\u00e8ncia urin\u00e0ria es poden resoldre satisfact\u00f2riament amb una intervenci\u00f3 quir\u00fargica. L&#8217;objectiu d&#8217;aquestes operacions \u00e9s frenar la p\u00e8rdua d&#8217;orina creant un suport a la uretra, que \u00e9s el tub que transporta l&#8217;orina des de la bufeta fins a l&#8217;exterior. La cirurgia consisteix en la col\u00b7locaci\u00f3 d&#8217;un [&hellip;]","og_url":"https:\/\/www.clinicaginecologica.org\/ca\/tractaments\/cirurgia-de-la-incontinencia\/","og_site_name":"Cl\u00ednica Ginecol\u00f2gica","article_modified_time":"2017-11-29T12:19:43+00:00","og_image":[{"width":948,"height":535,"url":"https:\/\/www.clinicaginecologica.org\/ca\/wp-content\/uploads\/sites\/2\/2015\/04\/incontinencia-urinaria.jpg","type":"image\/jpeg"}],"twitter_card":"summary_large_image","twitter_misc":{"Temps estimat de lectura":"1 minut"},"schema":{"@context":"https:\/\/schema.org","@graph":[{"@type":"WebPage","@id":"https:\/\/www.clinicaginecologica.org\/ca\/tractaments\/cirurgia-de-la-incontinencia\/","url":"https:\/\/www.clinicaginecologica.org\/ca\/tractaments\/cirurgia-de-la-incontinencia\/","name":"Cirurgia de la Incontin\u00e8ncia - Cl\u00ednica Ginecol\u00f2gica","isPartOf":{"@id":"https:\/\/www.clinicaginecologica.org\/ca\/#website"},"primaryImageOfPage":{"@id":"https:\/\/www.clinicaginecologica.org\/ca\/tractaments\/cirurgia-de-la-incontinencia\/#primaryimage"},"image":{"@id":"https:\/\/www.clinicaginecologica.org\/ca\/tractaments\/cirurgia-de-la-incontinencia\/#primaryimage"},"thumbnailUrl":"https:\/\/www.clinicaginecologica.org\/ca\/wp-content\/uploads\/sites\/2\/2015\/04\/incontinencia-urinaria.jpg","datePublished":"2015-04-05T14:09:53+00:00","dateModified":"2017-11-29T12:19:43+00:00","breadcrumb":{"@id":"https:\/\/www.clinicaginecologica.org\/ca\/tractaments\/cirurgia-de-la-incontinencia\/#breadcrumb"},"inLanguage":"ca","potentialAction":[{"@type":"ReadAction","target":["https:\/\/www.clinicaginecologica.org\/ca\/tractaments\/cirurgia-de-la-incontinencia\/"]}]},{"@type":"ImageObject","inLanguage":"ca","@id":"https:\/\/www.clinicaginecologica.org\/ca\/tractaments\/cirurgia-de-la-incontinencia\/#primaryimage","url":"https:\/\/www.clinicaginecologica.org\/ca\/wp-content\/uploads\/sites\/2\/2015\/04\/incontinencia-urinaria.jpg","contentUrl":"https:\/\/www.clinicaginecologica.org\/ca\/wp-content\/uploads\/sites\/2\/2015\/04\/incontinencia-urinaria.jpg","width":948,"height":535},{"@type":"BreadcrumbList","@id":"https:\/\/www.clinicaginecologica.org\/ca\/tractaments\/cirurgia-de-la-incontinencia\/#breadcrumb","itemListElement":[{"@type":"ListItem","position":1,"name":"Portada","item":"https:\/\/www.clinicaginecologica.org\/ca\/"},{"@type":"ListItem","position":2,"name":"Tractaments","item":"https:\/\/www.clinicaginecologica.org\/ca\/tractaments\/"},{"@type":"ListItem","position":3,"name":"Cirurgia de la Incontin\u00e8ncia"}]},{"@type":"WebSite","@id":"https:\/\/www.clinicaginecologica.org\/ca\/#website","url":"https:\/\/www.clinicaginecologica.org\/ca\/","name":"Cl\u00ednica Ginecol\u00f2gica","description":"El seu ginec\u00f2leg a Barcelona","potentialAction":[{"@type":"SearchAction","target":{"@type":"EntryPoint","urlTemplate":"https:\/\/www.clinicaginecologica.org\/ca\/?s={search_term_string}"},"query-input":{"@type":"PropertyValueSpecification","valueRequired":true,"valueName":"search_term_string"}}],"inLanguage":"ca"}]}},"_links":{"self":[{"href":"https:\/\/www.clinicaginecologica.org\/ca\/wp-json\/wp\/v2\/pages\/6647","targetHints":{"allow":["GET"]}}],"collection":[{"href":"https:\/\/www.clinicaginecologica.org\/ca\/wp-json\/wp\/v2\/pages"}],"about":[{"href":"https:\/\/www.clinicaginecologica.org\/ca\/wp-json\/wp\/v2\/types\/page"}],"author":[{"embeddable":true,"href":"https:\/\/www.clinicaginecologica.org\/ca\/wp-json\/wp\/v2\/users\/5"}],"replies":[{"embeddable":true,"href":"https:\/\/www.clinicaginecologica.org\/ca\/wp-json\/wp\/v2\/comments?post=6647"}],"version-history":[{"count":3,"href":"https:\/\/www.clinicaginecologica.org\/ca\/wp-json\/wp\/v2\/pages\/6647\/revisions"}],"predecessor-version":[{"id":11129,"href":"https:\/\/www.clinicaginecologica.org\/ca\/wp-json\/wp\/v2\/pages\/6647\/revisions\/11129"}],"up":[{"embeddable":true,"href":"https:\/\/www.clinicaginecologica.org\/ca\/wp-json\/wp\/v2\/pages\/9226"}],"wp:featuredmedia":[{"embeddable":true,"href":"https:\/\/www.clinicaginecologica.org\/ca\/wp-json\/wp\/v2\/media\/8363"}],"wp:attachment":[{"href":"https:\/\/www.clinicaginecologica.org\/ca\/wp-json\/wp\/v2\/media?parent=6647"}],"curies":[{"name":"wp","href":"https:\/\/api.w.org\/{rel}","templated":true}]}}