{"id":6635,"date":"2015-04-07T16:05:09","date_gmt":"2015-04-07T14:05:09","guid":{"rendered":"http:\/\/www.clinicaginecologica.org\/?page_id=6635"},"modified":"2017-11-29T13:07:26","modified_gmt":"2017-11-29T12:07:26","slug":"prolapse-uteri","status":"publish","type":"page","link":"https:\/\/www.clinicaginecologica.org\/ca\/patologies\/prolapse-uteri\/","title":{"rendered":"Prolapse uter\u00ed"},"content":{"rendered":"<h2><img loading=\"lazy\" decoding=\"async\" class=\" wp-image-8367 aligncenter\" src=\"http:\/\/www.clinicaginecologica.org\/ca\/wp-content\/uploads\/sites\/2\/2015\/04\/prolapso-uterino.jpg\" alt=\"\" width=\"501\" height=\"283\" srcset=\"https:\/\/www.clinicaginecologica.org\/ca\/wp-content\/uploads\/sites\/2\/2015\/04\/prolapso-uterino.jpg 948w, https:\/\/www.clinicaginecologica.org\/ca\/wp-content\/uploads\/sites\/2\/2015\/04\/prolapso-uterino-300x169.jpg 300w, https:\/\/www.clinicaginecologica.org\/ca\/wp-content\/uploads\/sites\/2\/2015\/04\/prolapso-uterino-768x433.jpg 768w\" sizes=\"auto, (max-width: 501px) 100vw, 501px\" \/><\/h2>\n<h2>Qu\u00e8 \u00e9s el prolapse uter\u00ed?<\/h2>\n<p>El prolapse uter\u00ed es produeix quan l&#8217;\u00fater, l&#8217;\u00f2rgan on es desenvolupa el nad\u00f3 durant l&#8217;embar\u00e0s, es despr\u00e8n i cau sobre el canal de la vagina a causa del debilitament dels m\u00fasculs i dels lligaments que el sostenen. Altres \u00f2rgans, com els ovaris i la bufeta (<a href=\"\/ca\/patologies\/cistocele\/\">cistocele<\/a>), tamb\u00e9 es poden desprendre a causa del debilitament dels teixits de la pelvis.<\/p>\n<p>Normalment es produeix en dones que han tingut un o m\u00e9s d&#8217;un part vaginal. Tamb\u00e9 el poden causar l&#8217;envelliment i la manca d&#8217;estr\u00f2gens que comporta la menopausa. Altres factors de risc s\u00f3n la tos cr\u00f2nica i l&#8217;obesitat, ja que incrementen la pressi\u00f3 a la pelvis, i tamb\u00e9 els tumors p\u00e8lvics, encara que aquests s\u00f3n poc comuns.<\/p>\n<p>Pot ser lleu, moderat o greu segons el grau de descens de l&#8217;\u00fater. En els casos m\u00e9s greus, aquest \u00f2rgan sobresurt m\u00e9s enll\u00e0 de l&#8217;obertura vaginal.<\/p>\n<h3>Quins s\u00edmptomes produeix?<\/h3>\n<p>El prolapse uter\u00ed pot condicionar l&#8217;activitat quotidiana de la dona i ocasionar mol\u00e8sties que empitjorin la seva qualitat de vida. Els s\u00edmptomes m\u00e9s freq\u00fcents s\u00f3n:<\/p>\n<ul>\n<li>Sensaci\u00f3 d&#8217;estar asseguda en una bola petita<\/li>\n<li>Relaci\u00f3 sexual dif\u00edcil o dolorosa<\/li>\n<li>Ganes d&#8217;orinar freq\u00fcents i necessitat urgent i sobtada d&#8217;orina<\/li>\n<li>Lumb\u00e0lgia<\/li>\n<li>Infeccions continuades a la ves\u00edcula<\/li>\n<li>Sensaci\u00f3 de pesadesa a la pelvis<\/li>\n<li>Sagnat vaginal o augment del flux vaginal<\/li>\n<\/ul>\n<p>A partir dels 45-50 anys, amb l&#8217;inici de la menopausa, el percentatge de dones que viuen condicionades per aquest tipus de mol\u00e8sties \u00e9s bastant elevat, encara que moltes no ho comuniquin per pudor o vergonya. Amb les noves t\u00e8cniques quir\u00fargiques, el prolapse uter\u00ed es pot resoldre satisfact\u00f2riament en la majoria dels casos, un cop comprovat el bon estat de salut de la dona.<\/p>\n<h3>Quin \u00e9s el millor tractament?<\/h3>\n<p>Durant anys, el prolapse uter\u00ed s&#8217;ha tractat amb la introducci\u00f3 d&#8217;un pessari vaginal, un dispositiu per sostenir l&#8217;\u00fater, encara que \u00faltimament la intervenci\u00f3 quir\u00fargica s&#8217;ha demostrat m\u00e9s efica\u00e7. Els pessaris requereixen una neteja peri\u00f2dica i en alguns casos poden irritar la paret vaginal, interferint en les relacions sexuals.<\/p>\n<p>En un elevat percentatge dels casos, es pot resoldre amb una senzilla intervenci\u00f3 quir\u00fargica que consisteix en la col\u00b7locaci\u00f3 d&#8217;unes malles de polipropil\u00e8 que subjectar\u00e0 aquest \u00f2rgan. Tamb\u00e9 es pot optar per una <a href=\"\/ca\/tractaments\/histerectomia\/\">histerectomia<\/a>, \u00e9s a dir, extreure l&#8217;\u00fater i arreglar les estructures que el suporten.<\/p>\n<p>La pacient pot ser anestesiada de cintura cap avall (anest\u00e8sia peridural) o b\u00e9 amb anest\u00e8sia total. El per\u00edode post-operatori \u00e9s de dos a quatre dies, podent tornar a fer vida normal a les dues setmanes.<\/p>\n<p>Evidentment, aquest tipus de t\u00e8cniques requereixen de personal experimentat, per la qual cosa \u00e9s imprescindible anar a un centre m\u00e8dic que compti amb totes les garanties. Despr\u00e9s de la intervenci\u00f3, la dona gaudir\u00e0 de nou de llibertat per a realitzar tot tipus d&#8217;activitats i podr\u00e0 gaudir de nou amb les seves relacions sexuals.<\/p>\n<p>&nbsp;<\/p>\n","protected":false},"excerpt":{"rendered":"<p>Qu\u00e8 \u00e9s el prolapse uter\u00ed? El prolapse uter\u00ed es produeix quan l&#8217;\u00fater, l&#8217;\u00f2rgan on es desenvolupa el nad\u00f3 durant l&#8217;embar\u00e0s, es despr\u00e8n i cau sobre el canal de la vagina a causa del debilitament dels m\u00fasculs i dels lligaments que el sostenen. Altres \u00f2rgans, com els ovaris i la bufeta (cistocele), tamb\u00e9 es poden desprendre [&hellip;]<\/p>\n","protected":false},"author":5,"featured_media":10193,"parent":8846,"menu_order":0,"comment_status":"open","ping_status":"closed","template":"","meta":{"_joinchat":[],"footnotes":""},"class_list":["post-6635","page","type-page","status-publish","has-post-thumbnail","hentry"],"yoast_head":"<!-- This site is optimized with the Yoast SEO plugin v26.3 - https:\/\/yoast.com\/wordpress\/plugins\/seo\/ -->\n<title>Prolapse uter\u00ed - Cl\u00ednica Ginecol\u00f2gica<\/title>\n<meta name=\"robots\" content=\"index, follow, max-snippet:-1, max-image-preview:large, max-video-preview:-1\" \/>\n<link rel=\"canonical\" href=\"https:\/\/www.clinicaginecologica.org\/ca\/patologies\/prolapse-uteri\/\" \/>\n<meta property=\"og:locale\" content=\"ca_ES\" \/>\n<meta property=\"og:type\" content=\"article\" \/>\n<meta property=\"og:title\" content=\"Prolapse uter\u00ed - Cl\u00ednica Ginecol\u00f2gica\" \/>\n<meta property=\"og:description\" content=\"Qu\u00e8 \u00e9s el prolapse uter\u00ed? El prolapse uter\u00ed es produeix quan l&#8217;\u00fater, l&#8217;\u00f2rgan on es desenvolupa el nad\u00f3 durant l&#8217;embar\u00e0s, es despr\u00e8n i cau sobre el canal de la vagina a causa del debilitament dels m\u00fasculs i dels lligaments que el sostenen. Altres \u00f2rgans, com els ovaris i la bufeta (cistocele), tamb\u00e9 es poden desprendre [&hellip;]\" \/>\n<meta property=\"og:url\" content=\"https:\/\/www.clinicaginecologica.org\/ca\/patologies\/prolapse-uteri\/\" \/>\n<meta property=\"og:site_name\" content=\"Cl\u00ednica Ginecol\u00f2gica\" \/>\n<meta property=\"article:modified_time\" content=\"2017-11-29T12:07:26+00:00\" \/>\n<meta property=\"og:image\" content=\"https:\/\/www.clinicaginecologica.org\/ca\/wp-content\/uploads\/sites\/2\/2015\/04\/prolapso-uterino.png\" \/>\n\t<meta property=\"og:image:width\" content=\"673\" \/>\n\t<meta property=\"og:image:height\" content=\"380\" \/>\n\t<meta property=\"og:image:type\" content=\"image\/png\" \/>\n<meta name=\"twitter:card\" content=\"summary_large_image\" \/>\n<meta name=\"twitter:label1\" content=\"Temps estimat de lectura\" \/>\n\t<meta name=\"twitter:data1\" content=\"3 minuts\" \/>\n<script type=\"application\/ld+json\" class=\"yoast-schema-graph\">{\"@context\":\"https:\/\/schema.org\",\"@graph\":[{\"@type\":\"WebPage\",\"@id\":\"https:\/\/www.clinicaginecologica.org\/ca\/patologies\/prolapse-uteri\/\",\"url\":\"https:\/\/www.clinicaginecologica.org\/ca\/patologies\/prolapse-uteri\/\",\"name\":\"Prolapse uter\u00ed - Cl\u00ednica Ginecol\u00f2gica\",\"isPartOf\":{\"@id\":\"https:\/\/www.clinicaginecologica.org\/ca\/#website\"},\"primaryImageOfPage\":{\"@id\":\"https:\/\/www.clinicaginecologica.org\/ca\/patologies\/prolapse-uteri\/#primaryimage\"},\"image\":{\"@id\":\"https:\/\/www.clinicaginecologica.org\/ca\/patologies\/prolapse-uteri\/#primaryimage\"},\"thumbnailUrl\":\"https:\/\/www.clinicaginecologica.org\/ca\/wp-content\/uploads\/sites\/2\/2015\/04\/prolapso-uterino.png\",\"datePublished\":\"2015-04-07T14:05:09+00:00\",\"dateModified\":\"2017-11-29T12:07:26+00:00\",\"breadcrumb\":{\"@id\":\"https:\/\/www.clinicaginecologica.org\/ca\/patologies\/prolapse-uteri\/#breadcrumb\"},\"inLanguage\":\"ca\",\"potentialAction\":[{\"@type\":\"ReadAction\",\"target\":[\"https:\/\/www.clinicaginecologica.org\/ca\/patologies\/prolapse-uteri\/\"]}]},{\"@type\":\"ImageObject\",\"inLanguage\":\"ca\",\"@id\":\"https:\/\/www.clinicaginecologica.org\/ca\/patologies\/prolapse-uteri\/#primaryimage\",\"url\":\"https:\/\/www.clinicaginecologica.org\/ca\/wp-content\/uploads\/sites\/2\/2015\/04\/prolapso-uterino.png\",\"contentUrl\":\"https:\/\/www.clinicaginecologica.org\/ca\/wp-content\/uploads\/sites\/2\/2015\/04\/prolapso-uterino.png\",\"width\":673,\"height\":380},{\"@type\":\"BreadcrumbList\",\"@id\":\"https:\/\/www.clinicaginecologica.org\/ca\/patologies\/prolapse-uteri\/#breadcrumb\",\"itemListElement\":[{\"@type\":\"ListItem\",\"position\":1,\"name\":\"Portada\",\"item\":\"https:\/\/www.clinicaginecologica.org\/ca\/\"},{\"@type\":\"ListItem\",\"position\":2,\"name\":\"Patologies\",\"item\":\"https:\/\/www.clinicaginecologica.org\/ca\/patologies\/\"},{\"@type\":\"ListItem\",\"position\":3,\"name\":\"Prolapse uter\u00ed\"}]},{\"@type\":\"WebSite\",\"@id\":\"https:\/\/www.clinicaginecologica.org\/ca\/#website\",\"url\":\"https:\/\/www.clinicaginecologica.org\/ca\/\",\"name\":\"Cl\u00ednica Ginecol\u00f2gica\",\"description\":\"El seu ginec\u00f2leg a Barcelona\",\"potentialAction\":[{\"@type\":\"SearchAction\",\"target\":{\"@type\":\"EntryPoint\",\"urlTemplate\":\"https:\/\/www.clinicaginecologica.org\/ca\/?s={search_term_string}\"},\"query-input\":{\"@type\":\"PropertyValueSpecification\",\"valueRequired\":true,\"valueName\":\"search_term_string\"}}],\"inLanguage\":\"ca\"}]}<\/script>\n<!-- \/ Yoast SEO plugin. -->","yoast_head_json":{"title":"Prolapse uter\u00ed - Cl\u00ednica Ginecol\u00f2gica","robots":{"index":"index","follow":"follow","max-snippet":"max-snippet:-1","max-image-preview":"max-image-preview:large","max-video-preview":"max-video-preview:-1"},"canonical":"https:\/\/www.clinicaginecologica.org\/ca\/patologies\/prolapse-uteri\/","og_locale":"ca_ES","og_type":"article","og_title":"Prolapse uter\u00ed - Cl\u00ednica Ginecol\u00f2gica","og_description":"Qu\u00e8 \u00e9s el prolapse uter\u00ed? El prolapse uter\u00ed es produeix quan l&#8217;\u00fater, l&#8217;\u00f2rgan on es desenvolupa el nad\u00f3 durant l&#8217;embar\u00e0s, es despr\u00e8n i cau sobre el canal de la vagina a causa del debilitament dels m\u00fasculs i dels lligaments que el sostenen. Altres \u00f2rgans, com els ovaris i la bufeta (cistocele), tamb\u00e9 es poden desprendre [&hellip;]","og_url":"https:\/\/www.clinicaginecologica.org\/ca\/patologies\/prolapse-uteri\/","og_site_name":"Cl\u00ednica Ginecol\u00f2gica","article_modified_time":"2017-11-29T12:07:26+00:00","og_image":[{"width":673,"height":380,"url":"https:\/\/www.clinicaginecologica.org\/ca\/wp-content\/uploads\/sites\/2\/2015\/04\/prolapso-uterino.png","type":"image\/png"}],"twitter_card":"summary_large_image","twitter_misc":{"Temps estimat de lectura":"3 minuts"},"schema":{"@context":"https:\/\/schema.org","@graph":[{"@type":"WebPage","@id":"https:\/\/www.clinicaginecologica.org\/ca\/patologies\/prolapse-uteri\/","url":"https:\/\/www.clinicaginecologica.org\/ca\/patologies\/prolapse-uteri\/","name":"Prolapse uter\u00ed - Cl\u00ednica Ginecol\u00f2gica","isPartOf":{"@id":"https:\/\/www.clinicaginecologica.org\/ca\/#website"},"primaryImageOfPage":{"@id":"https:\/\/www.clinicaginecologica.org\/ca\/patologies\/prolapse-uteri\/#primaryimage"},"image":{"@id":"https:\/\/www.clinicaginecologica.org\/ca\/patologies\/prolapse-uteri\/#primaryimage"},"thumbnailUrl":"https:\/\/www.clinicaginecologica.org\/ca\/wp-content\/uploads\/sites\/2\/2015\/04\/prolapso-uterino.png","datePublished":"2015-04-07T14:05:09+00:00","dateModified":"2017-11-29T12:07:26+00:00","breadcrumb":{"@id":"https:\/\/www.clinicaginecologica.org\/ca\/patologies\/prolapse-uteri\/#breadcrumb"},"inLanguage":"ca","potentialAction":[{"@type":"ReadAction","target":["https:\/\/www.clinicaginecologica.org\/ca\/patologies\/prolapse-uteri\/"]}]},{"@type":"ImageObject","inLanguage":"ca","@id":"https:\/\/www.clinicaginecologica.org\/ca\/patologies\/prolapse-uteri\/#primaryimage","url":"https:\/\/www.clinicaginecologica.org\/ca\/wp-content\/uploads\/sites\/2\/2015\/04\/prolapso-uterino.png","contentUrl":"https:\/\/www.clinicaginecologica.org\/ca\/wp-content\/uploads\/sites\/2\/2015\/04\/prolapso-uterino.png","width":673,"height":380},{"@type":"BreadcrumbList","@id":"https:\/\/www.clinicaginecologica.org\/ca\/patologies\/prolapse-uteri\/#breadcrumb","itemListElement":[{"@type":"ListItem","position":1,"name":"Portada","item":"https:\/\/www.clinicaginecologica.org\/ca\/"},{"@type":"ListItem","position":2,"name":"Patologies","item":"https:\/\/www.clinicaginecologica.org\/ca\/patologies\/"},{"@type":"ListItem","position":3,"name":"Prolapse uter\u00ed"}]},{"@type":"WebSite","@id":"https:\/\/www.clinicaginecologica.org\/ca\/#website","url":"https:\/\/www.clinicaginecologica.org\/ca\/","name":"Cl\u00ednica Ginecol\u00f2gica","description":"El seu ginec\u00f2leg a Barcelona","potentialAction":[{"@type":"SearchAction","target":{"@type":"EntryPoint","urlTemplate":"https:\/\/www.clinicaginecologica.org\/ca\/?s={search_term_string}"},"query-input":{"@type":"PropertyValueSpecification","valueRequired":true,"valueName":"search_term_string"}}],"inLanguage":"ca"}]}},"_links":{"self":[{"href":"https:\/\/www.clinicaginecologica.org\/ca\/wp-json\/wp\/v2\/pages\/6635","targetHints":{"allow":["GET"]}}],"collection":[{"href":"https:\/\/www.clinicaginecologica.org\/ca\/wp-json\/wp\/v2\/pages"}],"about":[{"href":"https:\/\/www.clinicaginecologica.org\/ca\/wp-json\/wp\/v2\/types\/page"}],"author":[{"embeddable":true,"href":"https:\/\/www.clinicaginecologica.org\/ca\/wp-json\/wp\/v2\/users\/5"}],"replies":[{"embeddable":true,"href":"https:\/\/www.clinicaginecologica.org\/ca\/wp-json\/wp\/v2\/comments?post=6635"}],"version-history":[{"count":3,"href":"https:\/\/www.clinicaginecologica.org\/ca\/wp-json\/wp\/v2\/pages\/6635\/revisions"}],"predecessor-version":[{"id":11117,"href":"https:\/\/www.clinicaginecologica.org\/ca\/wp-json\/wp\/v2\/pages\/6635\/revisions\/11117"}],"up":[{"embeddable":true,"href":"https:\/\/www.clinicaginecologica.org\/ca\/wp-json\/wp\/v2\/pages\/8846"}],"wp:featuredmedia":[{"embeddable":true,"href":"https:\/\/www.clinicaginecologica.org\/ca\/wp-json\/wp\/v2\/media\/10193"}],"wp:attachment":[{"href":"https:\/\/www.clinicaginecologica.org\/ca\/wp-json\/wp\/v2\/media?parent=6635"}],"curies":[{"name":"wp","href":"https:\/\/api.w.org\/{rel}","templated":true}]}}