{"id":6606,"date":"2015-04-12T15:50:31","date_gmt":"2015-04-12T13:50:31","guid":{"rendered":"http:\/\/www.clinicaginecologica.org\/?page_id=6606"},"modified":"2017-11-29T13:12:20","modified_gmt":"2017-11-29T12:12:20","slug":"cancer-ginecologic","status":"publish","type":"page","link":"https:\/\/www.clinicaginecologica.org\/ca\/patologies\/cancer-ginecologic\/","title":{"rendered":"C\u00e0ncer ginecol\u00f2gic"},"content":{"rendered":"<h2><img loading=\"lazy\" decoding=\"async\" class=\" wp-image-8359 aligncenter\" src=\"http:\/\/www.clinicaginecologica.org\/ca\/wp-content\/uploads\/sites\/2\/2015\/04\/c\u00e1ncer-ginecol\u00f3gico.jpg\" alt=\"cancer gineologic\" width=\"501\" height=\"283\" srcset=\"https:\/\/www.clinicaginecologica.org\/ca\/wp-content\/uploads\/sites\/2\/2015\/04\/c\u00e1ncer-ginecol\u00f3gico.jpg 948w, https:\/\/www.clinicaginecologica.org\/ca\/wp-content\/uploads\/sites\/2\/2015\/04\/c\u00e1ncer-ginecol\u00f3gico-300x169.jpg 300w, https:\/\/www.clinicaginecologica.org\/ca\/wp-content\/uploads\/sites\/2\/2015\/04\/c\u00e1ncer-ginecol\u00f3gico-768x433.jpg 768w\" sizes=\"auto, (max-width: 501px) 100vw, 501px\" \/><\/h2>\n<h2 style=\"text-align: justify\">Qu\u00e8 \u00e9s el c\u00e0ncer ginecol\u00f2gic?<\/h2>\n<p style=\"text-align: justify\">\u00c9s el c\u00e0ncer que comen\u00e7a en els \u00f2rgans de l&#8217;aparell reproductiu de la dona. Pot afectar a la c\u00e8rvix (coll de l&#8217;\u00fater), els ovaris, l&#8217;\u00fater, la vagina i la vulva. Un altre cas de c\u00e0ncer ginecol\u00f2gic \u00e9s el de les trompes de Falopi, encara que \u00e9s bastant rar. Cada un d&#8217;aquests c\u00e0ncers presenten s\u00edmptomes i factors de risc diferents. Encara que totes les dones poden contreure\u2019ls, en la majoria d&#8217;ells el risc augmenta amb l&#8217;edat. Un diagn\u00f2stic preco\u00e7 \u00e9s fonamental per a qu\u00e8 el tractament sigui efectiu.<\/p>\n<h2 style=\"text-align: justify\">Prevenci\u00f3 i diagn\u00f2stic<\/h2>\n<p style=\"text-align: justify\">Alguns c\u00e0ncers ginecol\u00f2gics s\u00f3n causats pel virus del papiloma hum\u00e0 (VPH), un terme que inclou diversos virus que causen infecci\u00f3 en l&#8217;\u00e0rea genital i que es transmeten per via sexual. Infectar-se no vol dir que es desenvolupi un c\u00e0ncer, perqu\u00e8 en la majoria de les dones la infecci\u00f3 desapareixer\u00e0 sense causar m\u00e9s problemes. Amb tot, en algunes dones pot provocar c\u00e0ncer de c\u00e8rvix, vagina i vulva.<\/p>\n<p style=\"text-align: justify\">El c\u00e0ncer ginecol\u00f2gic es pot detectar mitjan\u00e7ant una citologia cervicovaginal (proves de Papanicolau), que es realitzen peri\u00f2dicament a les dones des que inicien les relacions sexuals fins aproximadament els 65 anys. Tamb\u00e9 es pot realitzar un test per saber si la dona est\u00e0 infectada pel VPH.<\/p>\n<p style=\"text-align: justify\">La millor prevenci\u00f3 contra el c\u00e0ncer de c\u00e8rvix \u00e9s la vacuna que ens protegeix d&#8217;aquest virus, i que es recomana en nenes de 11 i 12 anys. Tamb\u00e9 la poden rebre dones de 13 a 26 anys que no l&#8217;hagin rebut anteriorment.<\/p>\n<h2 style=\"text-align: justify\">Diversos tipus de c\u00e0ncer ginecol\u00f2gic<\/h2>\n<h3 style=\"text-align: justify\">C\u00e0ncer de c\u00e8rvix<\/h3>\n<p style=\"text-align: justify\">La c\u00e8rvix \u00e9s el canal que connecta la vagina amb l&#8217;\u00fater, que \u00e9s on es desenvolupa el nad\u00f3 durant l&#8217;embar\u00e0s. El c\u00e0ncer de c\u00e8rvix es pot prevenir en la majoria de pa\u00efsos occidentals gr\u00e0cies a la vacuna contra el VPH i a les proves de detecci\u00f3. Quan es detecta de manera preco\u00e7, t\u00e9 una alta taxa de curaci\u00f3. Sol donar-se en dones per sobre dels 30 anys. Un dels s\u00edmptomes \u00e9s l&#8217;hemorr\u00e0gia vaginal, per exemple, despr\u00e9s d&#8217;una relaci\u00f3 sexual.<\/p>\n<h3 style=\"text-align: justify\">C\u00e0ncer d&#8217;ovaris<\/h3>\n<p style=\"text-align: justify\">El c\u00e0ncer d&#8217;ovaris, els \u00f2rgans que produeixen les hormones sexuals femenines i els \u00f2vuls, sol donar-se amb m\u00e9s freq\u00fc\u00e8ncia en dones de 60 anys o m\u00e9s. Hi ha una s\u00e8rie de factors de risc: l&#8217;edat, tenir familiars propers que l&#8217;hagin patit, haver tingut c\u00e0ncer de mama, \u00fater o c\u00f2lon, no haver tingut fills, l&#8217;endometriosi i la mutaci\u00f3 gen\u00e8tica BRCA1 o BRCA2. Els seus s\u00edmptomes poden ser sagnat entre per\u00edodes, pressi\u00f3 a la pelvis, dolor abdominal o en la part baixa de l&#8217;esquena, inflor, etc.<\/p>\n<h3 style=\"text-align: justify\">C\u00e0ncer d&#8217;\u00fater<\/h3>\n<p style=\"text-align: justify\">Entre els factors de risc del c\u00e0ncer d&#8217;\u00fater hi ha la obesitat, ser major de 50 anys i tenir familiars que han patit c\u00e0ncer d&#8217;\u00fater, ovari o c\u00f2lon. La major part d&#8217;aquest tipus de c\u00e0ncers es produeixen en dones que estan en la menopausa o la postmenopausa. Entre els s\u00edmptomes pot haver hemorr\u00e0gia o secreci\u00f3 vaginal fora del normal, dificultats per orinar, dolor o pressi\u00f3 a la pelvis i dolor durant les relacions sexuals.<\/p>\n<h3 style=\"text-align: justify\">C\u00e0ncer de vagina i vulva<\/h3>\n<p style=\"text-align: justify\">El c\u00e0ncer de vagina i de vulva no s\u00f3n molt freq\u00fcents. Entre els factors de risc estan infectar-se amb el VPH, haver tingut c\u00e0ncer de c\u00e8rvix, fumar, tenir irritaci\u00f3 o cremor cr\u00f2nica en la vulva. Els seus s\u00edmptomes poden ser hemorr\u00e0gia o secreci\u00f3 vaginal fora del normal, orinar amb m\u00e9s freq\u00fc\u00e8ncia, restrenyiment, sang en l&#8217;orina o la femta, dolor o pressi\u00f3 en la pelvis o l&#8217;abdomen, especialment en orinar o durant la relaci\u00f3 sexual.<\/p>\n<h2>S\u00cdMPTOMES DEL C\u00c1NCER GINECOL\u00d2GIC<\/h2>\n<p><img loading=\"lazy\" decoding=\"async\" class=\"size-full wp-image-11079 aligncenter\" src=\"http:\/\/www.clinicaginecologica.org\/ca\/wp-content\/uploads\/sites\/2\/2017\/11\/taula-simptomes-cancer-gine.png\" alt=\"\" width=\"770\" height=\"233\" srcset=\"https:\/\/www.clinicaginecologica.org\/ca\/wp-content\/uploads\/sites\/2\/2017\/11\/taula-simptomes-cancer-gine.png 770w, https:\/\/www.clinicaginecologica.org\/ca\/wp-content\/uploads\/sites\/2\/2017\/11\/taula-simptomes-cancer-gine-300x91.png 300w, https:\/\/www.clinicaginecologica.org\/ca\/wp-content\/uploads\/sites\/2\/2017\/11\/taula-simptomes-cancer-gine-768x232.png 768w\" sizes=\"auto, (max-width: 770px) 100vw, 770px\" \/><\/p>\n<p>&nbsp;<\/p>\n<h2 style=\"text-align: justify\">Quin \u00e9s el tractament m\u00e9s adequat?<\/h2>\n<p style=\"text-align: justify\">El tractament del c\u00e0ncer \u00e9s personalitzat i individualitzat al tipus de tumor i a cada pacient. Els nostres ginec\u00f2legs faran el diagn\u00f2stic i treballaran amb professionals oncol\u00f2gics per determinar quin \u00e9s el millor tractament a seguir.<\/p>\n<p style=\"text-align: justify\">\n","protected":false},"excerpt":{"rendered":"<p>Qu\u00e8 \u00e9s el c\u00e0ncer ginecol\u00f2gic? \u00c9s el c\u00e0ncer que comen\u00e7a en els \u00f2rgans de l&#8217;aparell reproductiu de la dona. Pot afectar a la c\u00e8rvix (coll de l&#8217;\u00fater), els ovaris, l&#8217;\u00fater, la vagina i la vulva. Un altre cas de c\u00e0ncer ginecol\u00f2gic \u00e9s el de les trompes de Falopi, encara que \u00e9s bastant rar. Cada un [&hellip;]<\/p>\n","protected":false},"author":5,"featured_media":8359,"parent":8846,"menu_order":0,"comment_status":"open","ping_status":"closed","template":"","meta":{"_joinchat":[],"footnotes":""},"class_list":["post-6606","page","type-page","status-publish","has-post-thumbnail","hentry"],"yoast_head":"<!-- This site is optimized with the Yoast SEO plugin v26.3 - https:\/\/yoast.com\/wordpress\/plugins\/seo\/ -->\n<title>C\u00e0ncer ginecol\u00f2gic - Cl\u00ednica Ginecol\u00f2gica<\/title>\n<meta name=\"robots\" content=\"index, follow, max-snippet:-1, max-image-preview:large, max-video-preview:-1\" \/>\n<link rel=\"canonical\" href=\"https:\/\/www.clinicaginecologica.org\/ca\/patologies\/cancer-ginecologic\/\" \/>\n<meta property=\"og:locale\" content=\"ca_ES\" \/>\n<meta property=\"og:type\" content=\"article\" \/>\n<meta property=\"og:title\" content=\"C\u00e0ncer ginecol\u00f2gic - Cl\u00ednica Ginecol\u00f2gica\" \/>\n<meta property=\"og:description\" content=\"Qu\u00e8 \u00e9s el c\u00e0ncer ginecol\u00f2gic? \u00c9s el c\u00e0ncer que comen\u00e7a en els \u00f2rgans de l&#8217;aparell reproductiu de la dona. Pot afectar a la c\u00e8rvix (coll de l&#8217;\u00fater), els ovaris, l&#8217;\u00fater, la vagina i la vulva. Un altre cas de c\u00e0ncer ginecol\u00f2gic \u00e9s el de les trompes de Falopi, encara que \u00e9s bastant rar. Cada un [&hellip;]\" \/>\n<meta property=\"og:url\" content=\"https:\/\/www.clinicaginecologica.org\/ca\/patologies\/cancer-ginecologic\/\" \/>\n<meta property=\"og:site_name\" content=\"Cl\u00ednica Ginecol\u00f2gica\" \/>\n<meta property=\"article:modified_time\" content=\"2017-11-29T12:12:20+00:00\" \/>\n<meta property=\"og:image\" content=\"https:\/\/www.clinicaginecologica.org\/ca\/wp-content\/uploads\/sites\/2\/2015\/04\/c\u00e1ncer-ginecol\u00f3gico.jpg\" \/>\n\t<meta property=\"og:image:width\" content=\"948\" \/>\n\t<meta property=\"og:image:height\" content=\"535\" \/>\n\t<meta property=\"og:image:type\" content=\"image\/jpeg\" \/>\n<meta name=\"twitter:card\" content=\"summary_large_image\" \/>\n<meta name=\"twitter:label1\" content=\"Temps estimat de lectura\" \/>\n\t<meta name=\"twitter:data1\" content=\"3 minuts\" \/>\n<script type=\"application\/ld+json\" class=\"yoast-schema-graph\">{\"@context\":\"https:\/\/schema.org\",\"@graph\":[{\"@type\":\"WebPage\",\"@id\":\"https:\/\/www.clinicaginecologica.org\/ca\/patologies\/cancer-ginecologic\/\",\"url\":\"https:\/\/www.clinicaginecologica.org\/ca\/patologies\/cancer-ginecologic\/\",\"name\":\"C\u00e0ncer ginecol\u00f2gic - Cl\u00ednica Ginecol\u00f2gica\",\"isPartOf\":{\"@id\":\"https:\/\/www.clinicaginecologica.org\/ca\/#website\"},\"primaryImageOfPage\":{\"@id\":\"https:\/\/www.clinicaginecologica.org\/ca\/patologies\/cancer-ginecologic\/#primaryimage\"},\"image\":{\"@id\":\"https:\/\/www.clinicaginecologica.org\/ca\/patologies\/cancer-ginecologic\/#primaryimage\"},\"thumbnailUrl\":\"https:\/\/www.clinicaginecologica.org\/ca\/wp-content\/uploads\/sites\/2\/2015\/04\/c\u00e1ncer-ginecol\u00f3gico.jpg\",\"datePublished\":\"2015-04-12T13:50:31+00:00\",\"dateModified\":\"2017-11-29T12:12:20+00:00\",\"breadcrumb\":{\"@id\":\"https:\/\/www.clinicaginecologica.org\/ca\/patologies\/cancer-ginecologic\/#breadcrumb\"},\"inLanguage\":\"ca\",\"potentialAction\":[{\"@type\":\"ReadAction\",\"target\":[\"https:\/\/www.clinicaginecologica.org\/ca\/patologies\/cancer-ginecologic\/\"]}]},{\"@type\":\"ImageObject\",\"inLanguage\":\"ca\",\"@id\":\"https:\/\/www.clinicaginecologica.org\/ca\/patologies\/cancer-ginecologic\/#primaryimage\",\"url\":\"https:\/\/www.clinicaginecologica.org\/ca\/wp-content\/uploads\/sites\/2\/2015\/04\/c\u00e1ncer-ginecol\u00f3gico.jpg\",\"contentUrl\":\"https:\/\/www.clinicaginecologica.org\/ca\/wp-content\/uploads\/sites\/2\/2015\/04\/c\u00e1ncer-ginecol\u00f3gico.jpg\",\"width\":948,\"height\":535,\"caption\":\"cancer gineologic\"},{\"@type\":\"BreadcrumbList\",\"@id\":\"https:\/\/www.clinicaginecologica.org\/ca\/patologies\/cancer-ginecologic\/#breadcrumb\",\"itemListElement\":[{\"@type\":\"ListItem\",\"position\":1,\"name\":\"Portada\",\"item\":\"https:\/\/www.clinicaginecologica.org\/ca\/\"},{\"@type\":\"ListItem\",\"position\":2,\"name\":\"Patologies\",\"item\":\"https:\/\/www.clinicaginecologica.org\/ca\/patologies\/\"},{\"@type\":\"ListItem\",\"position\":3,\"name\":\"C\u00e0ncer ginecol\u00f2gic\"}]},{\"@type\":\"WebSite\",\"@id\":\"https:\/\/www.clinicaginecologica.org\/ca\/#website\",\"url\":\"https:\/\/www.clinicaginecologica.org\/ca\/\",\"name\":\"Cl\u00ednica Ginecol\u00f2gica\",\"description\":\"El seu ginec\u00f2leg a Barcelona\",\"potentialAction\":[{\"@type\":\"SearchAction\",\"target\":{\"@type\":\"EntryPoint\",\"urlTemplate\":\"https:\/\/www.clinicaginecologica.org\/ca\/?s={search_term_string}\"},\"query-input\":{\"@type\":\"PropertyValueSpecification\",\"valueRequired\":true,\"valueName\":\"search_term_string\"}}],\"inLanguage\":\"ca\"}]}<\/script>\n<!-- \/ Yoast SEO plugin. -->","yoast_head_json":{"title":"C\u00e0ncer ginecol\u00f2gic - Cl\u00ednica Ginecol\u00f2gica","robots":{"index":"index","follow":"follow","max-snippet":"max-snippet:-1","max-image-preview":"max-image-preview:large","max-video-preview":"max-video-preview:-1"},"canonical":"https:\/\/www.clinicaginecologica.org\/ca\/patologies\/cancer-ginecologic\/","og_locale":"ca_ES","og_type":"article","og_title":"C\u00e0ncer ginecol\u00f2gic - Cl\u00ednica Ginecol\u00f2gica","og_description":"Qu\u00e8 \u00e9s el c\u00e0ncer ginecol\u00f2gic? \u00c9s el c\u00e0ncer que comen\u00e7a en els \u00f2rgans de l&#8217;aparell reproductiu de la dona. Pot afectar a la c\u00e8rvix (coll de l&#8217;\u00fater), els ovaris, l&#8217;\u00fater, la vagina i la vulva. Un altre cas de c\u00e0ncer ginecol\u00f2gic \u00e9s el de les trompes de Falopi, encara que \u00e9s bastant rar. Cada un [&hellip;]","og_url":"https:\/\/www.clinicaginecologica.org\/ca\/patologies\/cancer-ginecologic\/","og_site_name":"Cl\u00ednica Ginecol\u00f2gica","article_modified_time":"2017-11-29T12:12:20+00:00","og_image":[{"width":948,"height":535,"url":"https:\/\/www.clinicaginecologica.org\/ca\/wp-content\/uploads\/sites\/2\/2015\/04\/c\u00e1ncer-ginecol\u00f3gico.jpg","type":"image\/jpeg"}],"twitter_card":"summary_large_image","twitter_misc":{"Temps estimat de lectura":"3 minuts"},"schema":{"@context":"https:\/\/schema.org","@graph":[{"@type":"WebPage","@id":"https:\/\/www.clinicaginecologica.org\/ca\/patologies\/cancer-ginecologic\/","url":"https:\/\/www.clinicaginecologica.org\/ca\/patologies\/cancer-ginecologic\/","name":"C\u00e0ncer ginecol\u00f2gic - Cl\u00ednica Ginecol\u00f2gica","isPartOf":{"@id":"https:\/\/www.clinicaginecologica.org\/ca\/#website"},"primaryImageOfPage":{"@id":"https:\/\/www.clinicaginecologica.org\/ca\/patologies\/cancer-ginecologic\/#primaryimage"},"image":{"@id":"https:\/\/www.clinicaginecologica.org\/ca\/patologies\/cancer-ginecologic\/#primaryimage"},"thumbnailUrl":"https:\/\/www.clinicaginecologica.org\/ca\/wp-content\/uploads\/sites\/2\/2015\/04\/c\u00e1ncer-ginecol\u00f3gico.jpg","datePublished":"2015-04-12T13:50:31+00:00","dateModified":"2017-11-29T12:12:20+00:00","breadcrumb":{"@id":"https:\/\/www.clinicaginecologica.org\/ca\/patologies\/cancer-ginecologic\/#breadcrumb"},"inLanguage":"ca","potentialAction":[{"@type":"ReadAction","target":["https:\/\/www.clinicaginecologica.org\/ca\/patologies\/cancer-ginecologic\/"]}]},{"@type":"ImageObject","inLanguage":"ca","@id":"https:\/\/www.clinicaginecologica.org\/ca\/patologies\/cancer-ginecologic\/#primaryimage","url":"https:\/\/www.clinicaginecologica.org\/ca\/wp-content\/uploads\/sites\/2\/2015\/04\/c\u00e1ncer-ginecol\u00f3gico.jpg","contentUrl":"https:\/\/www.clinicaginecologica.org\/ca\/wp-content\/uploads\/sites\/2\/2015\/04\/c\u00e1ncer-ginecol\u00f3gico.jpg","width":948,"height":535,"caption":"cancer gineologic"},{"@type":"BreadcrumbList","@id":"https:\/\/www.clinicaginecologica.org\/ca\/patologies\/cancer-ginecologic\/#breadcrumb","itemListElement":[{"@type":"ListItem","position":1,"name":"Portada","item":"https:\/\/www.clinicaginecologica.org\/ca\/"},{"@type":"ListItem","position":2,"name":"Patologies","item":"https:\/\/www.clinicaginecologica.org\/ca\/patologies\/"},{"@type":"ListItem","position":3,"name":"C\u00e0ncer ginecol\u00f2gic"}]},{"@type":"WebSite","@id":"https:\/\/www.clinicaginecologica.org\/ca\/#website","url":"https:\/\/www.clinicaginecologica.org\/ca\/","name":"Cl\u00ednica Ginecol\u00f2gica","description":"El seu ginec\u00f2leg a Barcelona","potentialAction":[{"@type":"SearchAction","target":{"@type":"EntryPoint","urlTemplate":"https:\/\/www.clinicaginecologica.org\/ca\/?s={search_term_string}"},"query-input":{"@type":"PropertyValueSpecification","valueRequired":true,"valueName":"search_term_string"}}],"inLanguage":"ca"}]}},"_links":{"self":[{"href":"https:\/\/www.clinicaginecologica.org\/ca\/wp-json\/wp\/v2\/pages\/6606","targetHints":{"allow":["GET"]}}],"collection":[{"href":"https:\/\/www.clinicaginecologica.org\/ca\/wp-json\/wp\/v2\/pages"}],"about":[{"href":"https:\/\/www.clinicaginecologica.org\/ca\/wp-json\/wp\/v2\/types\/page"}],"author":[{"embeddable":true,"href":"https:\/\/www.clinicaginecologica.org\/ca\/wp-json\/wp\/v2\/users\/5"}],"replies":[{"embeddable":true,"href":"https:\/\/www.clinicaginecologica.org\/ca\/wp-json\/wp\/v2\/comments?post=6606"}],"version-history":[{"count":3,"href":"https:\/\/www.clinicaginecologica.org\/ca\/wp-json\/wp\/v2\/pages\/6606\/revisions"}],"predecessor-version":[{"id":11077,"href":"https:\/\/www.clinicaginecologica.org\/ca\/wp-json\/wp\/v2\/pages\/6606\/revisions\/11077"}],"up":[{"embeddable":true,"href":"https:\/\/www.clinicaginecologica.org\/ca\/wp-json\/wp\/v2\/pages\/8846"}],"wp:featuredmedia":[{"embeddable":true,"href":"https:\/\/www.clinicaginecologica.org\/ca\/wp-json\/wp\/v2\/media\/8359"}],"wp:attachment":[{"href":"https:\/\/www.clinicaginecologica.org\/ca\/wp-json\/wp\/v2\/media?parent=6606"}],"curies":[{"name":"wp","href":"https:\/\/api.w.org\/{rel}","templated":true}]}}