{"id":6602,"date":"2015-04-14T15:48:23","date_gmt":"2015-04-14T15:48:23","guid":{"rendered":"http:\/\/www.clinicaginecologica.org\/?page_id=6602"},"modified":"2024-03-19T18:18:15","modified_gmt":"2024-03-19T17:18:15","slug":"dr-javier-del-pozo","status":"publish","type":"page","link":"https:\/\/www.clinicaginecologica.org\/ca\/dr-javier-del-pozo\/","title":{"rendered":"Dr. Javier Del Pozo"},"content":{"rendered":"<p style=\"text-align: justify;\"><span style=\"line-height: 1.5;\"><img loading=\"lazy\" decoding=\"async\" class=\"alignleft wp-image-11032 size-full\" src=\"https:\/\/www.clinicaginecologica.org\/ca\/wp-content\/uploads\/sites\/2\/2017\/11\/Dr-Del-Pozo-paciente-e1511774903389.jpg\" alt=\"\" width=\"728\" height=\"540\" srcset=\"https:\/\/www.clinicaginecologica.org\/ca\/wp-content\/uploads\/sites\/2\/2017\/11\/Dr-Del-Pozo-paciente-e1511774903389.jpg 728w, https:\/\/www.clinicaginecologica.org\/ca\/wp-content\/uploads\/sites\/2\/2017\/11\/Dr-Del-Pozo-paciente-e1511774903389-300x223.jpg 300w\" sizes=\"auto, (max-width: 728px) 100vw, 728px\" \/><\/span><\/p>\n<p>&nbsp;<\/p>\n<p style=\"text-align: justify;\"><span style=\"line-height: 1.5;\">El\u00a0<\/span><strong style=\"line-height: 1.5;\">Dr. Javier Del Pozo<\/strong><span style=\"line-height: 1.5;\">\u00a0\u00e9s especialista en Ginecologia i Obstetr\u00edcia, Doctor en Medicina i Cirurgia amb la qualificaci\u00f3 d&#8217;Excel\u00b7lent per la Universitat de Barcelona (UB). <\/span><\/p>\n<p style=\"text-align: justify;\"><span style=\"line-height: 1.5;\">La seva \u00e0rea d&#8217;especialitzaci\u00f3 es centra en la Cirurgia Ginecol\u00f2gica i, des de fa m\u00e9s de 30 anys, \u00e9s reconegut internacionalment per la pr\u00e0ctica de la Cirurgia Ginecol\u00f2gica a trav\u00e9s de la\u00a0<\/span><a style=\"line-height: 1.5;\" href=\"\/ca\/tractaments\/laparoscopia\/\">Laparosc\u00f2pia<\/a><span style=\"line-height: 1.5;\">. De la seva traject\u00f2ria professional podem destacar:<\/span><\/p>\n<p>&nbsp;<\/p>\n<ul>\n<li style=\"text-align: justify;\">President de l&#8217;European Society for Gynaecological Endoscopy ESGE International Expert Meeting on Pelvic Floor Disorders (Barcelona, 2002).<\/li>\n<li style=\"text-align: justify;\">Membre del Board de la European Society for Gynaecological Endoscopy (ESGE, 2001-06).<\/li>\n<li style=\"text-align: justify;\">President de la Secci\u00f3 d&#8217;Endosc\u00f2pia de la Sociedad Espanyola de Ginecologia y Obstetricia (SEGO, 1993-97).<\/li>\n<li style=\"text-align: justify;\">President de la Secci\u00f3 d&#8217;Endosc\u00f2pia de la Societat Catalana d&#8217;Obstetricia i Ginecologia (1997).<\/li>\n<li style=\"text-align: justify;\">Coordinador del Grup per l&#8217;Estudi i Tractament de l&#8217;<a href=\"\/ca\/patologies\/endometriosi\/\">Endometriosis\u00a0<\/a>(GETE). Centre M\u00e8dic Teknon (Barcelona).<\/li>\n<li style=\"text-align: justify;\">Coordinador de la Unitat de\u00a0<a href=\"\/ca\/tractaments\/cirurgia-del-sol-pelvia\/\">Cirurgia del S\u00f2l Pelvi\u00e0<\/a>. Centre M\u00e8dic Teknon (Barcelona).<\/li>\n<\/ul>\n<p style=\"text-align: justify;\">El Dr. Javier Del Pozo \u00e9s, tamb\u00e9, <strong>autor de v\u00e0ries publicacions relacionades amb l&#8217;especialitat en revistes nacionals i internacionals<\/strong> i ha participat en m\u00faltiples confer\u00e8ncies i congressos nacionals i internacionals.<\/p>\n","protected":false},"excerpt":{"rendered":"<p>&nbsp; El\u00a0Dr. Javier Del Pozo\u00a0\u00e9s especialista en Ginecologia i Obstetr\u00edcia, Doctor en Medicina i Cirurgia amb la qualificaci\u00f3 d&#8217;Excel\u00b7lent per la Universitat de Barcelona (UB). La seva \u00e0rea d&#8217;especialitzaci\u00f3 es centra en la Cirurgia Ginecol\u00f2gica i, des de fa m\u00e9s de 30 anys, \u00e9s reconegut internacionalment per la pr\u00e0ctica de la Cirurgia Ginecol\u00f2gica a trav\u00e9s [&hellip;]<\/p>\n","protected":false},"author":5,"featured_media":0,"parent":0,"menu_order":0,"comment_status":"open","ping_status":"closed","template":"","meta":{"_joinchat":[],"footnotes":""},"class_list":["post-6602","page","type-page","status-publish","hentry"],"yoast_head":"<!-- This site is optimized with the Yoast SEO plugin v26.3 - https:\/\/yoast.com\/wordpress\/plugins\/seo\/ -->\n<title>Dr. Javier del Pozo | Ginec\u00f2leg | Centre M\u00e8dic Teknon<\/title>\n<meta name=\"description\" content=\"El Dr. Javier Del Pozo \u00e9s un reconegut ginec\u00f2leg per la seva constant recerca de la qualitat de vida de la dona durant la menop\u00e0usea.\" \/>\n<meta name=\"robots\" content=\"index, follow, max-snippet:-1, max-image-preview:large, max-video-preview:-1\" \/>\n<link rel=\"canonical\" href=\"https:\/\/www.clinicaginecologica.org\/ca\/dr-javier-del-pozo\/\" \/>\n<meta property=\"og:locale\" content=\"ca_ES\" \/>\n<meta property=\"og:type\" content=\"article\" \/>\n<meta property=\"og:title\" content=\"Dr. Javier del Pozo | Ginec\u00f2leg | Centre M\u00e8dic Teknon\" \/>\n<meta property=\"og:description\" content=\"El Dr. Javier Del Pozo \u00e9s un reconegut ginec\u00f2leg per la seva constant recerca de la qualitat de vida de la dona durant la menop\u00e0usea.\" \/>\n<meta property=\"og:url\" content=\"https:\/\/www.clinicaginecologica.org\/ca\/dr-javier-del-pozo\/\" \/>\n<meta property=\"og:site_name\" content=\"Cl\u00ednica Ginecol\u00f2gica\" \/>\n<meta property=\"article:modified_time\" content=\"2024-03-19T17:18:15+00:00\" \/>\n<meta property=\"og:image\" content=\"https:\/\/www.clinicaginecologica.org\/ca\/wp-content\/uploads\/sites\/2\/2017\/11\/Dr-Del-Pozo-paciente-e1511774903389.jpg\" \/>\n<meta name=\"twitter:card\" content=\"summary_large_image\" \/>\n<meta name=\"twitter:label1\" content=\"Temps estimat de lectura\" \/>\n\t<meta name=\"twitter:data1\" content=\"2 minuts\" \/>\n<script type=\"application\/ld+json\" class=\"yoast-schema-graph\">{\"@context\":\"https:\/\/schema.org\",\"@graph\":[{\"@type\":\"WebPage\",\"@id\":\"https:\/\/www.clinicaginecologica.org\/ca\/dr-javier-del-pozo\/\",\"url\":\"https:\/\/www.clinicaginecologica.org\/ca\/dr-javier-del-pozo\/\",\"name\":\"Dr. Javier del Pozo | Ginec\u00f2leg | Centre M\u00e8dic Teknon\",\"isPartOf\":{\"@id\":\"https:\/\/www.clinicaginecologica.org\/ca\/#website\"},\"primaryImageOfPage\":{\"@id\":\"https:\/\/www.clinicaginecologica.org\/ca\/dr-javier-del-pozo\/#primaryimage\"},\"image\":{\"@id\":\"https:\/\/www.clinicaginecologica.org\/ca\/dr-javier-del-pozo\/#primaryimage\"},\"thumbnailUrl\":\"https:\/\/www.clinicaginecologica.org\/ca\/wp-content\/uploads\/sites\/2\/2017\/11\/Dr-Del-Pozo-paciente-e1511774903389.jpg\",\"datePublished\":\"2015-04-14T15:48:23+00:00\",\"dateModified\":\"2024-03-19T17:18:15+00:00\",\"description\":\"El Dr. Javier Del Pozo \u00e9s un reconegut ginec\u00f2leg per la seva constant recerca de la qualitat de vida de la dona durant la menop\u00e0usea.\",\"breadcrumb\":{\"@id\":\"https:\/\/www.clinicaginecologica.org\/ca\/dr-javier-del-pozo\/#breadcrumb\"},\"inLanguage\":\"ca\",\"potentialAction\":[{\"@type\":\"ReadAction\",\"target\":[\"https:\/\/www.clinicaginecologica.org\/ca\/dr-javier-del-pozo\/\"]}]},{\"@type\":\"ImageObject\",\"inLanguage\":\"ca\",\"@id\":\"https:\/\/www.clinicaginecologica.org\/ca\/dr-javier-del-pozo\/#primaryimage\",\"url\":\"https:\/\/www.clinicaginecologica.org\/ca\/wp-content\/uploads\/sites\/2\/2017\/11\/Dr-Del-Pozo-paciente-e1511774903389.jpg\",\"contentUrl\":\"https:\/\/www.clinicaginecologica.org\/ca\/wp-content\/uploads\/sites\/2\/2017\/11\/Dr-Del-Pozo-paciente-e1511774903389.jpg\",\"width\":728,\"height\":540},{\"@type\":\"BreadcrumbList\",\"@id\":\"https:\/\/www.clinicaginecologica.org\/ca\/dr-javier-del-pozo\/#breadcrumb\",\"itemListElement\":[{\"@type\":\"ListItem\",\"position\":1,\"name\":\"Portada\",\"item\":\"https:\/\/www.clinicaginecologica.org\/ca\/\"},{\"@type\":\"ListItem\",\"position\":2,\"name\":\"Dr. Javier Del Pozo\"}]},{\"@type\":\"WebSite\",\"@id\":\"https:\/\/www.clinicaginecologica.org\/ca\/#website\",\"url\":\"https:\/\/www.clinicaginecologica.org\/ca\/\",\"name\":\"Cl\u00ednica Ginecol\u00f2gica\",\"description\":\"El seu ginec\u00f2leg a Barcelona\",\"potentialAction\":[{\"@type\":\"SearchAction\",\"target\":{\"@type\":\"EntryPoint\",\"urlTemplate\":\"https:\/\/www.clinicaginecologica.org\/ca\/?s={search_term_string}\"},\"query-input\":{\"@type\":\"PropertyValueSpecification\",\"valueRequired\":true,\"valueName\":\"search_term_string\"}}],\"inLanguage\":\"ca\"}]}<\/script>\n<!-- \/ Yoast SEO plugin. -->","yoast_head_json":{"title":"Dr. Javier del Pozo | Ginec\u00f2leg | Centre M\u00e8dic Teknon","description":"El Dr. Javier Del Pozo \u00e9s un reconegut ginec\u00f2leg per la seva constant recerca de la qualitat de vida de la dona durant la menop\u00e0usea.","robots":{"index":"index","follow":"follow","max-snippet":"max-snippet:-1","max-image-preview":"max-image-preview:large","max-video-preview":"max-video-preview:-1"},"canonical":"https:\/\/www.clinicaginecologica.org\/ca\/dr-javier-del-pozo\/","og_locale":"ca_ES","og_type":"article","og_title":"Dr. Javier del Pozo | Ginec\u00f2leg | Centre M\u00e8dic Teknon","og_description":"El Dr. Javier Del Pozo \u00e9s un reconegut ginec\u00f2leg per la seva constant recerca de la qualitat de vida de la dona durant la menop\u00e0usea.","og_url":"https:\/\/www.clinicaginecologica.org\/ca\/dr-javier-del-pozo\/","og_site_name":"Cl\u00ednica Ginecol\u00f2gica","article_modified_time":"2024-03-19T17:18:15+00:00","og_image":[{"url":"https:\/\/www.clinicaginecologica.org\/ca\/wp-content\/uploads\/sites\/2\/2017\/11\/Dr-Del-Pozo-paciente-e1511774903389.jpg","type":"","width":"","height":""}],"twitter_card":"summary_large_image","twitter_misc":{"Temps estimat de lectura":"2 minuts"},"schema":{"@context":"https:\/\/schema.org","@graph":[{"@type":"WebPage","@id":"https:\/\/www.clinicaginecologica.org\/ca\/dr-javier-del-pozo\/","url":"https:\/\/www.clinicaginecologica.org\/ca\/dr-javier-del-pozo\/","name":"Dr. Javier del Pozo | Ginec\u00f2leg | Centre M\u00e8dic Teknon","isPartOf":{"@id":"https:\/\/www.clinicaginecologica.org\/ca\/#website"},"primaryImageOfPage":{"@id":"https:\/\/www.clinicaginecologica.org\/ca\/dr-javier-del-pozo\/#primaryimage"},"image":{"@id":"https:\/\/www.clinicaginecologica.org\/ca\/dr-javier-del-pozo\/#primaryimage"},"thumbnailUrl":"https:\/\/www.clinicaginecologica.org\/ca\/wp-content\/uploads\/sites\/2\/2017\/11\/Dr-Del-Pozo-paciente-e1511774903389.jpg","datePublished":"2015-04-14T15:48:23+00:00","dateModified":"2024-03-19T17:18:15+00:00","description":"El Dr. Javier Del Pozo \u00e9s un reconegut ginec\u00f2leg per la seva constant recerca de la qualitat de vida de la dona durant la menop\u00e0usea.","breadcrumb":{"@id":"https:\/\/www.clinicaginecologica.org\/ca\/dr-javier-del-pozo\/#breadcrumb"},"inLanguage":"ca","potentialAction":[{"@type":"ReadAction","target":["https:\/\/www.clinicaginecologica.org\/ca\/dr-javier-del-pozo\/"]}]},{"@type":"ImageObject","inLanguage":"ca","@id":"https:\/\/www.clinicaginecologica.org\/ca\/dr-javier-del-pozo\/#primaryimage","url":"https:\/\/www.clinicaginecologica.org\/ca\/wp-content\/uploads\/sites\/2\/2017\/11\/Dr-Del-Pozo-paciente-e1511774903389.jpg","contentUrl":"https:\/\/www.clinicaginecologica.org\/ca\/wp-content\/uploads\/sites\/2\/2017\/11\/Dr-Del-Pozo-paciente-e1511774903389.jpg","width":728,"height":540},{"@type":"BreadcrumbList","@id":"https:\/\/www.clinicaginecologica.org\/ca\/dr-javier-del-pozo\/#breadcrumb","itemListElement":[{"@type":"ListItem","position":1,"name":"Portada","item":"https:\/\/www.clinicaginecologica.org\/ca\/"},{"@type":"ListItem","position":2,"name":"Dr. Javier Del Pozo"}]},{"@type":"WebSite","@id":"https:\/\/www.clinicaginecologica.org\/ca\/#website","url":"https:\/\/www.clinicaginecologica.org\/ca\/","name":"Cl\u00ednica Ginecol\u00f2gica","description":"El seu ginec\u00f2leg a Barcelona","potentialAction":[{"@type":"SearchAction","target":{"@type":"EntryPoint","urlTemplate":"https:\/\/www.clinicaginecologica.org\/ca\/?s={search_term_string}"},"query-input":{"@type":"PropertyValueSpecification","valueRequired":true,"valueName":"search_term_string"}}],"inLanguage":"ca"}]}},"_links":{"self":[{"href":"https:\/\/www.clinicaginecologica.org\/ca\/wp-json\/wp\/v2\/pages\/6602","targetHints":{"allow":["GET"]}}],"collection":[{"href":"https:\/\/www.clinicaginecologica.org\/ca\/wp-json\/wp\/v2\/pages"}],"about":[{"href":"https:\/\/www.clinicaginecologica.org\/ca\/wp-json\/wp\/v2\/types\/page"}],"author":[{"embeddable":true,"href":"https:\/\/www.clinicaginecologica.org\/ca\/wp-json\/wp\/v2\/users\/5"}],"replies":[{"embeddable":true,"href":"https:\/\/www.clinicaginecologica.org\/ca\/wp-json\/wp\/v2\/comments?post=6602"}],"version-history":[{"count":4,"href":"https:\/\/www.clinicaginecologica.org\/ca\/wp-json\/wp\/v2\/pages\/6602\/revisions"}],"predecessor-version":[{"id":11301,"href":"https:\/\/www.clinicaginecologica.org\/ca\/wp-json\/wp\/v2\/pages\/6602\/revisions\/11301"}],"wp:attachment":[{"href":"https:\/\/www.clinicaginecologica.org\/ca\/wp-json\/wp\/v2\/media?parent=6602"}],"curies":[{"name":"wp","href":"https:\/\/api.w.org\/{rel}","templated":true}]}}