{"id":6588,"date":"2015-04-14T15:41:29","date_gmt":"2015-04-14T15:41:29","guid":{"rendered":"http:\/\/www.clinicaginecologica.org\/?page_id=6588"},"modified":"2026-01-08T17:50:35","modified_gmt":"2026-01-08T16:50:35","slug":"sobre-nosaltres","status":"publish","type":"page","link":"https:\/\/www.clinicaginecologica.org\/ca\/sobre-nosaltres\/","title":{"rendered":"Sobre Nosaltres"},"content":{"rendered":"<p style=\"text-align: justify;\">Cl\u00ednica Ginecol\u00f2gica, fundada fa dues d\u00e8cades, ofereix la millor qualitat assistencial i humana als seus pacients. El nostre equip de professionals tenen dedicaci\u00f3 exclusiva a la Cl\u00ednica i estan a l\u2019avantguarda dels \u00faltims aven\u00e7os cient\u00edfics i tecnol\u00f2gics, tot amb l\u2019objectiu de millorar la qualitat de vida de les nostres pacients.<\/p>\n<p style=\"text-align: justify;\">La formaci\u00f3 i l\u2019avaluaci\u00f3 de la qualitat formen part de l\u2019activitat quotidiana dels nostres professionals. El nostre creixement professional inclou compartir el coneixement que generem amb professionals del nostre pa\u00eds i internacionals, aix\u00ed com estar al dia de nous aven\u00e7os en el camp ginecol\u00f2gic i assistencial. Tot aix\u00f2 amb un objectiu en ment: promoure el benestar de les nostres pacients.<\/p>\n<p><img loading=\"lazy\" decoding=\"async\" class=\" wp-image-7933 aligncenter\" src=\"http:\/\/www.clinicaginecologica.org\/ca\/wp-content\/uploads\/sites\/2\/2013\/03\/Exterior-CMT-fa\u00e7ana-e1437039882925.jpg\" alt=\"\" width=\"700\" height=\"228\" srcset=\"https:\/\/www.clinicaginecologica.org\/ca\/wp-content\/uploads\/sites\/2\/2013\/03\/Exterior-CMT-fa\u00e7ana-e1437039882925.jpg 950w, https:\/\/www.clinicaginecologica.org\/ca\/wp-content\/uploads\/sites\/2\/2013\/03\/Exterior-CMT-fa\u00e7ana-e1437039882925-300x98.jpg 300w, https:\/\/www.clinicaginecologica.org\/ca\/wp-content\/uploads\/sites\/2\/2013\/03\/Exterior-CMT-fa\u00e7ana-e1437039882925-768x250.jpg 768w\" sizes=\"auto, (max-width: 700px) 100vw, 700px\" \/><\/p>\n<h3 style=\"text-align: center;\"><a href=\"http:\/\/www.clinicaginecologica.org\/ca\/installacions\/\">Les nostres instal\u00b7lacions.<\/a><\/h3>\n<h3 style=\"text-align: left;\">El nostre equip<\/h3>\n<div class=\"equipo-clinica\" style=\"display: flex; flex-direction: column; align-items: center;\">\n<p><!-- Nueva tarjeta 1 --><\/p>\n<div class=\"tarjeta-equipo\">\n<div class=\"img-destacada\"><a href=\"https:\/\/www.clinicaginecologica.org\/ca\/dr-stefan-iliev\/\"><img loading=\"lazy\" decoding=\"async\" class=\"alignnone\" src=\"https:\/\/www.clinicaginecologica.org\/ca\/wp-content\/uploads\/sites\/2\/2024\/04\/doctor-stefan-iliev.jpg\" alt=\"Dr. Stefan Iliev\" width=\"728\" height=\"540\" \/><\/a><\/div>\n<div class=\"info-doctor\">\n<div class=\"nombre-doctor\"><a href=\"https:\/\/www.clinicaginecologica.org\/ca\/dr-stefan-iliev\/\">Dr. Stefan Iliev<\/a><\/div>\n<div class=\"esp-doctor\">Especialista en Ginecolog\u00eda i Obstetricia<\/div>\n<div class=\"desc-doctor\">El Dr. Stefan Iliev \u00e9s especialista en Ginecologia i Obstetr\u00edcia per la Universitat M\u00e8dica de Varna i Doctor en Cirurgia i Medicina per la Universitat de Barcelona. El Dr. Iliev porta m\u00e9s de 15 anys exercint a Espanya i una extensa formaci\u00f3 internacional en els diferents \u00e0mbits de la Ginecologia i l&#8217;Obstetr\u00edcia.<\/div>\n<div class=\"ver-ficha\"><a href=\"https:\/\/www.clinicaginecologica.org\/ca\/dr-stefan-iliev\/\"><i class=\"fa fa-arrow-right\"><\/i> M\u00e9s informaci\u00f3 sobre Dr. Stefan Iliev<\/a><\/div>\n<\/div>\n<\/div>\n<div class=\"tarjeta-equipo\">\n<div class=\"img-destacada\"><a href=\"https:\/\/www.clinicaginecologica.org\/ca\/dr-pablo-verdecchia\/\"><img loading=\"lazy\" decoding=\"async\" class=\"alignnone\" src=\"https:\/\/www.clinicaginecologica.org\/ca\/wp-content\/uploads\/sites\/2\/2024\/03\/dr-pablo-verdecchia.jpg\" alt=\"Dr. Verdecchia\" width=\"728\" height=\"540\" \/><\/a><\/div>\n<div class=\"info-doctor\">\n<div class=\"nombre-doctor\"><a href=\"https:\/\/www.clinicaginecologica.org\/ca\/dr-pablo-verdecchia\/\">Dr. Pablo Verdecchia<\/a><\/div>\n<div class=\"esp-doctor\">Especialista en Ginecolog\u00eda i Obstetricia<\/div>\n<div class=\"desc-doctor\">Reconegut ginec\u00f2leg amb \u00e0mplia experi\u00e8ncia en uroginecologia, ginecoest\u00e8tica aix\u00ed com la salut ginecol\u00f2gica de la dona en totes les etapes de la seva vida: adolesc\u00e8ncia, embarassos, perimenopausa i menopausa.<\/div>\n<div class=\"ver-ficha\"><a href=\"https:\/\/www.clinicaginecologica.org\/ca\/dr-pablo-verdecchia\/\"><i class=\"fa fa-arrow-right\"><\/i> M\u00e9s sobre Dr Pablo Verdecchia<\/a><\/div>\n<\/div>\n<\/div>\n<p><!-- Nueva tarjeta 2 --><\/p>\n<div class=\"tarjeta-equipo\">\n<div class=\"img-destacada\"><a href=\"https:\/\/www.clinicaginecologica.org\/ca\/dra-brenda-valenzuela\/\"><img loading=\"lazy\" decoding=\"async\" class=\"alignnone\" src=\"https:\/\/www.clinicaginecologica.org\/ca\/wp-content\/uploads\/sites\/2\/2024\/04\/dra-brenda-valenzuela.jpg\" alt=\"Dra. Brenda Valenzuela\" width=\"728\" height=\"540\" \/><\/a><\/div>\n<div class=\"info-doctor\">\n<div class=\"nombre-doctor\"><a href=\"https:\/\/www.clinicaginecologica.org\/ca\/dra-brenda-valenzuela\/\">Dra. Brenda Valenzuela<\/a><\/div>\n<div class=\"esp-doctor\">Especialista en Ginecolog\u00eda i Obstetricia<\/div>\n<div class=\"desc-doctor\">La Dra. Brenda Valenzuela \u00e9s especialista en Obstetricia i Ginecologia i Doctora en Cirurgia i Medicina per la Universitat de Barcelona.<br \/>\nRealitza des de fa m\u00e9s de 12 anys recerca post-doctoral a l\u2019Hospital Cl\u00ednic de Barcelona, sempre enfocada en la salut integral de la dona.<\/div>\n<div class=\"ver-ficha\"><a href=\"https:\/\/www.clinicaginecologica.org\/ca\/dra-brenda-valenzuela\/\"><i class=\"fa fa-arrow-right\"><\/i> M\u00e9s informaci\u00f3 sobre Dra. Brenda Valenzuela<\/a><\/div>\n<\/div>\n<\/div>\n<p><!-- Nueva tarjeta 1 --><\/p>\n<div class=\"tarjeta-equipo\">\n<div class=\"img-destacada\"><a href=\"https:\/\/www.clinicaginecologica.org\/ca\/dra-eva-magret\/\"><img loading=\"lazy\" decoding=\"async\" class=\"alignnone\" src=\"https:\/\/www.clinicaginecologica.org\/wp-content\/uploads\/2024\/10\/Dra.-Magret-boli-ok-min-1-768x512.jpg\" alt=\"Dra. Eva Magret\" width=\"728\" height=\"540\" \/><\/a><\/div>\n<div class=\"info-doctor\">\n<div class=\"nombre-doctor\"><a href=\"https:\/\/www.clinicaginecologica.org\/ca\/dra-eva-magret\/\">Dra. Eva Magret<\/a><\/div>\n<div class=\"esp-doctor\">Especialista en Ginecolog\u00eda i Obstetricia<\/div>\n<div class=\"desc-doctor\">La Doctora Eva Magret \u00e9s especialista en Ginecologia i Obstetr\u00edcia per la Universitat Aut\u00f2noma de Barcelona.<br \/>\nAmb un enfocament proper i emp\u00e0tic, la Dra. Magret gaudeix acompanyant a les seves pacients en totes les etapes de la seva vida, des de l&#8217;adolesc\u00e8ncia fins a la menopausa.<\/div>\n<div class=\"ver-ficha\"><a href=\"https:\/\/www.clinicaginecologica.org\/ca\/dra-eva-magret\/\"><i class=\"fa fa-arrow-right\"><\/i> M\u00e9s informaci\u00f3 sobre Dra. Eva Magret<\/a><\/div>\n<\/div>\n<\/div>\n<\/div>\n","protected":false},"excerpt":{"rendered":"<p>Cl\u00ednica Ginecol\u00f2gica, fundada fa dues d\u00e8cades, ofereix la millor qualitat assistencial i humana als seus pacients. El nostre equip de professionals tenen dedicaci\u00f3 exclusiva a la Cl\u00ednica i estan a l\u2019avantguarda dels \u00faltims aven\u00e7os cient\u00edfics i tecnol\u00f2gics, tot amb l\u2019objectiu de millorar la qualitat de vida de les nostres pacients. La formaci\u00f3 i l\u2019avaluaci\u00f3 de [&hellip;]<\/p>\n","protected":false},"author":5,"featured_media":0,"parent":0,"menu_order":0,"comment_status":"open","ping_status":"open","template":"","meta":{"_joinchat":[],"footnotes":""},"class_list":["post-6588","page","type-page","status-publish","hentry"],"yoast_head":"<!-- This site is optimized with the Yoast SEO plugin v26.3 - https:\/\/yoast.com\/wordpress\/plugins\/seo\/ -->\n<title>Equip de ginec\u00f2legs a Teknon<\/title>\n<meta name=\"description\" content=\"Equip de ginec\u00f2legs a Teknon que dirigeix Clinica Ginecol\u00f2gica tenen \u00e0mplia experi\u00e8ncia en la salut de la dona\" \/>\n<meta name=\"robots\" content=\"index, follow, max-snippet:-1, max-image-preview:large, max-video-preview:-1\" \/>\n<link rel=\"canonical\" href=\"https:\/\/www.clinicaginecologica.org\/ca\/sobre-nosaltres\/\" \/>\n<meta property=\"og:locale\" content=\"ca_ES\" \/>\n<meta property=\"og:type\" content=\"article\" \/>\n<meta property=\"og:title\" content=\"Equip de ginec\u00f2legs a Teknon\" \/>\n<meta property=\"og:description\" content=\"Equip de ginec\u00f2legs a Teknon que dirigeix Clinica Ginecol\u00f2gica tenen \u00e0mplia experi\u00e8ncia en la salut de la dona\" \/>\n<meta property=\"og:url\" content=\"https:\/\/www.clinicaginecologica.org\/ca\/sobre-nosaltres\/\" \/>\n<meta property=\"og:site_name\" content=\"Cl\u00ednica Ginecol\u00f2gica\" \/>\n<meta property=\"article:modified_time\" content=\"2026-01-08T16:50:35+00:00\" \/>\n<meta property=\"og:image\" content=\"https:\/\/www.clinicaginecologica.org\/ca\/wp-content\/uploads\/sites\/2\/2024\/04\/doctor-stefan-iliev.jpg\" \/>\n<meta name=\"twitter:card\" content=\"summary_large_image\" \/>\n<meta name=\"twitter:label1\" content=\"Temps estimat de lectura\" \/>\n\t<meta name=\"twitter:data1\" content=\"4 minuts\" \/>\n<script type=\"application\/ld+json\" class=\"yoast-schema-graph\">{\"@context\":\"https:\/\/schema.org\",\"@graph\":[{\"@type\":\"WebPage\",\"@id\":\"https:\/\/www.clinicaginecologica.org\/ca\/sobre-nosaltres\/\",\"url\":\"https:\/\/www.clinicaginecologica.org\/ca\/sobre-nosaltres\/\",\"name\":\"Equip de ginec\u00f2legs a Teknon\",\"isPartOf\":{\"@id\":\"https:\/\/www.clinicaginecologica.org\/ca\/#website\"},\"primaryImageOfPage\":{\"@id\":\"https:\/\/www.clinicaginecologica.org\/ca\/sobre-nosaltres\/#primaryimage\"},\"image\":{\"@id\":\"https:\/\/www.clinicaginecologica.org\/ca\/sobre-nosaltres\/#primaryimage\"},\"thumbnailUrl\":\"https:\/\/www.clinicaginecologica.org\/ca\/wp-content\/uploads\/sites\/2\/2024\/04\/doctor-stefan-iliev.jpg\",\"datePublished\":\"2015-04-14T15:41:29+00:00\",\"dateModified\":\"2026-01-08T16:50:35+00:00\",\"description\":\"Equip de ginec\u00f2legs a Teknon que dirigeix Clinica Ginecol\u00f2gica tenen \u00e0mplia experi\u00e8ncia en la salut de la dona\",\"breadcrumb\":{\"@id\":\"https:\/\/www.clinicaginecologica.org\/ca\/sobre-nosaltres\/#breadcrumb\"},\"inLanguage\":\"ca\",\"potentialAction\":[{\"@type\":\"ReadAction\",\"target\":[\"https:\/\/www.clinicaginecologica.org\/ca\/sobre-nosaltres\/\"]}]},{\"@type\":\"ImageObject\",\"inLanguage\":\"ca\",\"@id\":\"https:\/\/www.clinicaginecologica.org\/ca\/sobre-nosaltres\/#primaryimage\",\"url\":\"https:\/\/www.clinicaginecologica.org\/ca\/wp-content\/uploads\/sites\/2\/2024\/04\/doctor-stefan-iliev.jpg\",\"contentUrl\":\"https:\/\/www.clinicaginecologica.org\/ca\/wp-content\/uploads\/sites\/2\/2024\/04\/doctor-stefan-iliev.jpg\",\"width\":1060,\"height\":708,\"caption\":\"Doctor Stefan Iliev\"},{\"@type\":\"BreadcrumbList\",\"@id\":\"https:\/\/www.clinicaginecologica.org\/ca\/sobre-nosaltres\/#breadcrumb\",\"itemListElement\":[{\"@type\":\"ListItem\",\"position\":1,\"name\":\"Portada\",\"item\":\"https:\/\/www.clinicaginecologica.org\/ca\/\"},{\"@type\":\"ListItem\",\"position\":2,\"name\":\"Sobre Nosaltres\"}]},{\"@type\":\"WebSite\",\"@id\":\"https:\/\/www.clinicaginecologica.org\/ca\/#website\",\"url\":\"https:\/\/www.clinicaginecologica.org\/ca\/\",\"name\":\"Cl\u00ednica Ginecol\u00f2gica\",\"description\":\"El seu ginec\u00f2leg a Barcelona\",\"potentialAction\":[{\"@type\":\"SearchAction\",\"target\":{\"@type\":\"EntryPoint\",\"urlTemplate\":\"https:\/\/www.clinicaginecologica.org\/ca\/?s={search_term_string}\"},\"query-input\":{\"@type\":\"PropertyValueSpecification\",\"valueRequired\":true,\"valueName\":\"search_term_string\"}}],\"inLanguage\":\"ca\"}]}<\/script>\n<!-- \/ Yoast SEO plugin. -->","yoast_head_json":{"title":"Equip de ginec\u00f2legs a Teknon","description":"Equip de ginec\u00f2legs a Teknon que dirigeix Clinica Ginecol\u00f2gica tenen \u00e0mplia experi\u00e8ncia en la salut de la dona","robots":{"index":"index","follow":"follow","max-snippet":"max-snippet:-1","max-image-preview":"max-image-preview:large","max-video-preview":"max-video-preview:-1"},"canonical":"https:\/\/www.clinicaginecologica.org\/ca\/sobre-nosaltres\/","og_locale":"ca_ES","og_type":"article","og_title":"Equip de ginec\u00f2legs a Teknon","og_description":"Equip de ginec\u00f2legs a Teknon que dirigeix Clinica Ginecol\u00f2gica tenen \u00e0mplia experi\u00e8ncia en la salut de la dona","og_url":"https:\/\/www.clinicaginecologica.org\/ca\/sobre-nosaltres\/","og_site_name":"Cl\u00ednica Ginecol\u00f2gica","article_modified_time":"2026-01-08T16:50:35+00:00","og_image":[{"url":"https:\/\/www.clinicaginecologica.org\/ca\/wp-content\/uploads\/sites\/2\/2024\/04\/doctor-stefan-iliev.jpg","type":"","width":"","height":""}],"twitter_card":"summary_large_image","twitter_misc":{"Temps estimat de lectura":"4 minuts"},"schema":{"@context":"https:\/\/schema.org","@graph":[{"@type":"WebPage","@id":"https:\/\/www.clinicaginecologica.org\/ca\/sobre-nosaltres\/","url":"https:\/\/www.clinicaginecologica.org\/ca\/sobre-nosaltres\/","name":"Equip de ginec\u00f2legs a Teknon","isPartOf":{"@id":"https:\/\/www.clinicaginecologica.org\/ca\/#website"},"primaryImageOfPage":{"@id":"https:\/\/www.clinicaginecologica.org\/ca\/sobre-nosaltres\/#primaryimage"},"image":{"@id":"https:\/\/www.clinicaginecologica.org\/ca\/sobre-nosaltres\/#primaryimage"},"thumbnailUrl":"https:\/\/www.clinicaginecologica.org\/ca\/wp-content\/uploads\/sites\/2\/2024\/04\/doctor-stefan-iliev.jpg","datePublished":"2015-04-14T15:41:29+00:00","dateModified":"2026-01-08T16:50:35+00:00","description":"Equip de ginec\u00f2legs a Teknon que dirigeix Clinica Ginecol\u00f2gica tenen \u00e0mplia experi\u00e8ncia en la salut de la dona","breadcrumb":{"@id":"https:\/\/www.clinicaginecologica.org\/ca\/sobre-nosaltres\/#breadcrumb"},"inLanguage":"ca","potentialAction":[{"@type":"ReadAction","target":["https:\/\/www.clinicaginecologica.org\/ca\/sobre-nosaltres\/"]}]},{"@type":"ImageObject","inLanguage":"ca","@id":"https:\/\/www.clinicaginecologica.org\/ca\/sobre-nosaltres\/#primaryimage","url":"https:\/\/www.clinicaginecologica.org\/ca\/wp-content\/uploads\/sites\/2\/2024\/04\/doctor-stefan-iliev.jpg","contentUrl":"https:\/\/www.clinicaginecologica.org\/ca\/wp-content\/uploads\/sites\/2\/2024\/04\/doctor-stefan-iliev.jpg","width":1060,"height":708,"caption":"Doctor Stefan Iliev"},{"@type":"BreadcrumbList","@id":"https:\/\/www.clinicaginecologica.org\/ca\/sobre-nosaltres\/#breadcrumb","itemListElement":[{"@type":"ListItem","position":1,"name":"Portada","item":"https:\/\/www.clinicaginecologica.org\/ca\/"},{"@type":"ListItem","position":2,"name":"Sobre Nosaltres"}]},{"@type":"WebSite","@id":"https:\/\/www.clinicaginecologica.org\/ca\/#website","url":"https:\/\/www.clinicaginecologica.org\/ca\/","name":"Cl\u00ednica Ginecol\u00f2gica","description":"El seu ginec\u00f2leg a Barcelona","potentialAction":[{"@type":"SearchAction","target":{"@type":"EntryPoint","urlTemplate":"https:\/\/www.clinicaginecologica.org\/ca\/?s={search_term_string}"},"query-input":{"@type":"PropertyValueSpecification","valueRequired":true,"valueName":"search_term_string"}}],"inLanguage":"ca"}]}},"_links":{"self":[{"href":"https:\/\/www.clinicaginecologica.org\/ca\/wp-json\/wp\/v2\/pages\/6588","targetHints":{"allow":["GET"]}}],"collection":[{"href":"https:\/\/www.clinicaginecologica.org\/ca\/wp-json\/wp\/v2\/pages"}],"about":[{"href":"https:\/\/www.clinicaginecologica.org\/ca\/wp-json\/wp\/v2\/types\/page"}],"author":[{"embeddable":true,"href":"https:\/\/www.clinicaginecologica.org\/ca\/wp-json\/wp\/v2\/users\/5"}],"replies":[{"embeddable":true,"href":"https:\/\/www.clinicaginecologica.org\/ca\/wp-json\/wp\/v2\/comments?post=6588"}],"version-history":[{"count":46,"href":"https:\/\/www.clinicaginecologica.org\/ca\/wp-json\/wp\/v2\/pages\/6588\/revisions"}],"predecessor-version":[{"id":11407,"href":"https:\/\/www.clinicaginecologica.org\/ca\/wp-json\/wp\/v2\/pages\/6588\/revisions\/11407"}],"wp:attachment":[{"href":"https:\/\/www.clinicaginecologica.org\/ca\/wp-json\/wp\/v2\/media?parent=6588"}],"curies":[{"name":"wp","href":"https:\/\/api.w.org\/{rel}","templated":true}]}}