{"id":6308,"date":"2013-03-05T11:58:48","date_gmt":"2013-03-05T10:58:48","guid":{"rendered":"http:\/\/clinicaginecologica-local.org\/?page_id=6308"},"modified":"2023-02-13T16:26:44","modified_gmt":"2023-02-13T15:26:44","slug":"inici","status":"publish","type":"page","link":"https:\/\/www.clinicaginecologica.org\/ca\/","title":{"rendered":"Inici"},"content":{"rendered":"","protected":false},"excerpt":{"rendered":"","protected":false},"author":5,"featured_media":10961,"parent":0,"menu_order":0,"comment_status":"closed","ping_status":"closed","template":"tpl-inicio.php","meta":{"_joinchat":[],"footnotes":""},"class_list":["post-6308","page","type-page","status-publish","has-post-thumbnail","hentry"],"yoast_head":"<!-- This site is optimized with the Yoast SEO plugin v26.3 - https:\/\/yoast.com\/wordpress\/plugins\/seo\/ -->\n<title>Inici - Cl\u00ednica Ginecol\u00f2gica<\/title>\n<meta name=\"robots\" content=\"index, follow, max-snippet:-1, max-image-preview:large, max-video-preview:-1\" \/>\n<link rel=\"canonical\" href=\"https:\/\/www.clinicaginecologica.org\/ca\/\" \/>\n<meta property=\"og:locale\" content=\"ca_ES\" \/>\n<meta property=\"og:type\" content=\"article\" \/>\n<meta property=\"og:title\" content=\"Inici - Cl\u00ednica Ginecol\u00f2gica\" \/>\n<meta property=\"og:url\" content=\"https:\/\/www.clinicaginecologica.org\/ca\/\" \/>\n<meta property=\"og:site_name\" content=\"Cl\u00ednica Ginecol\u00f2gica\" \/>\n<meta property=\"article:modified_time\" content=\"2023-02-13T15:26:44+00:00\" \/>\n<meta property=\"og:image\" content=\"https:\/\/www.clinicaginecologica.org\/ca\/wp-content\/uploads\/sites\/2\/2017\/11\/slider-01.jpg\" \/>\n\t<meta property=\"og:image:width\" content=\"1440\" \/>\n\t<meta property=\"og:image:height\" content=\"714\" \/>\n\t<meta property=\"og:image:type\" content=\"image\/jpeg\" \/>\n<meta name=\"twitter:card\" content=\"summary_large_image\" \/>\n<script type=\"application\/ld+json\" class=\"yoast-schema-graph\">{\"@context\":\"https:\/\/schema.org\",\"@graph\":[{\"@type\":\"WebPage\",\"@id\":\"https:\/\/www.clinicaginecologica.org\/ca\/\",\"url\":\"https:\/\/www.clinicaginecologica.org\/ca\/\",\"name\":\"Inici - Cl\u00ednica Ginecol\u00f2gica\",\"isPartOf\":{\"@id\":\"https:\/\/www.clinicaginecologica.org\/ca\/#website\"},\"primaryImageOfPage\":{\"@id\":\"https:\/\/www.clinicaginecologica.org\/ca\/#primaryimage\"},\"image\":{\"@id\":\"https:\/\/www.clinicaginecologica.org\/ca\/#primaryimage\"},\"thumbnailUrl\":\"https:\/\/www.clinicaginecologica.org\/ca\/wp-content\/uploads\/sites\/2\/2017\/11\/slider-01.jpg\",\"datePublished\":\"2013-03-05T10:58:48+00:00\",\"dateModified\":\"2023-02-13T15:26:44+00:00\",\"breadcrumb\":{\"@id\":\"https:\/\/www.clinicaginecologica.org\/ca\/#breadcrumb\"},\"inLanguage\":\"ca\",\"potentialAction\":[{\"@type\":\"ReadAction\",\"target\":[\"https:\/\/www.clinicaginecologica.org\/ca\/\"]}]},{\"@type\":\"ImageObject\",\"inLanguage\":\"ca\",\"@id\":\"https:\/\/www.clinicaginecologica.org\/ca\/#primaryimage\",\"url\":\"https:\/\/www.clinicaginecologica.org\/ca\/wp-content\/uploads\/sites\/2\/2017\/11\/slider-01.jpg\",\"contentUrl\":\"https:\/\/www.clinicaginecologica.org\/ca\/wp-content\/uploads\/sites\/2\/2017\/11\/slider-01.jpg\",\"width\":1440,\"height\":714},{\"@type\":\"BreadcrumbList\",\"@id\":\"https:\/\/www.clinicaginecologica.org\/ca\/#breadcrumb\",\"itemListElement\":[{\"@type\":\"ListItem\",\"position\":1,\"name\":\"Portada\",\"item\":\"https:\/\/www.clinicaginecologica.org\/ca\/\"},{\"@type\":\"ListItem\",\"position\":2,\"name\":\"Inici\"}]},{\"@type\":\"WebSite\",\"@id\":\"https:\/\/www.clinicaginecologica.org\/ca\/#website\",\"url\":\"https:\/\/www.clinicaginecologica.org\/ca\/\",\"name\":\"Cl\u00ednica Ginecol\u00f2gica\",\"description\":\"El seu ginec\u00f2leg a Barcelona\",\"potentialAction\":[{\"@type\":\"SearchAction\",\"target\":{\"@type\":\"EntryPoint\",\"urlTemplate\":\"https:\/\/www.clinicaginecologica.org\/ca\/?s={search_term_string}\"},\"query-input\":{\"@type\":\"PropertyValueSpecification\",\"valueRequired\":true,\"valueName\":\"search_term_string\"}}],\"inLanguage\":\"ca\"}]}<\/script>\n<!-- \/ Yoast SEO plugin. -->","yoast_head_json":{"title":"Inici - Cl\u00ednica Ginecol\u00f2gica","robots":{"index":"index","follow":"follow","max-snippet":"max-snippet:-1","max-image-preview":"max-image-preview:large","max-video-preview":"max-video-preview:-1"},"canonical":"https:\/\/www.clinicaginecologica.org\/ca\/","og_locale":"ca_ES","og_type":"article","og_title":"Inici - Cl\u00ednica Ginecol\u00f2gica","og_url":"https:\/\/www.clinicaginecologica.org\/ca\/","og_site_name":"Cl\u00ednica Ginecol\u00f2gica","article_modified_time":"2023-02-13T15:26:44+00:00","og_image":[{"width":1440,"height":714,"url":"https:\/\/www.clinicaginecologica.org\/ca\/wp-content\/uploads\/sites\/2\/2017\/11\/slider-01.jpg","type":"image\/jpeg"}],"twitter_card":"summary_large_image","schema":{"@context":"https:\/\/schema.org","@graph":[{"@type":"WebPage","@id":"https:\/\/www.clinicaginecologica.org\/ca\/","url":"https:\/\/www.clinicaginecologica.org\/ca\/","name":"Inici - Cl\u00ednica Ginecol\u00f2gica","isPartOf":{"@id":"https:\/\/www.clinicaginecologica.org\/ca\/#website"},"primaryImageOfPage":{"@id":"https:\/\/www.clinicaginecologica.org\/ca\/#primaryimage"},"image":{"@id":"https:\/\/www.clinicaginecologica.org\/ca\/#primaryimage"},"thumbnailUrl":"https:\/\/www.clinicaginecologica.org\/ca\/wp-content\/uploads\/sites\/2\/2017\/11\/slider-01.jpg","datePublished":"2013-03-05T10:58:48+00:00","dateModified":"2023-02-13T15:26:44+00:00","breadcrumb":{"@id":"https:\/\/www.clinicaginecologica.org\/ca\/#breadcrumb"},"inLanguage":"ca","potentialAction":[{"@type":"ReadAction","target":["https:\/\/www.clinicaginecologica.org\/ca\/"]}]},{"@type":"ImageObject","inLanguage":"ca","@id":"https:\/\/www.clinicaginecologica.org\/ca\/#primaryimage","url":"https:\/\/www.clinicaginecologica.org\/ca\/wp-content\/uploads\/sites\/2\/2017\/11\/slider-01.jpg","contentUrl":"https:\/\/www.clinicaginecologica.org\/ca\/wp-content\/uploads\/sites\/2\/2017\/11\/slider-01.jpg","width":1440,"height":714},{"@type":"BreadcrumbList","@id":"https:\/\/www.clinicaginecologica.org\/ca\/#breadcrumb","itemListElement":[{"@type":"ListItem","position":1,"name":"Portada","item":"https:\/\/www.clinicaginecologica.org\/ca\/"},{"@type":"ListItem","position":2,"name":"Inici"}]},{"@type":"WebSite","@id":"https:\/\/www.clinicaginecologica.org\/ca\/#website","url":"https:\/\/www.clinicaginecologica.org\/ca\/","name":"Cl\u00ednica Ginecol\u00f2gica","description":"El seu ginec\u00f2leg a Barcelona","potentialAction":[{"@type":"SearchAction","target":{"@type":"EntryPoint","urlTemplate":"https:\/\/www.clinicaginecologica.org\/ca\/?s={search_term_string}"},"query-input":{"@type":"PropertyValueSpecification","valueRequired":true,"valueName":"search_term_string"}}],"inLanguage":"ca"}]}},"_links":{"self":[{"href":"https:\/\/www.clinicaginecologica.org\/ca\/wp-json\/wp\/v2\/pages\/6308","targetHints":{"allow":["GET"]}}],"collection":[{"href":"https:\/\/www.clinicaginecologica.org\/ca\/wp-json\/wp\/v2\/pages"}],"about":[{"href":"https:\/\/www.clinicaginecologica.org\/ca\/wp-json\/wp\/v2\/types\/page"}],"author":[{"embeddable":true,"href":"https:\/\/www.clinicaginecologica.org\/ca\/wp-json\/wp\/v2\/users\/5"}],"replies":[{"embeddable":true,"href":"https:\/\/www.clinicaginecologica.org\/ca\/wp-json\/wp\/v2\/comments?post=6308"}],"version-history":[{"count":2,"href":"https:\/\/www.clinicaginecologica.org\/ca\/wp-json\/wp\/v2\/pages\/6308\/revisions"}],"predecessor-version":[{"id":10962,"href":"https:\/\/www.clinicaginecologica.org\/ca\/wp-json\/wp\/v2\/pages\/6308\/revisions\/10962"}],"wp:featuredmedia":[{"embeddable":true,"href":"https:\/\/www.clinicaginecologica.org\/ca\/wp-json\/wp\/v2\/media\/10961"}],"wp:attachment":[{"href":"https:\/\/www.clinicaginecologica.org\/ca\/wp-json\/wp\/v2\/media?parent=6308"}],"curies":[{"name":"wp","href":"https:\/\/api.w.org\/{rel}","templated":true}]}}