{"id":11351,"date":"2025-04-07T19:46:42","date_gmt":"2025-04-07T17:46:42","guid":{"rendered":"https:\/\/www.clinicaginecologica.org\/ca\/?page_id=11351"},"modified":"2025-04-07T19:54:42","modified_gmt":"2025-04-07T17:54:42","slug":"dra-eva-magret","status":"publish","type":"page","link":"https:\/\/www.clinicaginecologica.org\/ca\/dra-eva-magret\/","title":{"rendered":"Dra. Eva Magret"},"content":{"rendered":"<p><img loading=\"lazy\" decoding=\"async\" class=\"alignnone wp-image-127886\" src=\"https:\/\/www.clinicaginecologica.org\/wp-content\/uploads\/2024\/10\/Dra.-Magret-boli-ok-min-1-300x200.jpg\" alt=\"\" width=\"499\" height=\"332\" \/><\/p>\n<h1>Especialista en Ginecologia i Obstetr\u00edcia<\/h1>\n<p>La <strong>Doctora Eva Magret<\/strong> \u00e9s especialista en <strong>Ginecologia i Obstetr\u00edcia<\/strong> per la Universitat Aut\u00f2noma de Barcelona.<\/p>\n<p>Amb un enfocament proper i emp\u00e0tic, la Dra. Magret gaudeix acompanyant\u00a0<span class=\"gmail_default\">a les seves<\/span>\u00a0pacients\u00a0<span class=\"gmail_default\">en\u00a0<\/span>totes les etapes de la seva vida, des de l&#8217;adolesc\u00e8ncia fins a la menopausa.<\/p>\n<h2>Quan\u00a0<span class=\"gmail_default\">cal fer\u00a0<\/span>una Revisi\u00f3 ginecol\u00f2gica anual<\/h2>\n<p>A partir dels 20 anys, o fins i tot abans si la pacient t\u00e9 algun tipus d&#8217;alteraci\u00f3 o problema de salut, la <strong>Dra. Magret<\/strong> recomana fer-se una revisi\u00f3 ginecol\u00f2gica<span class=\"gmail_default\">.<\/span><\/p>\n<div id=\"attachment_127921\" style=\"width: 375px\" class=\"wp-caption alignleft\"><img loading=\"lazy\" decoding=\"async\" aria-describedby=\"caption-attachment-127921\" class=\" wp-image-127921\" src=\"https:\/\/www.clinicaginecologica.org\/wp-content\/uploads\/2024\/10\/Dra.-Magret-eco-OK-min-300x200.jpg\" alt=\"Doctora Eva Magret realitzant ecografia\" width=\"365\" height=\"243\" \/><p id=\"caption-attachment-127921\" class=\"wp-caption-text\">Doctora Eva Magret realizando ecograf\u00eda<\/p><\/div>\n<p><span class=\"gmail_default\">\u200bRealitzar-se una revisi\u00f3 anual, encara que la pacient no manifesti ni noti cap mol\u00e8stia, permet resoldre qualsevol dubte. Alhora, una revisi\u00f3 anual permet descartar qualsevol problema. \u00c9s important detectar qualsevol infecci\u00f3 d&#8217;orina, alteraci\u00f3 del coll uter\u00ed, quists o fins i tot irregularitats menstruals als\u00a0que\u00a0potser ni la pacient no els ha donat especial import\u00e0ncia. <\/span><\/p>\n<p><span class=\"gmail_default\">En una <strong>revisi\u00f3 ginecol\u00f2gica rutin\u00e0ria<\/strong>, la Dra. Magret realitza un examen f\u00edsic, una <strong>citologia<\/strong>, una <strong>ecografia transvaginal<\/strong> i una <strong>completa hist\u00f2ria cl\u00ednica<\/strong> en qu\u00e8 comenta amb la pacient el seu cicle menstrual. Durant la visita les pacients solen aprofitar per preguntar a la Dra. Magret <strong>qualsevol dubte sobre salut sexual, reproductiva o anticoncepci\u00f3<\/strong>. <\/span><\/p>\n<p><span class=\"gmail_default\">En dones joves sense problemes de salut \u00e9s aconsellable mantenir la rutina de fer revisions de forma peri\u00f2dica precisament per assegurar mantenir una bona salut. <\/span><\/p>\n<h2>Dra. Magret: reconeguda en cirurgia m\u00ednimament invasiva<\/h2>\n<div class=\"group\/conversation-turn relative flex w-full min-w-0 flex-col agent-turn\">\n<div class=\"flex-col gap-1 md:gap-3\">\n<div class=\"flex max-w-full flex-col flex-grow\">\n<div class=\"min-h-8 text-message flex w-full flex-col items-end gap-2 whitespace-normal break-words [.text-message+&amp;]:mt-5\" dir=\"auto\" data-message-author-role=\"assistant\" data-message-id=\"31c2effd-db00-4d2f-92a1-7110b96d9bae\" data-message-model-slug=\"gpt-4o\">\n<div class=\"flex w-full flex-col gap-1 empty:hidden first:pt-[3px]\">\n<div class=\"markdown prose w-full break-words dark:prose-invert light\">\n<p>La Dra. Magret t\u00e9 una \u00e0mplia formaci\u00f3 en cirurgia laparosc\u00f2pica, tamb\u00e9 coneguda com a cirurgia m\u00ednimament invasiva. Aquesta t\u00e8cnica permet realitzar cirurgies del terra p\u00e8lvic i abdominal amb m\u00ednimes mol\u00e8sties i una recuperaci\u00f3 r\u00e0pida.<\/p>\n<p>Compte amb una extensa experi\u00e8ncia en cirurgies ginecol\u00f2giques complexes mitjan\u00e7ant laparosc\u00f2pia, aix\u00ed com en el tractament de la patologia del s\u00f2l p\u00e8lvic. Amb aquesta t\u00e8cnica es poden tractar problemes com ara <a href=\"https:\/\/www.clinicaginecologica.org\/ca\/patologies\/miomes-uterins\/\">miomes<\/a>, <a href=\"https:\/\/www.clinicaginecologica.org\/ca\/patologies\/quists-dovari\/\">quists d&#8217;ovari<\/a> i problemes de fertilitat. Aquestes intervencions solen requerir un ingr\u00e9s de nom\u00e9s 24 hores, cosa que afavoreix una recuperaci\u00f3 r\u00e0pida.<\/p>\n<p>Despr\u00e9s del part, especialment despr\u00e9s de parts vaginals oa partir dels 35 anys, algunes dones poden experimentar problemes com ara <a href=\"https:\/\/www.clinicaginecologica.org\/ca\/patologies\/incontinencia-urinaria-2\/\">incontin\u00e8ncia lleu<\/a> o <a href=\"https:\/\/www.clinicaginecologica.org\/ca\/patologies\/prolapse-uteri\/\">prolapse uter\u00ed<\/a>. Cap d&#8217;aquests problemes no ha d&#8217;afectar la qualitat de vida. Una exploraci\u00f3 permetr\u00e0 trobar la millor soluci\u00f3.<\/p>\n<h2>Formaci\u00f3 de la Dra. Magret<\/h2>\n<p>La <strong>Dra. Magret<\/strong> tamb\u00e9 t\u00e9 una \u00e0mplia formaci\u00f3 en l&#8217;atenci\u00f3 de la dona al <strong>pre i postpart<\/strong>. Actualment \u00e9s adjunta de Ginecologia i Obstetr\u00edcia a l&#8217;<strong>Hospital Universitari de Santa Creu i Sant Pau a Barcelona<\/strong>.<\/p>\n<p>Conscient de l&#8217;augment en l&#8217;esperan\u00e7a de vida de les dones, continua formant-se cont\u00ednuament. Sempre amb \u00e0nsies d&#8217;estar a l&#8217;avantguarda, anualment assisteix a congressos a Europa per mantenir-se al dia dels aven\u00e7os terap\u00e8utics i quir\u00fargics que puguin millorar la qualitat de vida dels seus pacients.<\/p>\n<\/div>\n<\/div>\n<\/div>\n<\/div>\n<\/div>\n<\/div>\n<p>&nbsp;<\/p>\n<h3>Cita Online:<\/h3>\n<p>Agenda la teva pr\u00f2pia cita a la teva millor conveni\u00e8ncia, estalvia temps: <a href=\"https:\/\/www.citasmedicasweb.com\/drpozo\/login\/login.html?lang=es&amp;\">Citaonline 24\/7<\/a><\/p>\n<blockquote class=\"wp-embedded-content\" data-secret=\"YyRFAJxsX6\"><p><a href=\"https:\/\/www.clinicaginecologica.org\/dra-magret-con-la-elite-europea-de-la-laparoscopia-ginecologica\/\">Dra. Magret con la \u00e9lite europea de la laparoscopia ginecol\u00f3gica<\/a><\/p><\/blockquote>\n<p><iframe loading=\"lazy\" class=\"wp-embedded-content\" sandbox=\"allow-scripts\" security=\"restricted\" style=\"position: absolute; visibility: hidden;\" title=\"\u00abDra. Magret con la \u00e9lite europea de la laparoscopia ginecol\u00f3gica\u00bb \u2014 Cl\u00ednica Ginecol\u00f3gica\" src=\"https:\/\/www.clinicaginecologica.org\/dra-magret-con-la-elite-europea-de-la-laparoscopia-ginecologica\/embed\/#?secret=yV92UUVqdl#?secret=YyRFAJxsX6\" data-secret=\"YyRFAJxsX6\" width=\"500\" height=\"282\" frameborder=\"0\" marginwidth=\"0\" marginheight=\"0\" scrolling=\"no\"><\/iframe><\/p>\n<p>&nbsp;<\/p>\n","protected":false},"excerpt":{"rendered":"<p>Especialista en Ginecologia i Obstetr\u00edcia La Doctora Eva Magret \u00e9s especialista en Ginecologia i Obstetr\u00edcia per la Universitat Aut\u00f2noma de Barcelona. Amb un enfocament proper i emp\u00e0tic, la Dra. Magret gaudeix acompanyant\u00a0a les seves\u00a0pacients\u00a0en\u00a0totes les etapes de la seva vida, des de l&#8217;adolesc\u00e8ncia fins a la menopausa. Quan\u00a0cal fer\u00a0una Revisi\u00f3 ginecol\u00f2gica anual A partir dels [&hellip;]<\/p>\n","protected":false},"author":5,"featured_media":11320,"parent":0,"menu_order":0,"comment_status":"open","ping_status":"closed","template":"","meta":{"_joinchat":[],"footnotes":""},"class_list":["post-11351","page","type-page","status-publish","has-post-thumbnail","hentry"],"yoast_head":"<!-- This site is optimized with the Yoast SEO plugin v26.3 - https:\/\/yoast.com\/wordpress\/plugins\/seo\/ -->\n<title>Dra. Eva Magret - Cl\u00ednica Ginecol\u00f2gica<\/title>\n<meta name=\"robots\" content=\"index, follow, max-snippet:-1, max-image-preview:large, max-video-preview:-1\" \/>\n<link rel=\"canonical\" href=\"https:\/\/www.clinicaginecologica.org\/ca\/dra-eva-magret\/\" \/>\n<meta property=\"og:locale\" content=\"ca_ES\" \/>\n<meta property=\"og:type\" content=\"article\" \/>\n<meta property=\"og:title\" content=\"Dra. Eva Magret - Cl\u00ednica Ginecol\u00f2gica\" \/>\n<meta property=\"og:description\" content=\"Especialista en Ginecologia i Obstetr\u00edcia La Doctora Eva Magret \u00e9s especialista en Ginecologia i Obstetr\u00edcia per la Universitat Aut\u00f2noma de Barcelona. Amb un enfocament proper i emp\u00e0tic, la Dra. Magret gaudeix acompanyant\u00a0a les seves\u00a0pacients\u00a0en\u00a0totes les etapes de la seva vida, des de l&#8217;adolesc\u00e8ncia fins a la menopausa. Quan\u00a0cal fer\u00a0una Revisi\u00f3 ginecol\u00f2gica anual A partir dels [&hellip;]\" \/>\n<meta property=\"og:url\" content=\"https:\/\/www.clinicaginecologica.org\/ca\/dra-eva-magret\/\" \/>\n<meta property=\"og:site_name\" content=\"Cl\u00ednica Ginecol\u00f2gica\" \/>\n<meta property=\"article:modified_time\" content=\"2025-04-07T17:54:42+00:00\" \/>\n<meta property=\"og:image\" content=\"https:\/\/www.clinicaginecologica.org\/ca\/wp-content\/uploads\/sites\/2\/2024\/04\/dra-brenda-valenzuela.jpg\" \/>\n\t<meta property=\"og:image:width\" content=\"1008\" \/>\n\t<meta property=\"og:image:height\" content=\"756\" \/>\n\t<meta property=\"og:image:type\" content=\"image\/jpeg\" \/>\n<meta name=\"twitter:card\" content=\"summary_large_image\" \/>\n<meta name=\"twitter:label1\" content=\"Temps estimat de lectura\" \/>\n\t<meta name=\"twitter:data1\" content=\"4 minuts\" \/>\n<script type=\"application\/ld+json\" class=\"yoast-schema-graph\">{\"@context\":\"https:\/\/schema.org\",\"@graph\":[{\"@type\":\"WebPage\",\"@id\":\"https:\/\/www.clinicaginecologica.org\/ca\/dra-eva-magret\/\",\"url\":\"https:\/\/www.clinicaginecologica.org\/ca\/dra-eva-magret\/\",\"name\":\"Dra. Eva Magret - Cl\u00ednica Ginecol\u00f2gica\",\"isPartOf\":{\"@id\":\"https:\/\/www.clinicaginecologica.org\/ca\/#website\"},\"primaryImageOfPage\":{\"@id\":\"https:\/\/www.clinicaginecologica.org\/ca\/dra-eva-magret\/#primaryimage\"},\"image\":{\"@id\":\"https:\/\/www.clinicaginecologica.org\/ca\/dra-eva-magret\/#primaryimage\"},\"thumbnailUrl\":\"https:\/\/www.clinicaginecologica.org\/ca\/wp-content\/uploads\/sites\/2\/2024\/04\/dra-brenda-valenzuela.jpg\",\"datePublished\":\"2025-04-07T17:46:42+00:00\",\"dateModified\":\"2025-04-07T17:54:42+00:00\",\"breadcrumb\":{\"@id\":\"https:\/\/www.clinicaginecologica.org\/ca\/dra-eva-magret\/#breadcrumb\"},\"inLanguage\":\"ca\",\"potentialAction\":[{\"@type\":\"ReadAction\",\"target\":[\"https:\/\/www.clinicaginecologica.org\/ca\/dra-eva-magret\/\"]}]},{\"@type\":\"ImageObject\",\"inLanguage\":\"ca\",\"@id\":\"https:\/\/www.clinicaginecologica.org\/ca\/dra-eva-magret\/#primaryimage\",\"url\":\"https:\/\/www.clinicaginecologica.org\/ca\/wp-content\/uploads\/sites\/2\/2024\/04\/dra-brenda-valenzuela.jpg\",\"contentUrl\":\"https:\/\/www.clinicaginecologica.org\/ca\/wp-content\/uploads\/sites\/2\/2024\/04\/dra-brenda-valenzuela.jpg\",\"width\":1008,\"height\":756,\"caption\":\"Dra. Brenda Valenzuela\"},{\"@type\":\"BreadcrumbList\",\"@id\":\"https:\/\/www.clinicaginecologica.org\/ca\/dra-eva-magret\/#breadcrumb\",\"itemListElement\":[{\"@type\":\"ListItem\",\"position\":1,\"name\":\"Portada\",\"item\":\"https:\/\/www.clinicaginecologica.org\/ca\/\"},{\"@type\":\"ListItem\",\"position\":2,\"name\":\"Dra. Eva Magret\"}]},{\"@type\":\"WebSite\",\"@id\":\"https:\/\/www.clinicaginecologica.org\/ca\/#website\",\"url\":\"https:\/\/www.clinicaginecologica.org\/ca\/\",\"name\":\"Cl\u00ednica Ginecol\u00f2gica\",\"description\":\"El seu ginec\u00f2leg a Barcelona\",\"potentialAction\":[{\"@type\":\"SearchAction\",\"target\":{\"@type\":\"EntryPoint\",\"urlTemplate\":\"https:\/\/www.clinicaginecologica.org\/ca\/?s={search_term_string}\"},\"query-input\":{\"@type\":\"PropertyValueSpecification\",\"valueRequired\":true,\"valueName\":\"search_term_string\"}}],\"inLanguage\":\"ca\"}]}<\/script>\n<!-- \/ Yoast SEO plugin. -->","yoast_head_json":{"title":"Dra. Eva Magret - Cl\u00ednica Ginecol\u00f2gica","robots":{"index":"index","follow":"follow","max-snippet":"max-snippet:-1","max-image-preview":"max-image-preview:large","max-video-preview":"max-video-preview:-1"},"canonical":"https:\/\/www.clinicaginecologica.org\/ca\/dra-eva-magret\/","og_locale":"ca_ES","og_type":"article","og_title":"Dra. Eva Magret - Cl\u00ednica Ginecol\u00f2gica","og_description":"Especialista en Ginecologia i Obstetr\u00edcia La Doctora Eva Magret \u00e9s especialista en Ginecologia i Obstetr\u00edcia per la Universitat Aut\u00f2noma de Barcelona. Amb un enfocament proper i emp\u00e0tic, la Dra. Magret gaudeix acompanyant\u00a0a les seves\u00a0pacients\u00a0en\u00a0totes les etapes de la seva vida, des de l&#8217;adolesc\u00e8ncia fins a la menopausa. Quan\u00a0cal fer\u00a0una Revisi\u00f3 ginecol\u00f2gica anual A partir dels [&hellip;]","og_url":"https:\/\/www.clinicaginecologica.org\/ca\/dra-eva-magret\/","og_site_name":"Cl\u00ednica Ginecol\u00f2gica","article_modified_time":"2025-04-07T17:54:42+00:00","og_image":[{"width":1008,"height":756,"url":"https:\/\/www.clinicaginecologica.org\/ca\/wp-content\/uploads\/sites\/2\/2024\/04\/dra-brenda-valenzuela.jpg","type":"image\/jpeg"}],"twitter_card":"summary_large_image","twitter_misc":{"Temps estimat de lectura":"4 minuts"},"schema":{"@context":"https:\/\/schema.org","@graph":[{"@type":"WebPage","@id":"https:\/\/www.clinicaginecologica.org\/ca\/dra-eva-magret\/","url":"https:\/\/www.clinicaginecologica.org\/ca\/dra-eva-magret\/","name":"Dra. Eva Magret - Cl\u00ednica Ginecol\u00f2gica","isPartOf":{"@id":"https:\/\/www.clinicaginecologica.org\/ca\/#website"},"primaryImageOfPage":{"@id":"https:\/\/www.clinicaginecologica.org\/ca\/dra-eva-magret\/#primaryimage"},"image":{"@id":"https:\/\/www.clinicaginecologica.org\/ca\/dra-eva-magret\/#primaryimage"},"thumbnailUrl":"https:\/\/www.clinicaginecologica.org\/ca\/wp-content\/uploads\/sites\/2\/2024\/04\/dra-brenda-valenzuela.jpg","datePublished":"2025-04-07T17:46:42+00:00","dateModified":"2025-04-07T17:54:42+00:00","breadcrumb":{"@id":"https:\/\/www.clinicaginecologica.org\/ca\/dra-eva-magret\/#breadcrumb"},"inLanguage":"ca","potentialAction":[{"@type":"ReadAction","target":["https:\/\/www.clinicaginecologica.org\/ca\/dra-eva-magret\/"]}]},{"@type":"ImageObject","inLanguage":"ca","@id":"https:\/\/www.clinicaginecologica.org\/ca\/dra-eva-magret\/#primaryimage","url":"https:\/\/www.clinicaginecologica.org\/ca\/wp-content\/uploads\/sites\/2\/2024\/04\/dra-brenda-valenzuela.jpg","contentUrl":"https:\/\/www.clinicaginecologica.org\/ca\/wp-content\/uploads\/sites\/2\/2024\/04\/dra-brenda-valenzuela.jpg","width":1008,"height":756,"caption":"Dra. Brenda Valenzuela"},{"@type":"BreadcrumbList","@id":"https:\/\/www.clinicaginecologica.org\/ca\/dra-eva-magret\/#breadcrumb","itemListElement":[{"@type":"ListItem","position":1,"name":"Portada","item":"https:\/\/www.clinicaginecologica.org\/ca\/"},{"@type":"ListItem","position":2,"name":"Dra. Eva Magret"}]},{"@type":"WebSite","@id":"https:\/\/www.clinicaginecologica.org\/ca\/#website","url":"https:\/\/www.clinicaginecologica.org\/ca\/","name":"Cl\u00ednica Ginecol\u00f2gica","description":"El seu ginec\u00f2leg a Barcelona","potentialAction":[{"@type":"SearchAction","target":{"@type":"EntryPoint","urlTemplate":"https:\/\/www.clinicaginecologica.org\/ca\/?s={search_term_string}"},"query-input":{"@type":"PropertyValueSpecification","valueRequired":true,"valueName":"search_term_string"}}],"inLanguage":"ca"}]}},"_links":{"self":[{"href":"https:\/\/www.clinicaginecologica.org\/ca\/wp-json\/wp\/v2\/pages\/11351","targetHints":{"allow":["GET"]}}],"collection":[{"href":"https:\/\/www.clinicaginecologica.org\/ca\/wp-json\/wp\/v2\/pages"}],"about":[{"href":"https:\/\/www.clinicaginecologica.org\/ca\/wp-json\/wp\/v2\/types\/page"}],"author":[{"embeddable":true,"href":"https:\/\/www.clinicaginecologica.org\/ca\/wp-json\/wp\/v2\/users\/5"}],"replies":[{"embeddable":true,"href":"https:\/\/www.clinicaginecologica.org\/ca\/wp-json\/wp\/v2\/comments?post=11351"}],"version-history":[{"count":4,"href":"https:\/\/www.clinicaginecologica.org\/ca\/wp-json\/wp\/v2\/pages\/11351\/revisions"}],"predecessor-version":[{"id":11356,"href":"https:\/\/www.clinicaginecologica.org\/ca\/wp-json\/wp\/v2\/pages\/11351\/revisions\/11356"}],"wp:featuredmedia":[{"embeddable":true,"href":"https:\/\/www.clinicaginecologica.org\/ca\/wp-json\/wp\/v2\/media\/11320"}],"wp:attachment":[{"href":"https:\/\/www.clinicaginecologica.org\/ca\/wp-json\/wp\/v2\/media?parent=11351"}],"curies":[{"name":"wp","href":"https:\/\/api.w.org\/{rel}","templated":true}]}}