{"id":11319,"date":"2024-04-16T17:34:51","date_gmt":"2024-04-16T15:34:51","guid":{"rendered":"https:\/\/www.clinicaginecologica.org\/ca\/?page_id=11319"},"modified":"2024-04-16T17:40:10","modified_gmt":"2024-04-16T15:40:10","slug":"dra-brenda-valenzuela","status":"publish","type":"page","link":"https:\/\/www.clinicaginecologica.org\/ca\/dra-brenda-valenzuela\/","title":{"rendered":"Dra. Brenda Valenzuela"},"content":{"rendered":"<p style=\"text-align: justify;\"><img loading=\"lazy\" decoding=\"async\" class=\"aligncenter wp-image-11320 size-full\" src=\"https:\/\/www.clinicaginecologica.org\/ca\/wp-content\/uploads\/sites\/2\/2024\/04\/dra-brenda-valenzuela.jpg\" alt=\"Dra. Brenda Valenzuela\" width=\"1008\" height=\"756\" srcset=\"https:\/\/www.clinicaginecologica.org\/ca\/wp-content\/uploads\/sites\/2\/2024\/04\/dra-brenda-valenzuela.jpg 1008w, https:\/\/www.clinicaginecologica.org\/ca\/wp-content\/uploads\/sites\/2\/2024\/04\/dra-brenda-valenzuela-300x225.jpg 300w, https:\/\/www.clinicaginecologica.org\/ca\/wp-content\/uploads\/sites\/2\/2024\/04\/dra-brenda-valenzuela-768x576.jpg 768w\" sizes=\"auto, (max-width: 1008px) 100vw, 1008px\" \/><\/p>\n<p>&nbsp;<\/p>\n<h3>Breu curr\u00edculum de la Dra. Brenda Valenzuela<\/h3>\n<p align=\"LEFT\">La Dra. Brenda Valenzuela \u00e9s especialista en Obstetricia i Ginecologia i Doctora en Cirurgia i Medicina per la Universitat de Barcelona.<\/p>\n<p align=\"LEFT\">Realitza des de fa m\u00e9s de 12 anys recerca post-doctoral a l\u2019Hospital Cl\u00ednic de Barcelona, sempre enfocada en la salut integral de la dona.<\/p>\n<p align=\"LEFT\">La Dra. Valenzuela gaudeix d\u2019una <strong>llarga experi\u00e8ncia professional com a ginec\u00f2loga i obstetra<\/strong>.<\/p>\n<p align=\"LEFT\">T\u00e9 cura de la dona en totes les etapes de la seva vida amb <strong>especial dedicaci\u00f3 tant en el per\u00edode d\u2019embar\u00e0s com durant els per\u00edodes de menopausa i problemes de s\u00f2l p\u00e8lvic<\/strong>.<\/p>\n<p>&nbsp;<\/p>\n","protected":false},"excerpt":{"rendered":"<p>&nbsp; Breu curr\u00edculum de la Dra. Brenda Valenzuela La Dra. Brenda Valenzuela \u00e9s especialista en Obstetricia i Ginecologia i Doctora en Cirurgia i Medicina per la Universitat de Barcelona. Realitza des de fa m\u00e9s de 12 anys recerca post-doctoral a l\u2019Hospital Cl\u00ednic de Barcelona, sempre enfocada en la salut integral de la dona. La Dra. [&hellip;]<\/p>\n","protected":false},"author":5,"featured_media":11320,"parent":0,"menu_order":0,"comment_status":"open","ping_status":"closed","template":"","meta":{"_joinchat":[],"footnotes":""},"class_list":["post-11319","page","type-page","status-publish","has-post-thumbnail","hentry"],"yoast_head":"<!-- This site is optimized with the Yoast SEO plugin v26.3 - https:\/\/yoast.com\/wordpress\/plugins\/seo\/ -->\n<title>Dra. Brenda Valenzuela | Ginec\u00f2loga i Obstetra | Barcelona<\/title>\n<meta name=\"description\" content=\"Llarga experi\u00e8ncia professional com a ginec\u00f2loga. Especial dedicaci\u00f3 tant en l\u2019embar\u00e0s com durant els per\u00edodes de menopausa i problemes de s\u00f2l p\u00e8lvic.\" \/>\n<meta name=\"robots\" content=\"index, follow, max-snippet:-1, max-image-preview:large, max-video-preview:-1\" \/>\n<link rel=\"canonical\" href=\"https:\/\/www.clinicaginecologica.org\/ca\/dra-brenda-valenzuela\/\" \/>\n<meta property=\"og:locale\" content=\"ca_ES\" \/>\n<meta property=\"og:type\" content=\"article\" \/>\n<meta property=\"og:title\" content=\"Dra. Brenda Valenzuela | Ginec\u00f2loga i Obstetra | Barcelona\" \/>\n<meta property=\"og:description\" content=\"Llarga experi\u00e8ncia professional com a ginec\u00f2loga. Especial dedicaci\u00f3 tant en l\u2019embar\u00e0s com durant els per\u00edodes de menopausa i problemes de s\u00f2l p\u00e8lvic.\" \/>\n<meta property=\"og:url\" content=\"https:\/\/www.clinicaginecologica.org\/ca\/dra-brenda-valenzuela\/\" \/>\n<meta property=\"og:site_name\" content=\"Cl\u00ednica Ginecol\u00f2gica\" \/>\n<meta property=\"article:modified_time\" content=\"2024-04-16T15:40:10+00:00\" \/>\n<meta property=\"og:image\" content=\"https:\/\/www.clinicaginecologica.org\/ca\/wp-content\/uploads\/sites\/2\/2024\/04\/dra-brenda-valenzuela.jpg\" \/>\n\t<meta property=\"og:image:width\" content=\"1008\" \/>\n\t<meta property=\"og:image:height\" content=\"756\" \/>\n\t<meta property=\"og:image:type\" content=\"image\/jpeg\" \/>\n<meta name=\"twitter:card\" content=\"summary_large_image\" \/>\n<meta name=\"twitter:label1\" content=\"Temps estimat de lectura\" \/>\n\t<meta name=\"twitter:data1\" content=\"1 minut\" \/>\n<script type=\"application\/ld+json\" class=\"yoast-schema-graph\">{\"@context\":\"https:\/\/schema.org\",\"@graph\":[{\"@type\":\"WebPage\",\"@id\":\"https:\/\/www.clinicaginecologica.org\/ca\/dra-brenda-valenzuela\/\",\"url\":\"https:\/\/www.clinicaginecologica.org\/ca\/dra-brenda-valenzuela\/\",\"name\":\"Dra. Brenda Valenzuela | Ginec\u00f2loga i Obstetra | Barcelona\",\"isPartOf\":{\"@id\":\"https:\/\/www.clinicaginecologica.org\/ca\/#website\"},\"primaryImageOfPage\":{\"@id\":\"https:\/\/www.clinicaginecologica.org\/ca\/dra-brenda-valenzuela\/#primaryimage\"},\"image\":{\"@id\":\"https:\/\/www.clinicaginecologica.org\/ca\/dra-brenda-valenzuela\/#primaryimage\"},\"thumbnailUrl\":\"https:\/\/www.clinicaginecologica.org\/ca\/wp-content\/uploads\/sites\/2\/2024\/04\/dra-brenda-valenzuela.jpg\",\"datePublished\":\"2024-04-16T15:34:51+00:00\",\"dateModified\":\"2024-04-16T15:40:10+00:00\",\"description\":\"Llarga experi\u00e8ncia professional com a ginec\u00f2loga. Especial dedicaci\u00f3 tant en l\u2019embar\u00e0s com durant els per\u00edodes de menopausa i problemes de s\u00f2l p\u00e8lvic.\",\"breadcrumb\":{\"@id\":\"https:\/\/www.clinicaginecologica.org\/ca\/dra-brenda-valenzuela\/#breadcrumb\"},\"inLanguage\":\"ca\",\"potentialAction\":[{\"@type\":\"ReadAction\",\"target\":[\"https:\/\/www.clinicaginecologica.org\/ca\/dra-brenda-valenzuela\/\"]}]},{\"@type\":\"ImageObject\",\"inLanguage\":\"ca\",\"@id\":\"https:\/\/www.clinicaginecologica.org\/ca\/dra-brenda-valenzuela\/#primaryimage\",\"url\":\"https:\/\/www.clinicaginecologica.org\/ca\/wp-content\/uploads\/sites\/2\/2024\/04\/dra-brenda-valenzuela.jpg\",\"contentUrl\":\"https:\/\/www.clinicaginecologica.org\/ca\/wp-content\/uploads\/sites\/2\/2024\/04\/dra-brenda-valenzuela.jpg\",\"width\":1008,\"height\":756,\"caption\":\"Dra. Brenda Valenzuela\"},{\"@type\":\"BreadcrumbList\",\"@id\":\"https:\/\/www.clinicaginecologica.org\/ca\/dra-brenda-valenzuela\/#breadcrumb\",\"itemListElement\":[{\"@type\":\"ListItem\",\"position\":1,\"name\":\"Portada\",\"item\":\"https:\/\/www.clinicaginecologica.org\/ca\/\"},{\"@type\":\"ListItem\",\"position\":2,\"name\":\"Dra. Brenda Valenzuela\"}]},{\"@type\":\"WebSite\",\"@id\":\"https:\/\/www.clinicaginecologica.org\/ca\/#website\",\"url\":\"https:\/\/www.clinicaginecologica.org\/ca\/\",\"name\":\"Cl\u00ednica Ginecol\u00f2gica\",\"description\":\"El seu ginec\u00f2leg a Barcelona\",\"potentialAction\":[{\"@type\":\"SearchAction\",\"target\":{\"@type\":\"EntryPoint\",\"urlTemplate\":\"https:\/\/www.clinicaginecologica.org\/ca\/?s={search_term_string}\"},\"query-input\":{\"@type\":\"PropertyValueSpecification\",\"valueRequired\":true,\"valueName\":\"search_term_string\"}}],\"inLanguage\":\"ca\"}]}<\/script>\n<!-- \/ Yoast SEO plugin. -->","yoast_head_json":{"title":"Dra. Brenda Valenzuela | Ginec\u00f2loga i Obstetra | Barcelona","description":"Llarga experi\u00e8ncia professional com a ginec\u00f2loga. Especial dedicaci\u00f3 tant en l\u2019embar\u00e0s com durant els per\u00edodes de menopausa i problemes de s\u00f2l p\u00e8lvic.","robots":{"index":"index","follow":"follow","max-snippet":"max-snippet:-1","max-image-preview":"max-image-preview:large","max-video-preview":"max-video-preview:-1"},"canonical":"https:\/\/www.clinicaginecologica.org\/ca\/dra-brenda-valenzuela\/","og_locale":"ca_ES","og_type":"article","og_title":"Dra. Brenda Valenzuela | Ginec\u00f2loga i Obstetra | Barcelona","og_description":"Llarga experi\u00e8ncia professional com a ginec\u00f2loga. Especial dedicaci\u00f3 tant en l\u2019embar\u00e0s com durant els per\u00edodes de menopausa i problemes de s\u00f2l p\u00e8lvic.","og_url":"https:\/\/www.clinicaginecologica.org\/ca\/dra-brenda-valenzuela\/","og_site_name":"Cl\u00ednica Ginecol\u00f2gica","article_modified_time":"2024-04-16T15:40:10+00:00","og_image":[{"width":1008,"height":756,"url":"https:\/\/www.clinicaginecologica.org\/ca\/wp-content\/uploads\/sites\/2\/2024\/04\/dra-brenda-valenzuela.jpg","type":"image\/jpeg"}],"twitter_card":"summary_large_image","twitter_misc":{"Temps estimat de lectura":"1 minut"},"schema":{"@context":"https:\/\/schema.org","@graph":[{"@type":"WebPage","@id":"https:\/\/www.clinicaginecologica.org\/ca\/dra-brenda-valenzuela\/","url":"https:\/\/www.clinicaginecologica.org\/ca\/dra-brenda-valenzuela\/","name":"Dra. Brenda Valenzuela | Ginec\u00f2loga i Obstetra | Barcelona","isPartOf":{"@id":"https:\/\/www.clinicaginecologica.org\/ca\/#website"},"primaryImageOfPage":{"@id":"https:\/\/www.clinicaginecologica.org\/ca\/dra-brenda-valenzuela\/#primaryimage"},"image":{"@id":"https:\/\/www.clinicaginecologica.org\/ca\/dra-brenda-valenzuela\/#primaryimage"},"thumbnailUrl":"https:\/\/www.clinicaginecologica.org\/ca\/wp-content\/uploads\/sites\/2\/2024\/04\/dra-brenda-valenzuela.jpg","datePublished":"2024-04-16T15:34:51+00:00","dateModified":"2024-04-16T15:40:10+00:00","description":"Llarga experi\u00e8ncia professional com a ginec\u00f2loga. Especial dedicaci\u00f3 tant en l\u2019embar\u00e0s com durant els per\u00edodes de menopausa i problemes de s\u00f2l p\u00e8lvic.","breadcrumb":{"@id":"https:\/\/www.clinicaginecologica.org\/ca\/dra-brenda-valenzuela\/#breadcrumb"},"inLanguage":"ca","potentialAction":[{"@type":"ReadAction","target":["https:\/\/www.clinicaginecologica.org\/ca\/dra-brenda-valenzuela\/"]}]},{"@type":"ImageObject","inLanguage":"ca","@id":"https:\/\/www.clinicaginecologica.org\/ca\/dra-brenda-valenzuela\/#primaryimage","url":"https:\/\/www.clinicaginecologica.org\/ca\/wp-content\/uploads\/sites\/2\/2024\/04\/dra-brenda-valenzuela.jpg","contentUrl":"https:\/\/www.clinicaginecologica.org\/ca\/wp-content\/uploads\/sites\/2\/2024\/04\/dra-brenda-valenzuela.jpg","width":1008,"height":756,"caption":"Dra. Brenda Valenzuela"},{"@type":"BreadcrumbList","@id":"https:\/\/www.clinicaginecologica.org\/ca\/dra-brenda-valenzuela\/#breadcrumb","itemListElement":[{"@type":"ListItem","position":1,"name":"Portada","item":"https:\/\/www.clinicaginecologica.org\/ca\/"},{"@type":"ListItem","position":2,"name":"Dra. Brenda Valenzuela"}]},{"@type":"WebSite","@id":"https:\/\/www.clinicaginecologica.org\/ca\/#website","url":"https:\/\/www.clinicaginecologica.org\/ca\/","name":"Cl\u00ednica Ginecol\u00f2gica","description":"El seu ginec\u00f2leg a Barcelona","potentialAction":[{"@type":"SearchAction","target":{"@type":"EntryPoint","urlTemplate":"https:\/\/www.clinicaginecologica.org\/ca\/?s={search_term_string}"},"query-input":{"@type":"PropertyValueSpecification","valueRequired":true,"valueName":"search_term_string"}}],"inLanguage":"ca"}]}},"_links":{"self":[{"href":"https:\/\/www.clinicaginecologica.org\/ca\/wp-json\/wp\/v2\/pages\/11319","targetHints":{"allow":["GET"]}}],"collection":[{"href":"https:\/\/www.clinicaginecologica.org\/ca\/wp-json\/wp\/v2\/pages"}],"about":[{"href":"https:\/\/www.clinicaginecologica.org\/ca\/wp-json\/wp\/v2\/types\/page"}],"author":[{"embeddable":true,"href":"https:\/\/www.clinicaginecologica.org\/ca\/wp-json\/wp\/v2\/users\/5"}],"replies":[{"embeddable":true,"href":"https:\/\/www.clinicaginecologica.org\/ca\/wp-json\/wp\/v2\/comments?post=11319"}],"version-history":[{"count":3,"href":"https:\/\/www.clinicaginecologica.org\/ca\/wp-json\/wp\/v2\/pages\/11319\/revisions"}],"predecessor-version":[{"id":11323,"href":"https:\/\/www.clinicaginecologica.org\/ca\/wp-json\/wp\/v2\/pages\/11319\/revisions\/11323"}],"wp:featuredmedia":[{"embeddable":true,"href":"https:\/\/www.clinicaginecologica.org\/ca\/wp-json\/wp\/v2\/media\/11320"}],"wp:attachment":[{"href":"https:\/\/www.clinicaginecologica.org\/ca\/wp-json\/wp\/v2\/media?parent=11319"}],"curies":[{"name":"wp","href":"https:\/\/api.w.org\/{rel}","templated":true}]}}