{"id":11313,"date":"2024-04-16T17:12:57","date_gmt":"2024-04-16T15:12:57","guid":{"rendered":"https:\/\/www.clinicaginecologica.org\/ca\/?page_id=11313"},"modified":"2024-04-16T17:12:57","modified_gmt":"2024-04-16T15:12:57","slug":"dr-stefan-iliev","status":"publish","type":"page","link":"https:\/\/www.clinicaginecologica.org\/ca\/dr-stefan-iliev\/","title":{"rendered":"Dr. Stefan Iliev"},"content":{"rendered":"<p style=\"text-align: justify;\"><img loading=\"lazy\" decoding=\"async\" class=\"aligncenter wp-image-11315 size-full\" src=\"https:\/\/www.clinicaginecologica.org\/ca\/wp-content\/uploads\/sites\/2\/2024\/04\/doctor-stefan-iliev.jpg\" alt=\"Doctor Stefan Iliev\" width=\"1060\" height=\"708\" srcset=\"https:\/\/www.clinicaginecologica.org\/ca\/wp-content\/uploads\/sites\/2\/2024\/04\/doctor-stefan-iliev.jpg 1060w, https:\/\/www.clinicaginecologica.org\/ca\/wp-content\/uploads\/sites\/2\/2024\/04\/doctor-stefan-iliev-300x200.jpg 300w, https:\/\/www.clinicaginecologica.org\/ca\/wp-content\/uploads\/sites\/2\/2024\/04\/doctor-stefan-iliev-1024x684.jpg 1024w, https:\/\/www.clinicaginecologica.org\/ca\/wp-content\/uploads\/sites\/2\/2024\/04\/doctor-stefan-iliev-768x513.jpg 768w\" sizes=\"auto, (max-width: 1060px) 100vw, 1060px\" \/><\/p>\n<p>&nbsp;<\/p>\n<h3>Breu curr\u00edculum del Dr. Pablo Verdecchia<\/h3>\n<p>Amb especial dedicaci\u00f3 en el seguiment d&#8217;<strong>embarassos d&#8217;alt i baix risc<\/strong>, reconegut expert en <strong>medicina maternofetal<\/strong>, diagn\u00f2stic de patologies fetals, el Dr. Iliev a la seva pr\u00e0ctica di\u00e0ria <strong>t\u00e9 cura de la salut de la dona en totes les etapes de la seva vida<\/strong>.<br \/>\nEl Dr. Iliev compta amb una \u00e0mplia experi\u00e8ncia en realitzar <strong>revisions ginecol\u00f2giques<\/strong> i totes les patologies associades a l&#8217;aparell reproductor de la dona: ginecologia general, unitat del s\u00f2l p\u00e8lvic, estudi d&#8217;incontin\u00e8ncies d&#8217;orina i salut reproductiva.<\/p>\n<h2>Referent en Obstetr\u00edcia i medicina maternofetal<\/h2>\n<p>El Dr. Stefan Iliev ha tingut inter\u00e8s a formar-se en t\u00e8cniques de part natural, sense \u00fas d&#8217;episiotomia, aix\u00ed com en cirurgia ginecol\u00f2gica m\u00ednimament invasiva, retard de creixement intrauter\u00ed, ecografia fetal i estudis anat\u00f2mics complexos d&#8217;alta resoluci\u00f3, com ara la neurosonografia, ecocardiografia i incorporaci\u00f3 de noves t\u00e8cniques d&#8217;ecografia 3D i 4D.<\/p>\n<p>La seva tesi doctoral es va basar en un estudi de recerca de tres anys sobre \u201cEl retard de creixement intrauter\u00ed\u201d que va mer\u00e8ixer la valoraci\u00f3 \u201cCum laude\u201d l&#8217;any 2013.<\/p>\n<h3>\u00c0mplia formaci\u00f3 internacional<\/h3>\n<p>En constant formaci\u00f3 des de fa m\u00e9s de 20 anys, el Dr. Iliev ha exercit com a ginec\u00f2leg a diversos pa\u00efsos la qual cosa li ha aportat una significativa projecci\u00f3 internacional. Ha participat com a investigador cl\u00ednic al servei de Ginecologia del Harvard Medical Center i del Beth Israel Medical Center, tots dos hospitals a Boston, USA. Ha exercit com a ginec\u00f2leg al Hadassah Medical Center, Israel i ha treballat tamb\u00e9 al Centre M\u00e8dic &#8220;La Paz &#8220;, a Bata, Guinea Equatorial.<\/p>\n<p>Entre la seva \u00e0mplia formaci\u00f3 continuada, cal destacar tamb\u00e9 que ha estat investigador cl\u00ednic del grup de recerca perinatal de l&#8217;Hospital Cl\u00ednic de Barcelona.<\/p>\n","protected":false},"excerpt":{"rendered":"<p>&nbsp; Breu curr\u00edculum del Dr. Pablo Verdecchia Amb especial dedicaci\u00f3 en el seguiment d&#8217;embarassos d&#8217;alt i baix risc, reconegut expert en medicina maternofetal, diagn\u00f2stic de patologies fetals, el Dr. Iliev a la seva pr\u00e0ctica di\u00e0ria t\u00e9 cura de la salut de la dona en totes les etapes de la seva vida. El Dr. Iliev compta [&hellip;]<\/p>\n","protected":false},"author":5,"featured_media":11315,"parent":0,"menu_order":0,"comment_status":"open","ping_status":"closed","template":"","meta":{"_joinchat":[],"footnotes":""},"class_list":["post-11313","page","type-page","status-publish","has-post-thumbnail","hentry"],"yoast_head":"<!-- This site is optimized with the Yoast SEO plugin v26.3 - https:\/\/yoast.com\/wordpress\/plugins\/seo\/ -->\n<title>Doctor Stefan Iliev | Especialista Ginecologia i Obstetr\u00edcia<\/title>\n<meta name=\"description\" content=\"El Dr. Stefan Iliev, especialista en Ginecologia y Obstetr\u00edcia. Expert en medicina maternofetal i amb \u00e0mplia experi\u00e8ncia en revisions ginecol\u00f2giques\" \/>\n<meta name=\"robots\" content=\"index, follow, max-snippet:-1, max-image-preview:large, max-video-preview:-1\" \/>\n<link rel=\"canonical\" href=\"https:\/\/www.clinicaginecologica.org\/ca\/dr-stefan-iliev\/\" \/>\n<meta property=\"og:locale\" content=\"ca_ES\" \/>\n<meta property=\"og:type\" content=\"article\" \/>\n<meta property=\"og:title\" content=\"Doctor Stefan Iliev | Especialista Ginecologia i Obstetr\u00edcia\" \/>\n<meta property=\"og:description\" content=\"El Dr. Stefan Iliev, especialista en Ginecologia y Obstetr\u00edcia. Expert en medicina maternofetal i amb \u00e0mplia experi\u00e8ncia en revisions ginecol\u00f2giques\" \/>\n<meta property=\"og:url\" content=\"https:\/\/www.clinicaginecologica.org\/ca\/dr-stefan-iliev\/\" \/>\n<meta property=\"og:site_name\" content=\"Cl\u00ednica Ginecol\u00f2gica\" \/>\n<meta property=\"og:image\" content=\"https:\/\/www.clinicaginecologica.org\/ca\/wp-content\/uploads\/sites\/2\/2024\/04\/doctor-stefan-iliev.jpg\" \/>\n\t<meta property=\"og:image:width\" content=\"1060\" \/>\n\t<meta property=\"og:image:height\" content=\"708\" \/>\n\t<meta property=\"og:image:type\" content=\"image\/jpeg\" \/>\n<meta name=\"twitter:card\" content=\"summary_large_image\" \/>\n<meta name=\"twitter:label1\" content=\"Temps estimat de lectura\" \/>\n\t<meta name=\"twitter:data1\" content=\"2 minuts\" \/>\n<script type=\"application\/ld+json\" class=\"yoast-schema-graph\">{\"@context\":\"https:\/\/schema.org\",\"@graph\":[{\"@type\":\"WebPage\",\"@id\":\"https:\/\/www.clinicaginecologica.org\/ca\/dr-stefan-iliev\/\",\"url\":\"https:\/\/www.clinicaginecologica.org\/ca\/dr-stefan-iliev\/\",\"name\":\"Doctor Stefan Iliev | Especialista Ginecologia i Obstetr\u00edcia\",\"isPartOf\":{\"@id\":\"https:\/\/www.clinicaginecologica.org\/ca\/#website\"},\"primaryImageOfPage\":{\"@id\":\"https:\/\/www.clinicaginecologica.org\/ca\/dr-stefan-iliev\/#primaryimage\"},\"image\":{\"@id\":\"https:\/\/www.clinicaginecologica.org\/ca\/dr-stefan-iliev\/#primaryimage\"},\"thumbnailUrl\":\"https:\/\/www.clinicaginecologica.org\/ca\/wp-content\/uploads\/sites\/2\/2024\/04\/doctor-stefan-iliev.jpg\",\"datePublished\":\"2024-04-16T15:12:57+00:00\",\"description\":\"El Dr. Stefan Iliev, especialista en Ginecologia y Obstetr\u00edcia. Expert en medicina maternofetal i amb \u00e0mplia experi\u00e8ncia en revisions ginecol\u00f2giques\",\"breadcrumb\":{\"@id\":\"https:\/\/www.clinicaginecologica.org\/ca\/dr-stefan-iliev\/#breadcrumb\"},\"inLanguage\":\"ca\",\"potentialAction\":[{\"@type\":\"ReadAction\",\"target\":[\"https:\/\/www.clinicaginecologica.org\/ca\/dr-stefan-iliev\/\"]}]},{\"@type\":\"ImageObject\",\"inLanguage\":\"ca\",\"@id\":\"https:\/\/www.clinicaginecologica.org\/ca\/dr-stefan-iliev\/#primaryimage\",\"url\":\"https:\/\/www.clinicaginecologica.org\/ca\/wp-content\/uploads\/sites\/2\/2024\/04\/doctor-stefan-iliev.jpg\",\"contentUrl\":\"https:\/\/www.clinicaginecologica.org\/ca\/wp-content\/uploads\/sites\/2\/2024\/04\/doctor-stefan-iliev.jpg\",\"width\":1060,\"height\":708,\"caption\":\"Doctor Stefan Iliev\"},{\"@type\":\"BreadcrumbList\",\"@id\":\"https:\/\/www.clinicaginecologica.org\/ca\/dr-stefan-iliev\/#breadcrumb\",\"itemListElement\":[{\"@type\":\"ListItem\",\"position\":1,\"name\":\"Portada\",\"item\":\"https:\/\/www.clinicaginecologica.org\/ca\/\"},{\"@type\":\"ListItem\",\"position\":2,\"name\":\"Dr. Stefan Iliev\"}]},{\"@type\":\"WebSite\",\"@id\":\"https:\/\/www.clinicaginecologica.org\/ca\/#website\",\"url\":\"https:\/\/www.clinicaginecologica.org\/ca\/\",\"name\":\"Cl\u00ednica Ginecol\u00f2gica\",\"description\":\"El seu ginec\u00f2leg a Barcelona\",\"potentialAction\":[{\"@type\":\"SearchAction\",\"target\":{\"@type\":\"EntryPoint\",\"urlTemplate\":\"https:\/\/www.clinicaginecologica.org\/ca\/?s={search_term_string}\"},\"query-input\":{\"@type\":\"PropertyValueSpecification\",\"valueRequired\":true,\"valueName\":\"search_term_string\"}}],\"inLanguage\":\"ca\"}]}<\/script>\n<!-- \/ Yoast SEO plugin. -->","yoast_head_json":{"title":"Doctor Stefan Iliev | Especialista Ginecologia i Obstetr\u00edcia","description":"El Dr. Stefan Iliev, especialista en Ginecologia y Obstetr\u00edcia. Expert en medicina maternofetal i amb \u00e0mplia experi\u00e8ncia en revisions ginecol\u00f2giques","robots":{"index":"index","follow":"follow","max-snippet":"max-snippet:-1","max-image-preview":"max-image-preview:large","max-video-preview":"max-video-preview:-1"},"canonical":"https:\/\/www.clinicaginecologica.org\/ca\/dr-stefan-iliev\/","og_locale":"ca_ES","og_type":"article","og_title":"Doctor Stefan Iliev | Especialista Ginecologia i Obstetr\u00edcia","og_description":"El Dr. Stefan Iliev, especialista en Ginecologia y Obstetr\u00edcia. Expert en medicina maternofetal i amb \u00e0mplia experi\u00e8ncia en revisions ginecol\u00f2giques","og_url":"https:\/\/www.clinicaginecologica.org\/ca\/dr-stefan-iliev\/","og_site_name":"Cl\u00ednica Ginecol\u00f2gica","og_image":[{"width":1060,"height":708,"url":"https:\/\/www.clinicaginecologica.org\/ca\/wp-content\/uploads\/sites\/2\/2024\/04\/doctor-stefan-iliev.jpg","type":"image\/jpeg"}],"twitter_card":"summary_large_image","twitter_misc":{"Temps estimat de lectura":"2 minuts"},"schema":{"@context":"https:\/\/schema.org","@graph":[{"@type":"WebPage","@id":"https:\/\/www.clinicaginecologica.org\/ca\/dr-stefan-iliev\/","url":"https:\/\/www.clinicaginecologica.org\/ca\/dr-stefan-iliev\/","name":"Doctor Stefan Iliev | Especialista Ginecologia i Obstetr\u00edcia","isPartOf":{"@id":"https:\/\/www.clinicaginecologica.org\/ca\/#website"},"primaryImageOfPage":{"@id":"https:\/\/www.clinicaginecologica.org\/ca\/dr-stefan-iliev\/#primaryimage"},"image":{"@id":"https:\/\/www.clinicaginecologica.org\/ca\/dr-stefan-iliev\/#primaryimage"},"thumbnailUrl":"https:\/\/www.clinicaginecologica.org\/ca\/wp-content\/uploads\/sites\/2\/2024\/04\/doctor-stefan-iliev.jpg","datePublished":"2024-04-16T15:12:57+00:00","description":"El Dr. Stefan Iliev, especialista en Ginecologia y Obstetr\u00edcia. Expert en medicina maternofetal i amb \u00e0mplia experi\u00e8ncia en revisions ginecol\u00f2giques","breadcrumb":{"@id":"https:\/\/www.clinicaginecologica.org\/ca\/dr-stefan-iliev\/#breadcrumb"},"inLanguage":"ca","potentialAction":[{"@type":"ReadAction","target":["https:\/\/www.clinicaginecologica.org\/ca\/dr-stefan-iliev\/"]}]},{"@type":"ImageObject","inLanguage":"ca","@id":"https:\/\/www.clinicaginecologica.org\/ca\/dr-stefan-iliev\/#primaryimage","url":"https:\/\/www.clinicaginecologica.org\/ca\/wp-content\/uploads\/sites\/2\/2024\/04\/doctor-stefan-iliev.jpg","contentUrl":"https:\/\/www.clinicaginecologica.org\/ca\/wp-content\/uploads\/sites\/2\/2024\/04\/doctor-stefan-iliev.jpg","width":1060,"height":708,"caption":"Doctor Stefan Iliev"},{"@type":"BreadcrumbList","@id":"https:\/\/www.clinicaginecologica.org\/ca\/dr-stefan-iliev\/#breadcrumb","itemListElement":[{"@type":"ListItem","position":1,"name":"Portada","item":"https:\/\/www.clinicaginecologica.org\/ca\/"},{"@type":"ListItem","position":2,"name":"Dr. Stefan Iliev"}]},{"@type":"WebSite","@id":"https:\/\/www.clinicaginecologica.org\/ca\/#website","url":"https:\/\/www.clinicaginecologica.org\/ca\/","name":"Cl\u00ednica Ginecol\u00f2gica","description":"El seu ginec\u00f2leg a Barcelona","potentialAction":[{"@type":"SearchAction","target":{"@type":"EntryPoint","urlTemplate":"https:\/\/www.clinicaginecologica.org\/ca\/?s={search_term_string}"},"query-input":{"@type":"PropertyValueSpecification","valueRequired":true,"valueName":"search_term_string"}}],"inLanguage":"ca"}]}},"_links":{"self":[{"href":"https:\/\/www.clinicaginecologica.org\/ca\/wp-json\/wp\/v2\/pages\/11313","targetHints":{"allow":["GET"]}}],"collection":[{"href":"https:\/\/www.clinicaginecologica.org\/ca\/wp-json\/wp\/v2\/pages"}],"about":[{"href":"https:\/\/www.clinicaginecologica.org\/ca\/wp-json\/wp\/v2\/types\/page"}],"author":[{"embeddable":true,"href":"https:\/\/www.clinicaginecologica.org\/ca\/wp-json\/wp\/v2\/users\/5"}],"replies":[{"embeddable":true,"href":"https:\/\/www.clinicaginecologica.org\/ca\/wp-json\/wp\/v2\/comments?post=11313"}],"version-history":[{"count":2,"href":"https:\/\/www.clinicaginecologica.org\/ca\/wp-json\/wp\/v2\/pages\/11313\/revisions"}],"predecessor-version":[{"id":11317,"href":"https:\/\/www.clinicaginecologica.org\/ca\/wp-json\/wp\/v2\/pages\/11313\/revisions\/11317"}],"wp:featuredmedia":[{"embeddable":true,"href":"https:\/\/www.clinicaginecologica.org\/ca\/wp-json\/wp\/v2\/media\/11315"}],"wp:attachment":[{"href":"https:\/\/www.clinicaginecologica.org\/ca\/wp-json\/wp\/v2\/media?parent=11313"}],"curies":[{"name":"wp","href":"https:\/\/api.w.org\/{rel}","templated":true}]}}