{"id":11302,"date":"2024-03-19T18:17:15","date_gmt":"2024-03-19T17:17:15","guid":{"rendered":"https:\/\/www.clinicaginecologica.org\/ca\/?page_id=11302"},"modified":"2024-03-19T18:49:50","modified_gmt":"2024-03-19T17:49:50","slug":"dr-pablo-verdecchia","status":"publish","type":"page","link":"https:\/\/www.clinicaginecologica.org\/ca\/dr-pablo-verdecchia\/","title":{"rendered":"Dr. Pablo Verdecchia"},"content":{"rendered":"<p style=\"text-align: justify;\"><img loading=\"lazy\" decoding=\"async\" class=\"aligncenter size-full wp-image-11304\" src=\"https:\/\/www.clinicaginecologica.org\/ca\/wp-content\/uploads\/sites\/2\/2024\/03\/dr-pablo-verdecchia.jpg\" alt=\"Dr. Pablo Verdecchia\" width=\"918\" height=\"689\" srcset=\"https:\/\/www.clinicaginecologica.org\/ca\/wp-content\/uploads\/sites\/2\/2024\/03\/dr-pablo-verdecchia.jpg 918w, https:\/\/www.clinicaginecologica.org\/ca\/wp-content\/uploads\/sites\/2\/2024\/03\/dr-pablo-verdecchia-300x225.jpg 300w, https:\/\/www.clinicaginecologica.org\/ca\/wp-content\/uploads\/sites\/2\/2024\/03\/dr-pablo-verdecchia-768x576.jpg 768w\" sizes=\"auto, (max-width: 918px) 100vw, 918px\" \/><\/p>\n<p>&nbsp;<\/p>\n<h3>Breu curr\u00edculum del Dr. Pablo Verdecchia<\/h3>\n<p>El Doctor Pablo Verdecchia \u00e9s Llicenciat en Medicina i Cirurgia i va obtenir l&#8217;especialitzaci\u00f3 en Ginecologia i Obstetr\u00edcia a l&#8217;Hospital d&#8217;Igualada (2010) i l&#8217;especialitzaci\u00f3 en Urologia per la Universitat de Buenos Aires (2004).<\/p>\n<p>En formaci\u00f3 cont\u00ednua tant en l&#8217;\u00e0mbit cient\u00edfic com en les noves t\u00e8cniques quir\u00fargiques i l\u00e0ser genital, el Dr. Verdecchia ha centrat la seva traject\u00f2ria professional a poder oferir la millor assist\u00e8ncia als seus pacients. Aix\u00f2 inclou tant les revisions ginecol\u00f2giques peri\u00f2diques, els controls d&#8217;embar\u00e0s i part, la prevenci\u00f3 i el tractament dels possibles problemes del s\u00f2l p\u00e8lvic, incontin\u00e8ncia urin\u00e0ria i cirurgia reconstructiva.<\/p>\n<p>Amb amplis coneixements en l&#8217;\u00fas del l\u00e0ser a la zona vulvovaginal, la t\u00e8cnica del l\u00e0ser us permet tractar problemes d&#8217;incontin\u00e8ncia urin\u00e0ria, labiopl\u00e0stia sense ingr\u00e9s, berrugues, condilomes i \u00e0rees m\u00e9s concretes de la Ginecoest\u00e8tica com s\u00f3n el rejoveniment vaginal, l&#8217;\u00fas de Plasma ric en plaquetes (PRP) o tractament del liquen escler\u00f3s.<\/p>\n<p>Posseeix el nivell III de la Secci\u00f3 d&#8217;Ecografia Obst\u00e8tric-Ginecol\u00f2gica de la Societat Espanyola de Ginecologia i Obstetr\u00edcia (SEGO).<\/p>\n<p>Al llarg de la seva carrera professional, el Dr. Verdecchia ha realitzat diverses formacions en l&#8217;\u00e0mbit de la salut de la dona entre les quals destaquen:<\/p>\n<ul>\n<li>Oncologia Ginecol\u00f2gica. Patologia cervical i del tracte genital inferior. Servei de Ginecologia i Obstetr\u00edcia. Hospital Clinic. 2014<\/li>\n<li>Patologia mam\u00e0ria. Unitat de Mama, Hospital de Bellvitge. 2014<\/li>\n<li>Endocrinologia i reproducci\u00f3. Servei de Ginecologia i Obstetr\u00edcia. Hospital Clinic. 2013<\/li>\n<li>Atenci\u00f3 a l&#8217;embar\u00e0s patol\u00f2gic i el diagn\u00f2stic prenatal. Servei de Ginecologia i Obstetr\u00edcia. Hospital Clinic. 2013<\/li>\n<li>Ecografia Obst\u00e8tric Ginecol\u00f2gica. Servei d&#8217;Obstetr\u00edcia i Ginecologia. Hospital Vall d\u2019Hebron. 2013<\/li>\n<li>Endourologia. Azienda Ospedaliera di Parma. Parma. It\u00e0lia. Sota la supervisi\u00f3 del Dr. Antonio Fratini.<\/li>\n<li>Endourologia. Ospedale Casa Sollievo della Sofferenza. Sant Giovanni Rotondo. Foggia. It\u00e0lia. Sota la supervisi\u00f3 del Dr. Augusto Rippa. Juny 2008.<\/li>\n<li>Cirurgia laparosc\u00f2pica urol\u00f2gica. Cl\u00ednica Santamar\u00eda. Santiago de Xile, Xile. Sota la supervisi\u00f3 del Dr. Octavio Castillo Cadis. Febrer 2004.<\/li>\n<\/ul>\n<h3>Assist\u00e8ncia a cursos<\/h3>\n<ul>\n<li>XIX Curs intensiu de formaci\u00f3 continuada. Medicina materno-fetal. Organitzat per la C\u00e0tedra d&#8217;Obstetr\u00edcia i Ginecologia de la UAB i la FIGO. febrer del 2013.<\/li>\n<li>\u201cTractament dels defectes del s\u00f2l pelvi\u00e0\u201d. Escola Internacional d\u00b4Endosc\u00f2pia Ginecol\u00f2gica. 2012.<\/li>\n<li>Curs de cirurgia oncol\u00f2gica ginecol\u00f2gica i tractament de l&#8217;endometriosi. 2011.<\/li>\n<li>II Curs de formaci\u00f3 continuada en obstetr\u00edcia i ginecologia. \u201cC\u00e0ncer de mama: Diagn\u00f2stic i tractament\u201d. 2011.<\/li>\n<li>Curs d&#8217;oncologia i endometriosi. Escola Internacional d\u00b4Endosc\u00f2pia Ginecol\u00f2gica.<\/li>\n<li>Suport Vital B\u00e0sic a Neonatologia. 2010.<\/li>\n<\/ul>\n","protected":false},"excerpt":{"rendered":"<p>&nbsp; Breu curr\u00edculum del Dr. Pablo Verdecchia El Doctor Pablo Verdecchia \u00e9s Llicenciat en Medicina i Cirurgia i va obtenir l&#8217;especialitzaci\u00f3 en Ginecologia i Obstetr\u00edcia a l&#8217;Hospital d&#8217;Igualada (2010) i l&#8217;especialitzaci\u00f3 en Urologia per la Universitat de Buenos Aires (2004). En formaci\u00f3 cont\u00ednua tant en l&#8217;\u00e0mbit cient\u00edfic com en les noves t\u00e8cniques quir\u00fargiques i l\u00e0ser [&hellip;]<\/p>\n","protected":false},"author":5,"featured_media":0,"parent":0,"menu_order":0,"comment_status":"open","ping_status":"closed","template":"","meta":{"_joinchat":[],"footnotes":""},"class_list":["post-11302","page","type-page","status-publish","hentry"],"yoast_head":"<!-- This site is optimized with the Yoast SEO plugin v26.3 - https:\/\/yoast.com\/wordpress\/plugins\/seo\/ -->\n<title>Dr. Pablo Verdecchia | Cl\u00ednica Ginecol\u00f2gica Teknon<\/title>\n<meta name=\"description\" content=\"El Dr. Verdecchia ha centrat la seva traject\u00f2ria professional a poder oferir la millor assist\u00e8ncia en l&#039;\u00e0mbit de la salut de la dona.\" \/>\n<meta name=\"robots\" content=\"index, follow, max-snippet:-1, max-image-preview:large, max-video-preview:-1\" \/>\n<link rel=\"canonical\" href=\"https:\/\/www.clinicaginecologica.org\/ca\/dr-pablo-verdecchia\/\" \/>\n<meta property=\"og:locale\" content=\"ca_ES\" \/>\n<meta property=\"og:type\" content=\"article\" \/>\n<meta property=\"og:title\" content=\"Dr. Pablo Verdecchia | Cl\u00ednica Ginecol\u00f2gica Teknon\" \/>\n<meta property=\"og:description\" content=\"El Dr. Verdecchia ha centrat la seva traject\u00f2ria professional a poder oferir la millor assist\u00e8ncia en l&#039;\u00e0mbit de la salut de la dona.\" \/>\n<meta property=\"og:url\" content=\"https:\/\/www.clinicaginecologica.org\/ca\/dr-pablo-verdecchia\/\" \/>\n<meta property=\"og:site_name\" content=\"Cl\u00ednica Ginecol\u00f2gica\" \/>\n<meta property=\"article:modified_time\" content=\"2024-03-19T17:49:50+00:00\" \/>\n<meta property=\"og:image\" content=\"https:\/\/www.clinicaginecologica.org\/ca\/wp-content\/uploads\/sites\/2\/2024\/03\/dr-pablo-verdecchia.jpg\" \/>\n<meta name=\"twitter:card\" content=\"summary_large_image\" \/>\n<meta name=\"twitter:label1\" content=\"Temps estimat de lectura\" \/>\n\t<meta name=\"twitter:data1\" content=\"3 minuts\" \/>\n<script type=\"application\/ld+json\" class=\"yoast-schema-graph\">{\"@context\":\"https:\/\/schema.org\",\"@graph\":[{\"@type\":\"WebPage\",\"@id\":\"https:\/\/www.clinicaginecologica.org\/ca\/dr-pablo-verdecchia\/\",\"url\":\"https:\/\/www.clinicaginecologica.org\/ca\/dr-pablo-verdecchia\/\",\"name\":\"Dr. Pablo Verdecchia | Cl\u00ednica Ginecol\u00f2gica Teknon\",\"isPartOf\":{\"@id\":\"https:\/\/www.clinicaginecologica.org\/ca\/#website\"},\"primaryImageOfPage\":{\"@id\":\"https:\/\/www.clinicaginecologica.org\/ca\/dr-pablo-verdecchia\/#primaryimage\"},\"image\":{\"@id\":\"https:\/\/www.clinicaginecologica.org\/ca\/dr-pablo-verdecchia\/#primaryimage\"},\"thumbnailUrl\":\"https:\/\/www.clinicaginecologica.org\/ca\/wp-content\/uploads\/sites\/2\/2024\/03\/dr-pablo-verdecchia.jpg\",\"datePublished\":\"2024-03-19T17:17:15+00:00\",\"dateModified\":\"2024-03-19T17:49:50+00:00\",\"description\":\"El Dr. Verdecchia ha centrat la seva traject\u00f2ria professional a poder oferir la millor assist\u00e8ncia en l'\u00e0mbit de la salut de la dona.\",\"breadcrumb\":{\"@id\":\"https:\/\/www.clinicaginecologica.org\/ca\/dr-pablo-verdecchia\/#breadcrumb\"},\"inLanguage\":\"ca\",\"potentialAction\":[{\"@type\":\"ReadAction\",\"target\":[\"https:\/\/www.clinicaginecologica.org\/ca\/dr-pablo-verdecchia\/\"]}]},{\"@type\":\"ImageObject\",\"inLanguage\":\"ca\",\"@id\":\"https:\/\/www.clinicaginecologica.org\/ca\/dr-pablo-verdecchia\/#primaryimage\",\"url\":\"https:\/\/www.clinicaginecologica.org\/ca\/wp-content\/uploads\/sites\/2\/2024\/03\/dr-pablo-verdecchia.jpg\",\"contentUrl\":\"https:\/\/www.clinicaginecologica.org\/ca\/wp-content\/uploads\/sites\/2\/2024\/03\/dr-pablo-verdecchia.jpg\",\"width\":918,\"height\":689,\"caption\":\"Dr. Pablo Verdecchia\"},{\"@type\":\"BreadcrumbList\",\"@id\":\"https:\/\/www.clinicaginecologica.org\/ca\/dr-pablo-verdecchia\/#breadcrumb\",\"itemListElement\":[{\"@type\":\"ListItem\",\"position\":1,\"name\":\"Portada\",\"item\":\"https:\/\/www.clinicaginecologica.org\/ca\/\"},{\"@type\":\"ListItem\",\"position\":2,\"name\":\"Dr. Pablo Verdecchia\"}]},{\"@type\":\"WebSite\",\"@id\":\"https:\/\/www.clinicaginecologica.org\/ca\/#website\",\"url\":\"https:\/\/www.clinicaginecologica.org\/ca\/\",\"name\":\"Cl\u00ednica Ginecol\u00f2gica\",\"description\":\"El seu ginec\u00f2leg a Barcelona\",\"potentialAction\":[{\"@type\":\"SearchAction\",\"target\":{\"@type\":\"EntryPoint\",\"urlTemplate\":\"https:\/\/www.clinicaginecologica.org\/ca\/?s={search_term_string}\"},\"query-input\":{\"@type\":\"PropertyValueSpecification\",\"valueRequired\":true,\"valueName\":\"search_term_string\"}}],\"inLanguage\":\"ca\"}]}<\/script>\n<!-- \/ Yoast SEO plugin. -->","yoast_head_json":{"title":"Dr. Pablo Verdecchia | Cl\u00ednica Ginecol\u00f2gica Teknon","description":"El Dr. Verdecchia ha centrat la seva traject\u00f2ria professional a poder oferir la millor assist\u00e8ncia en l'\u00e0mbit de la salut de la dona.","robots":{"index":"index","follow":"follow","max-snippet":"max-snippet:-1","max-image-preview":"max-image-preview:large","max-video-preview":"max-video-preview:-1"},"canonical":"https:\/\/www.clinicaginecologica.org\/ca\/dr-pablo-verdecchia\/","og_locale":"ca_ES","og_type":"article","og_title":"Dr. Pablo Verdecchia | Cl\u00ednica Ginecol\u00f2gica Teknon","og_description":"El Dr. Verdecchia ha centrat la seva traject\u00f2ria professional a poder oferir la millor assist\u00e8ncia en l'\u00e0mbit de la salut de la dona.","og_url":"https:\/\/www.clinicaginecologica.org\/ca\/dr-pablo-verdecchia\/","og_site_name":"Cl\u00ednica Ginecol\u00f2gica","article_modified_time":"2024-03-19T17:49:50+00:00","og_image":[{"url":"https:\/\/www.clinicaginecologica.org\/ca\/wp-content\/uploads\/sites\/2\/2024\/03\/dr-pablo-verdecchia.jpg","type":"","width":"","height":""}],"twitter_card":"summary_large_image","twitter_misc":{"Temps estimat de lectura":"3 minuts"},"schema":{"@context":"https:\/\/schema.org","@graph":[{"@type":"WebPage","@id":"https:\/\/www.clinicaginecologica.org\/ca\/dr-pablo-verdecchia\/","url":"https:\/\/www.clinicaginecologica.org\/ca\/dr-pablo-verdecchia\/","name":"Dr. Pablo Verdecchia | Cl\u00ednica Ginecol\u00f2gica Teknon","isPartOf":{"@id":"https:\/\/www.clinicaginecologica.org\/ca\/#website"},"primaryImageOfPage":{"@id":"https:\/\/www.clinicaginecologica.org\/ca\/dr-pablo-verdecchia\/#primaryimage"},"image":{"@id":"https:\/\/www.clinicaginecologica.org\/ca\/dr-pablo-verdecchia\/#primaryimage"},"thumbnailUrl":"https:\/\/www.clinicaginecologica.org\/ca\/wp-content\/uploads\/sites\/2\/2024\/03\/dr-pablo-verdecchia.jpg","datePublished":"2024-03-19T17:17:15+00:00","dateModified":"2024-03-19T17:49:50+00:00","description":"El Dr. Verdecchia ha centrat la seva traject\u00f2ria professional a poder oferir la millor assist\u00e8ncia en l'\u00e0mbit de la salut de la dona.","breadcrumb":{"@id":"https:\/\/www.clinicaginecologica.org\/ca\/dr-pablo-verdecchia\/#breadcrumb"},"inLanguage":"ca","potentialAction":[{"@type":"ReadAction","target":["https:\/\/www.clinicaginecologica.org\/ca\/dr-pablo-verdecchia\/"]}]},{"@type":"ImageObject","inLanguage":"ca","@id":"https:\/\/www.clinicaginecologica.org\/ca\/dr-pablo-verdecchia\/#primaryimage","url":"https:\/\/www.clinicaginecologica.org\/ca\/wp-content\/uploads\/sites\/2\/2024\/03\/dr-pablo-verdecchia.jpg","contentUrl":"https:\/\/www.clinicaginecologica.org\/ca\/wp-content\/uploads\/sites\/2\/2024\/03\/dr-pablo-verdecchia.jpg","width":918,"height":689,"caption":"Dr. Pablo Verdecchia"},{"@type":"BreadcrumbList","@id":"https:\/\/www.clinicaginecologica.org\/ca\/dr-pablo-verdecchia\/#breadcrumb","itemListElement":[{"@type":"ListItem","position":1,"name":"Portada","item":"https:\/\/www.clinicaginecologica.org\/ca\/"},{"@type":"ListItem","position":2,"name":"Dr. Pablo Verdecchia"}]},{"@type":"WebSite","@id":"https:\/\/www.clinicaginecologica.org\/ca\/#website","url":"https:\/\/www.clinicaginecologica.org\/ca\/","name":"Cl\u00ednica Ginecol\u00f2gica","description":"El seu ginec\u00f2leg a Barcelona","potentialAction":[{"@type":"SearchAction","target":{"@type":"EntryPoint","urlTemplate":"https:\/\/www.clinicaginecologica.org\/ca\/?s={search_term_string}"},"query-input":{"@type":"PropertyValueSpecification","valueRequired":true,"valueName":"search_term_string"}}],"inLanguage":"ca"}]}},"_links":{"self":[{"href":"https:\/\/www.clinicaginecologica.org\/ca\/wp-json\/wp\/v2\/pages\/11302","targetHints":{"allow":["GET"]}}],"collection":[{"href":"https:\/\/www.clinicaginecologica.org\/ca\/wp-json\/wp\/v2\/pages"}],"about":[{"href":"https:\/\/www.clinicaginecologica.org\/ca\/wp-json\/wp\/v2\/types\/page"}],"author":[{"embeddable":true,"href":"https:\/\/www.clinicaginecologica.org\/ca\/wp-json\/wp\/v2\/users\/5"}],"replies":[{"embeddable":true,"href":"https:\/\/www.clinicaginecologica.org\/ca\/wp-json\/wp\/v2\/comments?post=11302"}],"version-history":[{"count":3,"href":"https:\/\/www.clinicaginecologica.org\/ca\/wp-json\/wp\/v2\/pages\/11302\/revisions"}],"predecessor-version":[{"id":11311,"href":"https:\/\/www.clinicaginecologica.org\/ca\/wp-json\/wp\/v2\/pages\/11302\/revisions\/11311"}],"wp:attachment":[{"href":"https:\/\/www.clinicaginecologica.org\/ca\/wp-json\/wp\/v2\/media?parent=11302"}],"curies":[{"name":"wp","href":"https:\/\/api.w.org\/{rel}","templated":true}]}}