{"id":10997,"date":"2017-11-20T13:48:48","date_gmt":"2017-11-20T12:48:48","guid":{"rendered":"http:\/\/www.clinicaginecologica.org\/ca\/?page_id=10997"},"modified":"2023-07-17T10:35:31","modified_gmt":"2023-07-17T08:35:31","slug":"contacte","status":"publish","type":"page","link":"https:\/\/www.clinicaginecologica.org\/ca\/contacte\/","title":{"rendered":"Contacte"},"content":{"rendered":"<p>Estem a la seva disposici\u00f3 per resoldre els seus dubtes o consultes mitjan\u00e7ant el seg\u00fcent formulari de contacte. Si ho prefereix ens pot trucar al\u00a0<a href=\"tel:+34932906425\">932906425<\/a><\/p>\n\n<div class=\"wpcf7 no-js\" id=\"wpcf7-f10470-o1\" lang=\"es-ES\" dir=\"ltr\" data-wpcf7-id=\"10470\">\n<div class=\"screen-reader-response\"><p role=\"status\" aria-live=\"polite\" aria-atomic=\"true\"><\/p> <ul><\/ul><\/div>\n<form action=\"\/ca\/wp-json\/wp\/v2\/pages\/10997#wpcf7-f10470-o1\" method=\"post\" class=\"wpcf7-form init\" aria-label=\"Formulario de contacto\" novalidate=\"novalidate\" data-status=\"init\">\n<fieldset class=\"hidden-fields-container\"><input type=\"hidden\" name=\"_wpcf7\" value=\"10470\" \/><input type=\"hidden\" name=\"_wpcf7_version\" value=\"6.1.3\" \/><input type=\"hidden\" name=\"_wpcf7_locale\" value=\"es_ES\" \/><input type=\"hidden\" name=\"_wpcf7_unit_tag\" value=\"wpcf7-f10470-o1\" \/><input type=\"hidden\" name=\"_wpcf7_container_post\" value=\"0\" \/><input type=\"hidden\" name=\"_wpcf7_posted_data_hash\" value=\"\" \/><input type=\"hidden\" name=\"_wpcf7_recaptcha_response\" value=\"\" \/>\n<\/fieldset>\n<div class=\"contacto\" >\n\t<p><span class=\"wpcf7-form-control-wrap\" data-name=\"your-name\"><input size=\"40\" maxlength=\"400\" class=\"wpcf7-form-control wpcf7-text wpcf7-validates-as-required\" aria-required=\"true\" aria-invalid=\"false\" placeholder=\"Nom (requerit)\" value=\"\" type=\"text\" name=\"your-name\" \/><\/span><br \/>\n<span class=\"wpcf7-form-control-wrap\" data-name=\"your-email\"><input size=\"40\" maxlength=\"400\" class=\"wpcf7-form-control wpcf7-email wpcf7-validates-as-required wpcf7-text wpcf7-validates-as-email\" aria-required=\"true\" aria-invalid=\"false\" placeholder=\"Email (requerit)\" value=\"\" type=\"email\" name=\"your-email\" \/><\/span><br \/>\n<span class=\"wpcf7-form-control-wrap\" data-name=\"tel\"><input size=\"40\" maxlength=\"400\" class=\"wpcf7-form-control wpcf7-tel wpcf7-text wpcf7-validates-as-tel\" aria-invalid=\"false\" placeholder=\"Tel\u00e8fon\" value=\"\" type=\"tel\" name=\"tel\" \/><\/span><br \/>\n<span class=\"wpcf7-form-control-wrap\" data-name=\"mensaje\"><textarea cols=\"40\" rows=\"10\" maxlength=\"2000\" class=\"wpcf7-form-control wpcf7-textarea wpcf7-validates-as-required\" aria-required=\"true\" aria-invalid=\"false\" placeholder=\"Missatge (requerit)\" name=\"mensaje\"><\/textarea><\/span><br \/>\n<label><span class=\"wpcf7-form-control-wrap\" data-name=\"checkbox-210\"><span class=\"wpcf7-form-control wpcf7-checkbox wpcf7-validates-as-required\"><span class=\"wpcf7-list-item first last\"><input type=\"checkbox\" name=\"checkbox-210[]\" value=\"\" \/><span class=\"wpcf7-list-item-label\"><\/span><\/span><\/span><\/span> Accepto rebre e-mails de resposta a la meva consulta per part de clinicaginecologica.org <small><em>(requerit)<\/em><\/small><\/label>\n\t<\/p>\n\t<p><label><span class=\"wpcf7-form-control-wrap\" data-name=\"checkbox-878\"><span class=\"wpcf7-form-control wpcf7-checkbox\"><span class=\"wpcf7-list-item first last\"><input type=\"checkbox\" name=\"checkbox-878[]\" value=\"\" \/><span class=\"wpcf7-list-item-label\"><\/span><\/span><\/span><\/span> Accepto i he llegit les <a href=\"\/ca\/condicions-dus\" target=\"_blank\">condicions d'\u00fas<\/a> i la <a href=\"\/ca\/politica-de-privacitat\" target=\"_blank\"> pol\u00edtica de privacitat<\/a> de clinicaginecologica.org <small><em>(requerit)<\/em><\/small><\/label>\n\t<\/p>\n\t<p><input class=\"wpcf7-form-control wpcf7-submit has-spinner\" type=\"submit\" value=\"Enviar\" \/>\n\t<\/p>\n<\/div>\n<p><script>\n jQuery(document).ready(function() {\n\t\t\t\t\t jQuery.get('https:\/\/geoip-db.com\/jsonp\/', { }, function(resp) {\n\t\t\t\t\t\t if (resp[26]==\"E\"&&resp[27]==\"S\"){\n \t\t \t\t\tconsole.log(\"yeah cita medica contacto\");\n\t\t\t\t\t\t\tjQuery('#contacto-invs').css('display','block');\n\t\t\t\t\t\t}\n\t\t\t\t\t\t});\n});<\/script>\n<\/p><div class=\"wpcf7-response-output\" aria-hidden=\"true\"><\/div>\n<\/form>\n<\/div>\n\n","protected":false},"excerpt":{"rendered":"<p>Estem a la seva disposici\u00f3 per resoldre els seus dubtes o consultes mitjan\u00e7ant el seg\u00fcent formulari de contacte. Si ho prefereix ens pot trucar al\u00a0932906425<\/p>\n","protected":false},"author":5,"featured_media":0,"parent":0,"menu_order":0,"comment_status":"closed","ping_status":"closed","template":"tpl-page-contacto.php","meta":{"_joinchat":[],"footnotes":""},"class_list":["post-10997","page","type-page","status-publish","hentry"],"yoast_head":"<!-- This site is optimized with the Yoast SEO plugin v26.3 - https:\/\/yoast.com\/wordpress\/plugins\/seo\/ -->\n<title>Contacte - Cl\u00ednica Ginecol\u00f2gica<\/title>\n<meta name=\"robots\" content=\"index, follow, max-snippet:-1, max-image-preview:large, max-video-preview:-1\" \/>\n<link rel=\"canonical\" href=\"https:\/\/www.clinicaginecologica.org\/ca\/contacte\/\" \/>\n<meta property=\"og:locale\" content=\"ca_ES\" \/>\n<meta property=\"og:type\" content=\"article\" \/>\n<meta property=\"og:title\" content=\"Contacte - Cl\u00ednica Ginecol\u00f2gica\" \/>\n<meta property=\"og:description\" content=\"Estem a la seva disposici\u00f3 per resoldre els seus dubtes o consultes mitjan\u00e7ant el seg\u00fcent formulari de contacte. Si ho prefereix ens pot trucar al\u00a0932906425\" \/>\n<meta property=\"og:url\" content=\"https:\/\/www.clinicaginecologica.org\/ca\/contacte\/\" \/>\n<meta property=\"og:site_name\" content=\"Cl\u00ednica Ginecol\u00f2gica\" \/>\n<meta property=\"article:modified_time\" content=\"2023-07-17T08:35:31+00:00\" \/>\n<meta name=\"twitter:card\" content=\"summary_large_image\" \/>\n<meta name=\"twitter:label1\" content=\"Temps estimat de lectura\" \/>\n\t<meta name=\"twitter:data1\" content=\"1 minut\" \/>\n<script type=\"application\/ld+json\" class=\"yoast-schema-graph\">{\"@context\":\"https:\/\/schema.org\",\"@graph\":[{\"@type\":\"WebPage\",\"@id\":\"https:\/\/www.clinicaginecologica.org\/ca\/contacte\/\",\"url\":\"https:\/\/www.clinicaginecologica.org\/ca\/contacte\/\",\"name\":\"Contacte - Cl\u00ednica Ginecol\u00f2gica\",\"isPartOf\":{\"@id\":\"https:\/\/www.clinicaginecologica.org\/ca\/#website\"},\"datePublished\":\"2017-11-20T12:48:48+00:00\",\"dateModified\":\"2023-07-17T08:35:31+00:00\",\"breadcrumb\":{\"@id\":\"https:\/\/www.clinicaginecologica.org\/ca\/contacte\/#breadcrumb\"},\"inLanguage\":\"ca\",\"potentialAction\":[{\"@type\":\"ReadAction\",\"target\":[\"https:\/\/www.clinicaginecologica.org\/ca\/contacte\/\"]}]},{\"@type\":\"BreadcrumbList\",\"@id\":\"https:\/\/www.clinicaginecologica.org\/ca\/contacte\/#breadcrumb\",\"itemListElement\":[{\"@type\":\"ListItem\",\"position\":1,\"name\":\"Portada\",\"item\":\"https:\/\/www.clinicaginecologica.org\/ca\/\"},{\"@type\":\"ListItem\",\"position\":2,\"name\":\"Contacte\"}]},{\"@type\":\"WebSite\",\"@id\":\"https:\/\/www.clinicaginecologica.org\/ca\/#website\",\"url\":\"https:\/\/www.clinicaginecologica.org\/ca\/\",\"name\":\"Cl\u00ednica Ginecol\u00f2gica\",\"description\":\"El seu ginec\u00f2leg a Barcelona\",\"potentialAction\":[{\"@type\":\"SearchAction\",\"target\":{\"@type\":\"EntryPoint\",\"urlTemplate\":\"https:\/\/www.clinicaginecologica.org\/ca\/?s={search_term_string}\"},\"query-input\":{\"@type\":\"PropertyValueSpecification\",\"valueRequired\":true,\"valueName\":\"search_term_string\"}}],\"inLanguage\":\"ca\"}]}<\/script>\n<!-- \/ Yoast SEO plugin. -->","yoast_head_json":{"title":"Contacte - Cl\u00ednica Ginecol\u00f2gica","robots":{"index":"index","follow":"follow","max-snippet":"max-snippet:-1","max-image-preview":"max-image-preview:large","max-video-preview":"max-video-preview:-1"},"canonical":"https:\/\/www.clinicaginecologica.org\/ca\/contacte\/","og_locale":"ca_ES","og_type":"article","og_title":"Contacte - Cl\u00ednica Ginecol\u00f2gica","og_description":"Estem a la seva disposici\u00f3 per resoldre els seus dubtes o consultes mitjan\u00e7ant el seg\u00fcent formulari de contacte. Si ho prefereix ens pot trucar al\u00a0932906425","og_url":"https:\/\/www.clinicaginecologica.org\/ca\/contacte\/","og_site_name":"Cl\u00ednica Ginecol\u00f2gica","article_modified_time":"2023-07-17T08:35:31+00:00","twitter_card":"summary_large_image","twitter_misc":{"Temps estimat de lectura":"1 minut"},"schema":{"@context":"https:\/\/schema.org","@graph":[{"@type":"WebPage","@id":"https:\/\/www.clinicaginecologica.org\/ca\/contacte\/","url":"https:\/\/www.clinicaginecologica.org\/ca\/contacte\/","name":"Contacte - Cl\u00ednica Ginecol\u00f2gica","isPartOf":{"@id":"https:\/\/www.clinicaginecologica.org\/ca\/#website"},"datePublished":"2017-11-20T12:48:48+00:00","dateModified":"2023-07-17T08:35:31+00:00","breadcrumb":{"@id":"https:\/\/www.clinicaginecologica.org\/ca\/contacte\/#breadcrumb"},"inLanguage":"ca","potentialAction":[{"@type":"ReadAction","target":["https:\/\/www.clinicaginecologica.org\/ca\/contacte\/"]}]},{"@type":"BreadcrumbList","@id":"https:\/\/www.clinicaginecologica.org\/ca\/contacte\/#breadcrumb","itemListElement":[{"@type":"ListItem","position":1,"name":"Portada","item":"https:\/\/www.clinicaginecologica.org\/ca\/"},{"@type":"ListItem","position":2,"name":"Contacte"}]},{"@type":"WebSite","@id":"https:\/\/www.clinicaginecologica.org\/ca\/#website","url":"https:\/\/www.clinicaginecologica.org\/ca\/","name":"Cl\u00ednica Ginecol\u00f2gica","description":"El seu ginec\u00f2leg a Barcelona","potentialAction":[{"@type":"SearchAction","target":{"@type":"EntryPoint","urlTemplate":"https:\/\/www.clinicaginecologica.org\/ca\/?s={search_term_string}"},"query-input":{"@type":"PropertyValueSpecification","valueRequired":true,"valueName":"search_term_string"}}],"inLanguage":"ca"}]}},"_links":{"self":[{"href":"https:\/\/www.clinicaginecologica.org\/ca\/wp-json\/wp\/v2\/pages\/10997","targetHints":{"allow":["GET"]}}],"collection":[{"href":"https:\/\/www.clinicaginecologica.org\/ca\/wp-json\/wp\/v2\/pages"}],"about":[{"href":"https:\/\/www.clinicaginecologica.org\/ca\/wp-json\/wp\/v2\/types\/page"}],"author":[{"embeddable":true,"href":"https:\/\/www.clinicaginecologica.org\/ca\/wp-json\/wp\/v2\/users\/5"}],"replies":[{"embeddable":true,"href":"https:\/\/www.clinicaginecologica.org\/ca\/wp-json\/wp\/v2\/comments?post=10997"}],"version-history":[{"count":4,"href":"https:\/\/www.clinicaginecologica.org\/ca\/wp-json\/wp\/v2\/pages\/10997\/revisions"}],"predecessor-version":[{"id":11286,"href":"https:\/\/www.clinicaginecologica.org\/ca\/wp-json\/wp\/v2\/pages\/10997\/revisions\/11286"}],"wp:attachment":[{"href":"https:\/\/www.clinicaginecologica.org\/ca\/wp-json\/wp\/v2\/media?parent=10997"}],"curies":[{"name":"wp","href":"https:\/\/api.w.org\/{rel}","templated":true}]}}