{"id":10379,"date":"2017-09-05T10:10:20","date_gmt":"2017-09-05T08:10:20","guid":{"rendered":"http:\/\/www.clinicaginecologica.org\/ca\/?page_id=10379"},"modified":"2025-10-31T11:25:33","modified_gmt":"2025-10-31T10:25:33","slug":"embaras-i-part","status":"publish","type":"page","link":"https:\/\/www.clinicaginecologica.org\/ca\/embaras-i-part\/","title":{"rendered":"Embar\u00e0s i part"},"content":{"rendered":"<h2><strong>Control de l&#8217;embar\u00e0s<\/strong><\/h2>\n<p><img loading=\"lazy\" decoding=\"async\" class=\"size-medium wp-image-7657 alignleft\" src=\"http:\/\/www.clinicaginecologica.org\/wp-content\/uploads\/2015\/02\/consejos-aumento-de-peso-embarazo-263x300.jpg\" alt=\"Consejos aumento peso embarazo\" width=\"263\" height=\"300\" srcset=\"https:\/\/www.clinicaginecologica.org\/ca\/wp-content\/uploads\/sites\/2\/2015\/02\/consejos-aumento-de-peso-embarazo-263x300.jpg 263w, https:\/\/www.clinicaginecologica.org\/ca\/wp-content\/uploads\/sites\/2\/2015\/02\/consejos-aumento-de-peso-embarazo.jpg 280w\" sizes=\"auto, (max-width: 263px) 100vw, 263px\" \/>Durant l&#8217;embar\u00e0s \u00e9s necessari el control del fetus i de la mare. La freq\u00fc\u00e8ncia dels controls pot variar segons hi hagi complicacions o factors de risc que posin en el perill l&#8217;embar\u00e0s.<\/p>\n<p>Generalment, a l&#8217;inici de la gestaci\u00f3 els controls es realitzen cada 4 o 6 setmanes, fins arribar a l&#8217;\u00faltim mes d&#8217;embar\u00e0s on s&#8217;incrementen i es realitzen cada 1 o 3 setmanes. Si han passat ja les 41 setmanes, les revisions o controls es realitzaran d&#8217;una a tres vegades per setmana.<\/p>\n<p>Per a un adequat control de l&#8217;embar\u00e0s, i en funci\u00f3 de la hist\u00f2ria cl\u00ednica de cada pacient o les seves pr\u00f2pies creences, disposem de diverses proves a realitzar, pr\u00e8viament consensuades amb la pacient.<\/p>\n<p><strong>Les proves m\u00e9s habituals per al seguiment d&#8217;un embar\u00e0s i sobretot per al seguiment de l&#8217;estat del fetus que es podrien realitzar en cas que es consider\u00e9s necessari i sempre amb el consentiment de la mare, s\u00f3n:<\/strong><\/p>\n<h3><strong>EL TRIPLE SCREENING<\/strong><\/h3>\n<p>\u00c9s una prova opcional que es practica entre les 15-17 setmanes, si la mare i l&#8217;equip m\u00e8dic ho creu necessari. Consisteix en una determinaci\u00f3 en s\u00e8rum matern d&#8217;alfa-fetoprote\u00efna i gonadotropina cori\u00f2nica humana combinat amb altres factors per calcular l&#8217;\u00edndex d&#8217;estimaci\u00f3 de risc per a S\u00edndrome de Down. La sensibilitat de detecci\u00f3 d&#8217;aquesta prova \u00e9s aproximadament el 65%.<\/p>\n<h3><strong>EL EBA SCREEN<\/strong><\/h3>\n<p>Consisteix en la combinaci\u00f3 d&#8217;una ecografia i una extracci\u00f3 de sang de la mare. El resultat permet calcular el risc que t\u00e9 el fetus de patir S\u00edndrome de Down. La sensibilitat de detecci\u00f3 d&#8217;aquesta combinaci\u00f3 de proves \u00e9s aproximadament del 70%.<\/p>\n<h3><strong>TEST PRENATAL NO INVASIU<\/strong><\/h3>\n<p>Consisteix en una prova no invasiva, \u00e9s una anal\u00edtica de l&#8217;ADN fetal lliure present en el plasma matern. Permet avaluar alteracions en els cromosomes 21, 18, 13 i X causants de patologies com a S\u00edndrome de Down, Edwards, Patau i Turner. Si el resultat \u00e9s de baix risc no es descarta al 100% a possibilitat de patir una d&#8217;aquestes patologies. Si el resultat indica una probabilitat d&#8217;alt risc, es recomana realitzar una altra prova en l\u00edquid amni\u00f2tic.<\/p>\n<h3><strong>L&#8217;AMINOCENTESI<\/strong><\/h3>\n<p>Es tracta d&#8217;una t\u00e8cnica invasiva que consisteix en l&#8217;extracci\u00f3 de l\u00edquid amni\u00f2tic amb la introducci\u00f3 d&#8217;una agulla a trav\u00e9s de l&#8217;abdomen i l&#8217;\u00fater. Nom\u00e9s se sol realitzar en funci\u00f3 del resultat obtingut en el Screening i en consens de la mare i l&#8217;equip m\u00e8dic. No \u00e9s un proc\u00e9s dolor\u00f3s i se sol practicar a les 14-20 setmanes de gestaci\u00f3.<\/p>\n<p>&nbsp;<\/p>\n<h3>Part natural o ces\u00e0ria<\/h3>\n<p>En el part natural, un cop iniciades les contraccions es dilata el coll de l&#8217;\u00fater per deixar pas al nad\u00f3 que sortir\u00e0 per la cavitat vaginal. Aquesta funci\u00f3 la realitza el cos per processos naturals i sol ser de r\u00e0pida recuperaci\u00f3. A m\u00e9s, mitjan\u00e7ant part natural hi ha un risc d&#8217;infecci\u00f3 pels punts en cas d&#8217;episiotomia molt baix.<\/p>\n<p>La ces\u00e0ria, en canvi, \u00e9s una incisi\u00f3 quir\u00fargica a l&#8217;abdomen, s&#8217;obre l&#8217;\u00fater i s&#8217;extreu el nad\u00f3. El part per ces\u00e0ria, serveix per evitar complicacions per al nad\u00f3 en el moment arribar al m\u00f3n. Hi ha m\u00e9s risc d&#8217;infecci\u00f3 que en un part natural a causa de que es intervenen diferents capes de teixit i a m\u00e9s la recuperaci\u00f3 \u00e9s m\u00e9s lenta i dolorosa. Cal destacar que, en algunes ocasions en necess\u00e0ria per decisi\u00f3 m\u00e8dica per evitar problemes per al nad\u00f3, mentre que en altres casos \u00e9s la mare qui decideix que vol un part per ces\u00e0ria.<\/p>\n<ul>\n<li style=\"padding-left: 30px;\">En el part natural el dolor es concentra en el mateix moment del part, en canvi en la cessaria el dolor apareix despr\u00e9s.<\/li>\n<li style=\"padding-left: 30px;\">El part natural en general i en especial en les mares primerenques sol ser molt m\u00e9s lent que una ces\u00e0ria que sol durar al voltant d&#8217;uns 30-40 minuts.<\/li>\n<li style=\"padding-left: 30px;\">La recuperaci\u00f3 \u00e9s molt m\u00e9s r\u00e0pida si es tracta d&#8217;un part natural.<\/li>\n<li style=\"padding-left: 30px;\">Hi ha un menor risc de patir incontin\u00e8ncia en un futur si es tracta d&#8217;un part per ces\u00e0ria.<\/li>\n<\/ul>\n<h4 style=\"text-align: center;\"><a href=\"http:\/\/www.clinicaginecologica.org\/ca\/el-dia-del-part\/\">El dia del part<\/a><br \/>\n<strong>Informaci\u00f3 clau per al gran dia.<\/strong><br \/>\n<strong> Quan anar a l&#8217;hospital?<\/strong><br \/>\n<strong> Qu\u00e8 emportar-nos?<br \/>\n<\/strong><\/h4>\n","protected":false},"excerpt":{"rendered":"<p>Conseguir un embar\u00e0s, acompanyar cada etapa i oferir un part personalitzat \u00e9s una experi\u00e8ncia \u00fanica. Un privilegi poder compartir amb els nostres pacients i estar presents en tot moment.<\/p>\n","protected":false},"author":5,"featured_media":11395,"parent":0,"menu_order":0,"comment_status":"open","ping_status":"closed","template":"","meta":{"_joinchat":[],"footnotes":""},"class_list":["post-10379","page","type-page","status-publish","has-post-thumbnail","hentry"],"yoast_head":"<!-- This site is optimized with the Yoast SEO plugin v26.3 - https:\/\/yoast.com\/wordpress\/plugins\/seo\/ -->\n<title>Embar\u00e0s i part - Cl\u00ednica Ginecol\u00f2gica<\/title>\n<meta name=\"robots\" content=\"index, follow, max-snippet:-1, max-image-preview:large, max-video-preview:-1\" \/>\n<link rel=\"canonical\" href=\"https:\/\/www.clinicaginecologica.org\/ca\/embaras-i-part\/\" \/>\n<meta property=\"og:locale\" content=\"ca_ES\" \/>\n<meta property=\"og:type\" content=\"article\" \/>\n<meta property=\"og:title\" content=\"Embar\u00e0s i part - Cl\u00ednica Ginecol\u00f2gica\" \/>\n<meta property=\"og:description\" content=\"Conseguir un embar\u00e0s, acompanyar cada etapa i oferir un part personalitzat \u00e9s una experi\u00e8ncia \u00fanica. Un privilegi poder compartir amb els nostres pacients i estar presents en tot moment.\" \/>\n<meta property=\"og:url\" content=\"https:\/\/www.clinicaginecologica.org\/ca\/embaras-i-part\/\" \/>\n<meta property=\"og:site_name\" content=\"Cl\u00ednica Ginecol\u00f2gica\" \/>\n<meta property=\"article:modified_time\" content=\"2025-10-31T10:25:33+00:00\" \/>\n<meta property=\"og:image\" content=\"https:\/\/www.clinicaginecologica.org\/ca\/wp-content\/uploads\/sites\/2\/2025\/10\/EmbarazoParto.jpeg\" \/>\n\t<meta property=\"og:image:width\" content=\"1600\" \/>\n\t<meta property=\"og:image:height\" content=\"1200\" \/>\n\t<meta property=\"og:image:type\" content=\"image\/jpeg\" \/>\n<meta name=\"twitter:card\" content=\"summary_large_image\" \/>\n<meta name=\"twitter:label1\" content=\"Temps estimat de lectura\" \/>\n\t<meta name=\"twitter:data1\" content=\"4 minuts\" \/>\n<script type=\"application\/ld+json\" class=\"yoast-schema-graph\">{\"@context\":\"https:\/\/schema.org\",\"@graph\":[{\"@type\":\"WebPage\",\"@id\":\"https:\/\/www.clinicaginecologica.org\/ca\/embaras-i-part\/\",\"url\":\"https:\/\/www.clinicaginecologica.org\/ca\/embaras-i-part\/\",\"name\":\"Embar\u00e0s i part - Cl\u00ednica Ginecol\u00f2gica\",\"isPartOf\":{\"@id\":\"https:\/\/www.clinicaginecologica.org\/ca\/#website\"},\"primaryImageOfPage\":{\"@id\":\"https:\/\/www.clinicaginecologica.org\/ca\/embaras-i-part\/#primaryimage\"},\"image\":{\"@id\":\"https:\/\/www.clinicaginecologica.org\/ca\/embaras-i-part\/#primaryimage\"},\"thumbnailUrl\":\"https:\/\/www.clinicaginecologica.org\/ca\/wp-content\/uploads\/sites\/2\/2025\/10\/EmbarazoParto.jpeg\",\"datePublished\":\"2017-09-05T08:10:20+00:00\",\"dateModified\":\"2025-10-31T10:25:33+00:00\",\"breadcrumb\":{\"@id\":\"https:\/\/www.clinicaginecologica.org\/ca\/embaras-i-part\/#breadcrumb\"},\"inLanguage\":\"ca\",\"potentialAction\":[{\"@type\":\"ReadAction\",\"target\":[\"https:\/\/www.clinicaginecologica.org\/ca\/embaras-i-part\/\"]}]},{\"@type\":\"ImageObject\",\"inLanguage\":\"ca\",\"@id\":\"https:\/\/www.clinicaginecologica.org\/ca\/embaras-i-part\/#primaryimage\",\"url\":\"https:\/\/www.clinicaginecologica.org\/ca\/wp-content\/uploads\/sites\/2\/2025\/10\/EmbarazoParto.jpeg\",\"contentUrl\":\"https:\/\/www.clinicaginecologica.org\/ca\/wp-content\/uploads\/sites\/2\/2025\/10\/EmbarazoParto.jpeg\",\"width\":1600,\"height\":1200,\"caption\":\"Embar\u00e0s i part\"},{\"@type\":\"BreadcrumbList\",\"@id\":\"https:\/\/www.clinicaginecologica.org\/ca\/embaras-i-part\/#breadcrumb\",\"itemListElement\":[{\"@type\":\"ListItem\",\"position\":1,\"name\":\"Portada\",\"item\":\"https:\/\/www.clinicaginecologica.org\/ca\/\"},{\"@type\":\"ListItem\",\"position\":2,\"name\":\"Embar\u00e0s i part\"}]},{\"@type\":\"WebSite\",\"@id\":\"https:\/\/www.clinicaginecologica.org\/ca\/#website\",\"url\":\"https:\/\/www.clinicaginecologica.org\/ca\/\",\"name\":\"Cl\u00ednica Ginecol\u00f2gica\",\"description\":\"El seu ginec\u00f2leg a Barcelona\",\"potentialAction\":[{\"@type\":\"SearchAction\",\"target\":{\"@type\":\"EntryPoint\",\"urlTemplate\":\"https:\/\/www.clinicaginecologica.org\/ca\/?s={search_term_string}\"},\"query-input\":{\"@type\":\"PropertyValueSpecification\",\"valueRequired\":true,\"valueName\":\"search_term_string\"}}],\"inLanguage\":\"ca\"}]}<\/script>\n<!-- \/ Yoast SEO plugin. -->","yoast_head_json":{"title":"Embar\u00e0s i part - Cl\u00ednica Ginecol\u00f2gica","robots":{"index":"index","follow":"follow","max-snippet":"max-snippet:-1","max-image-preview":"max-image-preview:large","max-video-preview":"max-video-preview:-1"},"canonical":"https:\/\/www.clinicaginecologica.org\/ca\/embaras-i-part\/","og_locale":"ca_ES","og_type":"article","og_title":"Embar\u00e0s i part - Cl\u00ednica Ginecol\u00f2gica","og_description":"Conseguir un embar\u00e0s, acompanyar cada etapa i oferir un part personalitzat \u00e9s una experi\u00e8ncia \u00fanica. Un privilegi poder compartir amb els nostres pacients i estar presents en tot moment.","og_url":"https:\/\/www.clinicaginecologica.org\/ca\/embaras-i-part\/","og_site_name":"Cl\u00ednica Ginecol\u00f2gica","article_modified_time":"2025-10-31T10:25:33+00:00","og_image":[{"width":1600,"height":1200,"url":"https:\/\/www.clinicaginecologica.org\/ca\/wp-content\/uploads\/sites\/2\/2025\/10\/EmbarazoParto.jpeg","type":"image\/jpeg"}],"twitter_card":"summary_large_image","twitter_misc":{"Temps estimat de lectura":"4 minuts"},"schema":{"@context":"https:\/\/schema.org","@graph":[{"@type":"WebPage","@id":"https:\/\/www.clinicaginecologica.org\/ca\/embaras-i-part\/","url":"https:\/\/www.clinicaginecologica.org\/ca\/embaras-i-part\/","name":"Embar\u00e0s i part - Cl\u00ednica Ginecol\u00f2gica","isPartOf":{"@id":"https:\/\/www.clinicaginecologica.org\/ca\/#website"},"primaryImageOfPage":{"@id":"https:\/\/www.clinicaginecologica.org\/ca\/embaras-i-part\/#primaryimage"},"image":{"@id":"https:\/\/www.clinicaginecologica.org\/ca\/embaras-i-part\/#primaryimage"},"thumbnailUrl":"https:\/\/www.clinicaginecologica.org\/ca\/wp-content\/uploads\/sites\/2\/2025\/10\/EmbarazoParto.jpeg","datePublished":"2017-09-05T08:10:20+00:00","dateModified":"2025-10-31T10:25:33+00:00","breadcrumb":{"@id":"https:\/\/www.clinicaginecologica.org\/ca\/embaras-i-part\/#breadcrumb"},"inLanguage":"ca","potentialAction":[{"@type":"ReadAction","target":["https:\/\/www.clinicaginecologica.org\/ca\/embaras-i-part\/"]}]},{"@type":"ImageObject","inLanguage":"ca","@id":"https:\/\/www.clinicaginecologica.org\/ca\/embaras-i-part\/#primaryimage","url":"https:\/\/www.clinicaginecologica.org\/ca\/wp-content\/uploads\/sites\/2\/2025\/10\/EmbarazoParto.jpeg","contentUrl":"https:\/\/www.clinicaginecologica.org\/ca\/wp-content\/uploads\/sites\/2\/2025\/10\/EmbarazoParto.jpeg","width":1600,"height":1200,"caption":"Embar\u00e0s i part"},{"@type":"BreadcrumbList","@id":"https:\/\/www.clinicaginecologica.org\/ca\/embaras-i-part\/#breadcrumb","itemListElement":[{"@type":"ListItem","position":1,"name":"Portada","item":"https:\/\/www.clinicaginecologica.org\/ca\/"},{"@type":"ListItem","position":2,"name":"Embar\u00e0s i part"}]},{"@type":"WebSite","@id":"https:\/\/www.clinicaginecologica.org\/ca\/#website","url":"https:\/\/www.clinicaginecologica.org\/ca\/","name":"Cl\u00ednica Ginecol\u00f2gica","description":"El seu ginec\u00f2leg a Barcelona","potentialAction":[{"@type":"SearchAction","target":{"@type":"EntryPoint","urlTemplate":"https:\/\/www.clinicaginecologica.org\/ca\/?s={search_term_string}"},"query-input":{"@type":"PropertyValueSpecification","valueRequired":true,"valueName":"search_term_string"}}],"inLanguage":"ca"}]}},"_links":{"self":[{"href":"https:\/\/www.clinicaginecologica.org\/ca\/wp-json\/wp\/v2\/pages\/10379","targetHints":{"allow":["GET"]}}],"collection":[{"href":"https:\/\/www.clinicaginecologica.org\/ca\/wp-json\/wp\/v2\/pages"}],"about":[{"href":"https:\/\/www.clinicaginecologica.org\/ca\/wp-json\/wp\/v2\/types\/page"}],"author":[{"embeddable":true,"href":"https:\/\/www.clinicaginecologica.org\/ca\/wp-json\/wp\/v2\/users\/5"}],"replies":[{"embeddable":true,"href":"https:\/\/www.clinicaginecologica.org\/ca\/wp-json\/wp\/v2\/comments?post=10379"}],"version-history":[{"count":7,"href":"https:\/\/www.clinicaginecologica.org\/ca\/wp-json\/wp\/v2\/pages\/10379\/revisions"}],"predecessor-version":[{"id":11396,"href":"https:\/\/www.clinicaginecologica.org\/ca\/wp-json\/wp\/v2\/pages\/10379\/revisions\/11396"}],"wp:featuredmedia":[{"embeddable":true,"href":"https:\/\/www.clinicaginecologica.org\/ca\/wp-json\/wp\/v2\/media\/11395"}],"wp:attachment":[{"href":"https:\/\/www.clinicaginecologica.org\/ca\/wp-json\/wp\/v2\/media?parent=10379"}],"curies":[{"name":"wp","href":"https:\/\/api.w.org\/{rel}","templated":true}]}}