{"id":10334,"date":"2015-04-11T11:19:38","date_gmt":"2015-04-11T09:19:38","guid":{"rendered":"http:\/\/www.clinicaginecologica.org\/ca\/?page_id=10334"},"modified":"2017-11-29T13:12:30","modified_gmt":"2017-11-29T12:12:30","slug":"que-es-el-virus-papilloma-huma","status":"publish","type":"page","link":"https:\/\/www.clinicaginecologica.org\/ca\/patologies\/que-es-el-virus-papilloma-huma\/","title":{"rendered":"Qu\u00e8 \u00e9s el virus papil\u00b7loma hum\u00e0?"},"content":{"rendered":"<h2>\u00a0<img loading=\"lazy\" decoding=\"async\" class=\" wp-image-10340 aligncenter\" src=\"http:\/\/www.clinicaginecologica.org\/ca\/wp-content\/uploads\/sites\/2\/2017\/07\/VPH-cat.jpg\" alt=\"\" width=\"500\" height=\"250\" srcset=\"https:\/\/www.clinicaginecologica.org\/ca\/wp-content\/uploads\/sites\/2\/2017\/07\/VPH-cat.jpg 710w, https:\/\/www.clinicaginecologica.org\/ca\/wp-content\/uploads\/sites\/2\/2017\/07\/VPH-cat-300x150.jpg 300w\" sizes=\"auto, (max-width: 500px) 100vw, 500px\" \/><\/h2>\n<h2>El Virus del Papil\u00b7loma Hum\u00e0 (VPH)<\/h2>\n<p>El Papil\u00b7loma Hum\u00e0 \u00e9s una malaltia de transmissi\u00f3 sexual causada pel Virus del Papil\u00b7loma Hum\u00e0 (VPH), un grup viral que inclou m\u00e9s de 100 tipus diferents de virus, dels quals, m\u00e9s de 30 s\u00f3n transmesos sexualment i poden afectar a la zona anus-genital en homes i en dones. La majoria de les persones infectades pel VPH no tenen s\u00edmptomes i la infecci\u00f3 desapareix per si sola.<\/p>\n<h3>Connexi\u00f3 entre la infecci\u00f3 pel VPH i el c\u00e0ncer de coll d&#8217;\u00fater<\/h3>\n<p>S&#8217;ha descobert que el c\u00e0ncer de c\u00e8rvix est\u00e0 relacionat amb la infecci\u00f3 pel virus del papil\u00b7loma hum\u00e0. Tot i aix\u00f2, no totes les infeccions pel virus causen c\u00e0ncer de c\u00e8rvix, nom\u00e9s aquelles amb els genotips virals m\u00e9s agressius i, que a m\u00e9s, persisteixen en el temps. La majoria d&#8217;infeccions acaben desapareixent al cap d&#8217;un temps.<\/p>\n<p>La prova de Papanicolau \u00e9s capa\u00e7 de detectar c\u00e8l\u00b7lules canceroses i pre-canceroses al coll de l\u2019\u00fater. Les proves de Papanicolau regulars i amb supervisi\u00f3 m\u00e8dica acurada poden ajudar a garantir que alguns canvis pre-cancerosos al coll uter\u00ed no desenvolupen en c\u00e0ncer de coll d&#8217;\u00fater, que \u00e9s potencialment mortal.<\/p>\n<h3>Papil\u00b7loma Hum\u00e0 en dones<\/h3>\n<p>Aproximadament, 20 milions de persones estan infectades pel virus del papil\u00b7loma hum\u00e0, el virus de transmissi\u00f3 sexual m\u00e9s com\u00fa. La majoria de les infeccions s\u00f3n transit\u00f2ries i asimptom\u00e0tiques i desapareixen al cap de 12 o 18 mesos.<\/p>\n<p>El Papil\u00b7loma hum\u00e0 en dones \u00e9s tamb\u00e9 molt freq\u00fcent. Almenys el 80% de les dones haur\u00e0 passat per una infecci\u00f3 genital per VPH abans dels 50 anys.<\/p>\n<h3>Els s\u00edmptomes<\/h3>\n<p>Generalment, les infeccions pel virus del papil\u00b7loma hum\u00e0 en les membranes mucoses o regions genitals no manifesten cap s\u00edmptoma. \u00c9s per aix\u00f2 que la majoria de les persones que tenen infeccions del VPH no saben que estan infectades.<\/p>\n<p>Tot i aix\u00f2, de vegades poden apar\u00e8ixer berrugues genitals, unes lesions benignes conegudes com condilomes, que generalment s\u00f3n causades per un tipus de virus del Papil\u00b7loma Hum\u00e0 de &#8220;baix risc&#8221;. Les berrugues genitals s\u00f3n generalment rosades i poden ser planes o elevades, \u00faniques o m\u00faltiples, grans o petites.<\/p>\n<h3>Qu\u00e8 s\u00f3n les berrugues genitals?<\/h3>\n<p>Les berrugues ven\u00e8ries s\u00f3n lesions de transmissi\u00f3 sexual causades per alguns tipus de VPH i apareixen als 3 mesos despr\u00e9s del contacte amb una parella infectada. En les dones poden apareixen en els llavis de la vulva, la vagina, el coll uter\u00ed o al voltant de l&#8217;anus. En els homes apareixen al penis i l&#8217;escrot o al voltant de l&#8217;anus si el pacient t\u00e9 relacions homosexuals.<\/p>\n<p>&nbsp;<\/p>\n<p>&nbsp;<\/p>\n<h2>Contagi i diagn\u00f2stic del VPH<\/h2>\n<h3>Com es contrau el Virus del Papil\u00b7loma Hum\u00e0?<\/h3>\n<p>Principalment pel contacte genital. La majoria de les infeccions no presenten signes ni s\u00edmptomes. \u00c9s per aix\u00f2 que la majoria de les persones no s&#8217;adonen que tenen una infecci\u00f3 i poden transmetre el virus a la seva parella sexual.<\/p>\n<h3>Com es pot reduir el risc d&#8217;infecci\u00f3 per VPH?<\/h3>\n<p>La forma m\u00e9s segura \u00e9s evitar el contacte genital amb una altra persona. Si les persones decideixen ser sexualment actives, la millor estrat\u00e8gia \u00e9s una relaci\u00f3 mon\u00f2gama estable amb una parella no infectada. El VPH \u00e9s tan generalitzat que nom\u00e9s aquelles persones que no han tingut relacions sexuals poden estar segures que no han estat exposats a aquest.<\/p>\n<p>La infecci\u00f3 per VPH pot apar\u00e8ixer en les \u00e0rees genitals masculines i femenines, estiguin o no protegides amb un preservatiu.<\/p>\n<h3>La import\u00e0ncia de les revisions ginecol\u00f2giques regulars<\/h3>\n<p>La detecci\u00f3 preco\u00e7 de la infecci\u00f3 pel virus del papil\u00b7loma hum\u00e0 (VPH) mitjan\u00e7ant els canvis en la citologia cervicovaginal (proves de Papanicolau) \u00e9s efica\u00e7 per reduir la incid\u00e8ncia de c\u00e0ncer de coll d\u2019\u00fater. No hi ha ex\u00e0mens per detectar el VPH en els homes.<\/p>\n<p>&nbsp;<\/p>\n<p>&nbsp;<\/p>\n<h2>Tractament del VPH<\/h2>\n<h3>Es pot curar la infecci\u00f3 pel VPH?<\/h3>\n<p>No hi ha una &#8220;cura&#8221; com a tal per al VPH, encara que en la majoria de les dones la infecci\u00f3 desapareix per si sola.<\/p>\n<h3>Vacunes contra el virus del papil\u00b7loma hum\u00e0<\/h3>\n<p>La vacuna contra el virus del papil\u00b7loma hum\u00e0 actual ofereix protecci\u00f3 contra quatre tipus de VPH: 6, 11, 16 i 18. S&#8217;administra en tres injeccions durant un per\u00edode de 6 mesos.<\/p>\n<h3>Qui ha de vacunar-se contra el VPH?<\/h3>\n<p>Les vacunes nom\u00e9s s\u00f3n efica\u00e7os si s&#8217;administren abans de la infecci\u00f3 pel virus. \u00c9s per aix\u00f2 que \u00e9s aconsellable administrar la vacuna abans que l&#8217;individu es torni sexualment actiu. Concretament, la FDA va aprovar la vacuna per a les dones d&#8217;edats compreses entre els 9 i els 26 anys.<\/p>\n<p>At\u00e8s que la vacuna no protegeix contra tots els tipus de VPH, les proves de Papanicolau i ex\u00e0mens de detecci\u00f3 selectius segueixen sent essencials per identificar el c\u00e0ncer de coll d&#8217;\u00fater i canvis pre-cancerosos. Per aix\u00f2, encara que una dona s&#8217;hagi vacunat de cal que segueixi fent-se ex\u00e0mens peri\u00f2dicament.<\/p>\n<h3>Funcionament i efectivitat de les vacunes<\/h3>\n<p>S\u00f3n molt efica\u00e7os per prevenir la infecci\u00f3 pels tipus espec\u00edfics de VPH per als quals han estat concebuts. La vacuna aprovada per la FDA va brindar protecci\u00f3 contra gaireb\u00e9 el 100% dels canvis precancerosos en les c\u00e8l\u00b7lules cervicals causades per aquests tipus de VPH, fins a un per\u00edode de 4 anys despr\u00e9s de la vacunaci\u00f3.<\/p>\n<h3>Temps de protecci\u00f3 de les vacunes<\/h3>\n<p>Aix\u00f2 queda per determinar. Fins a la data, per\u00f2, se sap que proporcionen protecci\u00f3 contra el VPH 16 per a un m\u00e0xim de 4 anys. La investigaci\u00f3 sobre les vacunes actualment en fase d&#8217;assaig mostra que proporcionen protecci\u00f3 contra la infecci\u00f3 pel VPH 16 i 18 per m\u00e9s de 4 anys.<\/p>\n<p>&nbsp;<\/p>\n","protected":false},"excerpt":{"rendered":"<p>\u00a0 El Virus del Papil\u00b7loma Hum\u00e0 (VPH) El Papil\u00b7loma Hum\u00e0 \u00e9s una malaltia de transmissi\u00f3 sexual causada pel Virus del Papil\u00b7loma Hum\u00e0 (VPH), un grup viral que inclou m\u00e9s de 100 tipus diferents de virus, dels quals, m\u00e9s de 30 s\u00f3n transmesos sexualment i poden afectar a la zona anus-genital en homes i en dones. [&hellip;]<\/p>\n","protected":false},"author":5,"featured_media":10340,"parent":8846,"menu_order":0,"comment_status":"closed","ping_status":"closed","template":"","meta":{"_joinchat":[],"footnotes":""},"class_list":["post-10334","page","type-page","status-publish","has-post-thumbnail","hentry"],"yoast_head":"<!-- This site is optimized with the Yoast SEO plugin v26.3 - https:\/\/yoast.com\/wordpress\/plugins\/seo\/ -->\n<title>Qu\u00e8 \u00e9s el virus papil\u00b7loma hum\u00e0? - Cl\u00ednica Ginecol\u00f2gica<\/title>\n<meta name=\"robots\" content=\"index, follow, max-snippet:-1, max-image-preview:large, max-video-preview:-1\" \/>\n<link rel=\"canonical\" href=\"https:\/\/www.clinicaginecologica.org\/ca\/patologies\/que-es-el-virus-papilloma-huma\/\" \/>\n<meta property=\"og:locale\" content=\"ca_ES\" \/>\n<meta property=\"og:type\" content=\"article\" \/>\n<meta property=\"og:title\" content=\"Qu\u00e8 \u00e9s el virus papil\u00b7loma hum\u00e0? - Cl\u00ednica Ginecol\u00f2gica\" \/>\n<meta property=\"og:description\" content=\"\u00a0 El Virus del Papil\u00b7loma Hum\u00e0 (VPH) El Papil\u00b7loma Hum\u00e0 \u00e9s una malaltia de transmissi\u00f3 sexual causada pel Virus del Papil\u00b7loma Hum\u00e0 (VPH), un grup viral que inclou m\u00e9s de 100 tipus diferents de virus, dels quals, m\u00e9s de 30 s\u00f3n transmesos sexualment i poden afectar a la zona anus-genital en homes i en dones. [&hellip;]\" \/>\n<meta property=\"og:url\" content=\"https:\/\/www.clinicaginecologica.org\/ca\/patologies\/que-es-el-virus-papilloma-huma\/\" \/>\n<meta property=\"og:site_name\" content=\"Cl\u00ednica Ginecol\u00f2gica\" \/>\n<meta property=\"article:modified_time\" content=\"2017-11-29T12:12:30+00:00\" \/>\n<meta property=\"og:image\" content=\"https:\/\/www.clinicaginecologica.org\/ca\/wp-content\/uploads\/sites\/2\/2017\/07\/VPH-cat.jpg\" \/>\n\t<meta property=\"og:image:width\" content=\"710\" \/>\n\t<meta property=\"og:image:height\" content=\"355\" \/>\n\t<meta property=\"og:image:type\" content=\"image\/jpeg\" \/>\n<meta name=\"twitter:card\" content=\"summary_large_image\" \/>\n<meta name=\"twitter:label1\" content=\"Temps estimat de lectura\" \/>\n\t<meta name=\"twitter:data1\" content=\"5 minuts\" \/>\n<script type=\"application\/ld+json\" class=\"yoast-schema-graph\">{\"@context\":\"https:\/\/schema.org\",\"@graph\":[{\"@type\":\"WebPage\",\"@id\":\"https:\/\/www.clinicaginecologica.org\/ca\/patologies\/que-es-el-virus-papilloma-huma\/\",\"url\":\"https:\/\/www.clinicaginecologica.org\/ca\/patologies\/que-es-el-virus-papilloma-huma\/\",\"name\":\"Qu\u00e8 \u00e9s el virus papil\u00b7loma hum\u00e0? - Cl\u00ednica Ginecol\u00f2gica\",\"isPartOf\":{\"@id\":\"https:\/\/www.clinicaginecologica.org\/ca\/#website\"},\"primaryImageOfPage\":{\"@id\":\"https:\/\/www.clinicaginecologica.org\/ca\/patologies\/que-es-el-virus-papilloma-huma\/#primaryimage\"},\"image\":{\"@id\":\"https:\/\/www.clinicaginecologica.org\/ca\/patologies\/que-es-el-virus-papilloma-huma\/#primaryimage\"},\"thumbnailUrl\":\"https:\/\/www.clinicaginecologica.org\/ca\/wp-content\/uploads\/sites\/2\/2017\/07\/VPH-cat.jpg\",\"datePublished\":\"2015-04-11T09:19:38+00:00\",\"dateModified\":\"2017-11-29T12:12:30+00:00\",\"breadcrumb\":{\"@id\":\"https:\/\/www.clinicaginecologica.org\/ca\/patologies\/que-es-el-virus-papilloma-huma\/#breadcrumb\"},\"inLanguage\":\"ca\",\"potentialAction\":[{\"@type\":\"ReadAction\",\"target\":[\"https:\/\/www.clinicaginecologica.org\/ca\/patologies\/que-es-el-virus-papilloma-huma\/\"]}]},{\"@type\":\"ImageObject\",\"inLanguage\":\"ca\",\"@id\":\"https:\/\/www.clinicaginecologica.org\/ca\/patologies\/que-es-el-virus-papilloma-huma\/#primaryimage\",\"url\":\"https:\/\/www.clinicaginecologica.org\/ca\/wp-content\/uploads\/sites\/2\/2017\/07\/VPH-cat.jpg\",\"contentUrl\":\"https:\/\/www.clinicaginecologica.org\/ca\/wp-content\/uploads\/sites\/2\/2017\/07\/VPH-cat.jpg\",\"width\":710,\"height\":355},{\"@type\":\"BreadcrumbList\",\"@id\":\"https:\/\/www.clinicaginecologica.org\/ca\/patologies\/que-es-el-virus-papilloma-huma\/#breadcrumb\",\"itemListElement\":[{\"@type\":\"ListItem\",\"position\":1,\"name\":\"Portada\",\"item\":\"https:\/\/www.clinicaginecologica.org\/ca\/\"},{\"@type\":\"ListItem\",\"position\":2,\"name\":\"Patologies\",\"item\":\"https:\/\/www.clinicaginecologica.org\/ca\/patologies\/\"},{\"@type\":\"ListItem\",\"position\":3,\"name\":\"Qu\u00e8 \u00e9s el virus papil\u00b7loma hum\u00e0?\"}]},{\"@type\":\"WebSite\",\"@id\":\"https:\/\/www.clinicaginecologica.org\/ca\/#website\",\"url\":\"https:\/\/www.clinicaginecologica.org\/ca\/\",\"name\":\"Cl\u00ednica Ginecol\u00f2gica\",\"description\":\"El seu ginec\u00f2leg a Barcelona\",\"potentialAction\":[{\"@type\":\"SearchAction\",\"target\":{\"@type\":\"EntryPoint\",\"urlTemplate\":\"https:\/\/www.clinicaginecologica.org\/ca\/?s={search_term_string}\"},\"query-input\":{\"@type\":\"PropertyValueSpecification\",\"valueRequired\":true,\"valueName\":\"search_term_string\"}}],\"inLanguage\":\"ca\"}]}<\/script>\n<!-- \/ Yoast SEO plugin. -->","yoast_head_json":{"title":"Qu\u00e8 \u00e9s el virus papil\u00b7loma hum\u00e0? - Cl\u00ednica Ginecol\u00f2gica","robots":{"index":"index","follow":"follow","max-snippet":"max-snippet:-1","max-image-preview":"max-image-preview:large","max-video-preview":"max-video-preview:-1"},"canonical":"https:\/\/www.clinicaginecologica.org\/ca\/patologies\/que-es-el-virus-papilloma-huma\/","og_locale":"ca_ES","og_type":"article","og_title":"Qu\u00e8 \u00e9s el virus papil\u00b7loma hum\u00e0? - Cl\u00ednica Ginecol\u00f2gica","og_description":"\u00a0 El Virus del Papil\u00b7loma Hum\u00e0 (VPH) El Papil\u00b7loma Hum\u00e0 \u00e9s una malaltia de transmissi\u00f3 sexual causada pel Virus del Papil\u00b7loma Hum\u00e0 (VPH), un grup viral que inclou m\u00e9s de 100 tipus diferents de virus, dels quals, m\u00e9s de 30 s\u00f3n transmesos sexualment i poden afectar a la zona anus-genital en homes i en dones. [&hellip;]","og_url":"https:\/\/www.clinicaginecologica.org\/ca\/patologies\/que-es-el-virus-papilloma-huma\/","og_site_name":"Cl\u00ednica Ginecol\u00f2gica","article_modified_time":"2017-11-29T12:12:30+00:00","og_image":[{"width":710,"height":355,"url":"https:\/\/www.clinicaginecologica.org\/ca\/wp-content\/uploads\/sites\/2\/2017\/07\/VPH-cat.jpg","type":"image\/jpeg"}],"twitter_card":"summary_large_image","twitter_misc":{"Temps estimat de lectura":"5 minuts"},"schema":{"@context":"https:\/\/schema.org","@graph":[{"@type":"WebPage","@id":"https:\/\/www.clinicaginecologica.org\/ca\/patologies\/que-es-el-virus-papilloma-huma\/","url":"https:\/\/www.clinicaginecologica.org\/ca\/patologies\/que-es-el-virus-papilloma-huma\/","name":"Qu\u00e8 \u00e9s el virus papil\u00b7loma hum\u00e0? - Cl\u00ednica Ginecol\u00f2gica","isPartOf":{"@id":"https:\/\/www.clinicaginecologica.org\/ca\/#website"},"primaryImageOfPage":{"@id":"https:\/\/www.clinicaginecologica.org\/ca\/patologies\/que-es-el-virus-papilloma-huma\/#primaryimage"},"image":{"@id":"https:\/\/www.clinicaginecologica.org\/ca\/patologies\/que-es-el-virus-papilloma-huma\/#primaryimage"},"thumbnailUrl":"https:\/\/www.clinicaginecologica.org\/ca\/wp-content\/uploads\/sites\/2\/2017\/07\/VPH-cat.jpg","datePublished":"2015-04-11T09:19:38+00:00","dateModified":"2017-11-29T12:12:30+00:00","breadcrumb":{"@id":"https:\/\/www.clinicaginecologica.org\/ca\/patologies\/que-es-el-virus-papilloma-huma\/#breadcrumb"},"inLanguage":"ca","potentialAction":[{"@type":"ReadAction","target":["https:\/\/www.clinicaginecologica.org\/ca\/patologies\/que-es-el-virus-papilloma-huma\/"]}]},{"@type":"ImageObject","inLanguage":"ca","@id":"https:\/\/www.clinicaginecologica.org\/ca\/patologies\/que-es-el-virus-papilloma-huma\/#primaryimage","url":"https:\/\/www.clinicaginecologica.org\/ca\/wp-content\/uploads\/sites\/2\/2017\/07\/VPH-cat.jpg","contentUrl":"https:\/\/www.clinicaginecologica.org\/ca\/wp-content\/uploads\/sites\/2\/2017\/07\/VPH-cat.jpg","width":710,"height":355},{"@type":"BreadcrumbList","@id":"https:\/\/www.clinicaginecologica.org\/ca\/patologies\/que-es-el-virus-papilloma-huma\/#breadcrumb","itemListElement":[{"@type":"ListItem","position":1,"name":"Portada","item":"https:\/\/www.clinicaginecologica.org\/ca\/"},{"@type":"ListItem","position":2,"name":"Patologies","item":"https:\/\/www.clinicaginecologica.org\/ca\/patologies\/"},{"@type":"ListItem","position":3,"name":"Qu\u00e8 \u00e9s el virus papil\u00b7loma hum\u00e0?"}]},{"@type":"WebSite","@id":"https:\/\/www.clinicaginecologica.org\/ca\/#website","url":"https:\/\/www.clinicaginecologica.org\/ca\/","name":"Cl\u00ednica Ginecol\u00f2gica","description":"El seu ginec\u00f2leg a Barcelona","potentialAction":[{"@type":"SearchAction","target":{"@type":"EntryPoint","urlTemplate":"https:\/\/www.clinicaginecologica.org\/ca\/?s={search_term_string}"},"query-input":{"@type":"PropertyValueSpecification","valueRequired":true,"valueName":"search_term_string"}}],"inLanguage":"ca"}]}},"_links":{"self":[{"href":"https:\/\/www.clinicaginecologica.org\/ca\/wp-json\/wp\/v2\/pages\/10334","targetHints":{"allow":["GET"]}}],"collection":[{"href":"https:\/\/www.clinicaginecologica.org\/ca\/wp-json\/wp\/v2\/pages"}],"about":[{"href":"https:\/\/www.clinicaginecologica.org\/ca\/wp-json\/wp\/v2\/types\/page"}],"author":[{"embeddable":true,"href":"https:\/\/www.clinicaginecologica.org\/ca\/wp-json\/wp\/v2\/users\/5"}],"replies":[{"embeddable":true,"href":"https:\/\/www.clinicaginecologica.org\/ca\/wp-json\/wp\/v2\/comments?post=10334"}],"version-history":[{"count":2,"href":"https:\/\/www.clinicaginecologica.org\/ca\/wp-json\/wp\/v2\/pages\/10334\/revisions"}],"predecessor-version":[{"id":11122,"href":"https:\/\/www.clinicaginecologica.org\/ca\/wp-json\/wp\/v2\/pages\/10334\/revisions\/11122"}],"up":[{"embeddable":true,"href":"https:\/\/www.clinicaginecologica.org\/ca\/wp-json\/wp\/v2\/pages\/8846"}],"wp:featuredmedia":[{"embeddable":true,"href":"https:\/\/www.clinicaginecologica.org\/ca\/wp-json\/wp\/v2\/media\/10340"}],"wp:attachment":[{"href":"https:\/\/www.clinicaginecologica.org\/ca\/wp-json\/wp\/v2\/media?parent=10334"}],"curies":[{"name":"wp","href":"https:\/\/api.w.org\/{rel}","templated":true}]}}